{"id":781083,"date":"2026-01-20T04:37:53","date_gmt":"2026-01-20T01:37:53","guid":{"rendered":"https:\/\/roveyayinevi.com.tr\/index.php\/urun\/yasamin-muhru\/"},"modified":"2026-01-22T03:58:06","modified_gmt":"2026-01-22T00:58:06","slug":"yasamin-muhru","status":"publish","type":"product","link":"https:\/\/roveyayinevi.com.tr\/index.php\/urun\/yasamin-muhru\/","title":{"rendered":"Ya\u015fam\u0131n M\u00fchr\u00fc"},"content":{"rendered":"<p>Ya\u015fam\u0131n M\u00fchr\u00fc, Zohar ba\u011flam\u0131nda Brit&#8217;i yaln\u0131zca biyolojik bir kesit olarak de\u011fil, m\u00fch\u00fcr, s\u0131n\u0131r ve ge\u00e7it i\u015flevleriyle ele almaktad\u0131r. \u00c7al\u0131\u015fma, Aramice pasuklar\u0131n sistematik adresleni\u015fi ve kavramsal dipnotlar\u0131 arac\u0131l\u0131\u011f\u0131yla, YesodMalchut ili\u015fkisini, Hayat A\u011fac\u0131 metaforunu, \u015eabat ile Sekizinci G\u00fcn aras\u0131ndaki kozmik ba\u011f\u0131 ve unutmahat\u0131rlama diyalekti\u011fini katmanl\u0131 bir bi\u00e7imde \u00e7\u00f6z\u00fcmlemektedir. D\u00f6rt ana eksen -Haz\u0131rl\u0131k, M\u00fch\u00fcr, Yeni G\u00f6r\u00fc\u015f, Kozmik Yank\u0131- \u00fczerinden yap\u0131land\u0131r\u0131lan bu inceleme, okura hem pedagojik bir referans haritas\u0131 hem de terminolojik tutarl\u0131k sunmaktad\u0131r. B\u00f6ylece rit\u00fcelin ard\u0131ndaki ilkenin, sembol\u00fcn ard\u0131ndaki ba\u011f\u0131n ve metnin i\u00e7sel d\u00fczeninin g\u00f6r\u00fcn\u00fcr k\u0131l\u0131nmas\u0131 ama\u00e7lanmaktad\u0131r. Bu eser, Zohar&#8217;\u0131n T\u00fcrk\u00e7e literat\u00fcr\u00fcndeki bo\u015flu\u011fu doldurmay\u0131 hedefleyen akademik nitelikli bir katk\u0131d\u0131r, ara\u015ft\u0131rmac\u0131lar ve ileri d\u00fczey \u00f6\u011frenciler i\u00e7in g\u00fcvenilir bir ba\u015fvuru kayna\u011f\u0131 i\u015flevi g\u00f6recektir.<\/p>\n","protected":false},"excerpt":{"rendered":"<p>Ya\u015fam\u0131n M\u00fchr\u00fc, Zohar ba\u011flam\u0131nda Brit&#8217;i yaln\u0131zca biyolojik bir kesit olarak de\u011fil, m\u00fch\u00fcr, s\u0131n\u0131r ve ge\u00e7it i\u015flevleriyle ele almaktad\u0131r. \u00c7al\u0131\u015fma, Aramice pasuklar\u0131n sistematik adresleni\u015fi ve kavramsal dipnotlar\u0131<span class=\"excerpt-hellip\"> [\u2026]<\/span><\/p>\n","protected":false},"featured_media":0,"template":"","meta":{"_monsterinsights_skip_tracking":false,"_monsterinsights_sitenote_active":false,"_monsterinsights_sitenote_note":"","_monsterinsights_sitenote_category":0},"product_brand":[],"product_cat":[12364,16154],"product_tag":[],"class_list":{"0":"post-781083","1":"product","2":"type-product","3":"status-publish","5":"product_cat-genel-konular","6":"product_cat-parapsikoloji","7":"pa_cilt-ciltsiz","8":"pa_tur-kitap","9":"pa_yayinevi-mitra-yayincilik","10":"pa_yazar-ahmet-suer","12":"first","13":"instock","14":"sale","15":"shipping-taxable","16":"purchasable","17":"product-type-simple"},"_links":{"self":[{"href":"https:\/\/roveyayinevi.com.tr\/index.php\/wp-json\/wp\/v2\/product\/781083","targetHints":{"allow":["GET"]}}],"collection":[{"href":"https:\/\/roveyayinevi.com.tr\/index.php\/wp-json\/wp\/v2\/product"}],"about":[{"href":"https:\/\/roveyayinevi.com.tr\/index.php\/wp-json\/wp\/v2\/types\/product"}],"wp:attachment":[{"href":"https:\/\/roveyayinevi.com.tr\/index.php\/wp-json\/wp\/v2\/media?parent=781083"}],"wp:term":[{"taxonomy":"product_brand","embeddable":true,"href":"https:\/\/roveyayinevi.com.tr\/index.php\/wp-json\/wp\/v2\/product_brand?post=781083"},{"taxonomy":"product_cat","embeddable":true,"href":"https:\/\/roveyayinevi.com.tr\/index.php\/wp-json\/wp\/v2\/product_cat?post=781083"},{"taxonomy":"product_tag","embeddable":true,"href":"https:\/\/roveyayinevi.com.tr\/index.php\/wp-json\/wp\/v2\/product_tag?post=781083"}],"curies":[{"name":"wp","href":"https:\/\/api.w.org\/{rel}","templated":true}]}}