{"id":781080,"date":"2026-01-20T04:37:48","date_gmt":"2026-01-20T01:37:48","guid":{"rendered":"https:\/\/roveyayinevi.com.tr\/index.php\/urun\/dikey-devinim\/"},"modified":"2026-04-15T03:45:30","modified_gmt":"2026-04-15T00:45:30","slug":"dikey-devinim","status":"publish","type":"product","link":"https:\/\/roveyayinevi.com.tr\/index.php\/urun\/dikey-devinim\/","title":{"rendered":"Dikey Devinim"},"content":{"rendered":"<p>\u201cElimden geleni yapt\u0131m ama aslan\u0131n g\u00f6r\u00fcnt\u00fcs\u00fcn\u00fc zihnimde canland\u0131ramad\u0131m.\u201d\u00c7a\u011fda\u015f \u00c7in edebiyat\u0131n\u0131n en dikkat \u00e7ekici ve yenilik\u00e7i isimlerinden Can Xue, Dikey Devinim\u2019le ilk kez T\u00fcrk\u00e7ede. R\u00fcya gibi atmosferlerde, ger\u00e7ekle hayalin birbirine kar\u0131\u015ft\u0131\u011f\u0131, g\u00fcndelik hayat\u0131n i\u00e7inden olmas\u0131na kar\u015f\u0131n i\u00e7inde bir nebze tuhafl\u0131k bar\u0131nd\u0131ran bu \u00f6yk\u00fclerde yazar\u0131n do\u011fayla kurdu\u011fu ba\u011f da \u00f6nemli bir yer tutuyor. Her y\u0131l Nobel Edebiyat \u00d6d\u00fcl\u00fc i\u00e7in en g\u00fc\u00e7l\u00fc adaylar aras\u0131nda g\u00f6sterilen Xue\u2019nin \u00f6yk\u00fcleri, zaman\u0131, mek\u00e2n\u0131 ve \u201cnormal\u201di b\u00fckebiliyor. Canl\u0131 yahut cans\u0131z her t\u00fcr varl\u0131k bir Can Xue \u00f6yk\u00fcs\u00fcn\u00fcn kahraman\u0131 olabilir. Onun \u00f6yk\u00fc evreninde herkesin ve her \u015feyin anlat\u0131lacak bir hik\u00e2yesi var.Uyurgezer sahibinin uyurken gelen ziyaret\u00e7isinden endi\u015fe duyan bir kedi, yerin alt\u0131nda b\u00fcy\u00fcyen g\u00fcller yeti\u015ftiren bir \u00e7ift, topra\u011f\u0131n alt\u0131nda dikey ilerlemeye karar veren bir termit, amcas\u0131n\u0131n havada s\u00fcz\u00fclen evine ziyarete giden bir \u00e7ocuk\u2026 Can Xue, yeralt\u0131ndan g\u00f6ky\u00fcz\u00fcne her yerde hayranl\u0131k uyand\u0131r\u0131c\u0131 bir hik\u00e2ye anlatabiliyor.\u201cCan Xue, y\u00fczy\u0131l\u0131n ortas\u0131ndaki \u00e7alkant\u0131lardan bu yana \u00c7in edebiyat\u0131nda ortaya \u00e7\u0131kan en \u00f6zg\u00fcn ses&#8230; K\u0131sacas\u0131, aram\u0131zda yeni bir usta var ve ad\u0131 Can Xue.\u201d \u2014Robert Coover\u201cE\u011fer \u00c7in\u2019in bir Nobel \u00f6d\u00fcl\u00fc kazanma ihtimali varsa, o ihtimal Can Xue\u2019dir.\u201d \u2014Susan Sontag<\/p>\n","protected":false},"excerpt":{"rendered":"<p>\u201cElimden geleni yapt\u0131m ama aslan\u0131n g\u00f6r\u00fcnt\u00fcs\u00fcn\u00fc zihnimde canland\u0131ramad\u0131m.\u201d\u00c7a\u011fda\u015f \u00c7in edebiyat\u0131n\u0131n en dikkat \u00e7ekici ve yenilik\u00e7i isimlerinden Can Xue, Dikey Devinim\u2019le ilk kez T\u00fcrk\u00e7ede. R\u00fcya gibi atmosferlerde,<span class=\"excerpt-hellip\"> [\u2026]<\/span><\/p>\n","protected":false},"featured_media":0,"template":"","meta":{"_monsterinsights_skip_tracking":false,"_monsterinsights_sitenote_active":false,"_monsterinsights_sitenote_note":"","_monsterinsights_sitenote_category":0},"product_brand":[],"product_cat":[12291,18202],"product_tag":[],"class_list":{"0":"post-781080","1":"product","2":"type-product","3":"status-publish","5":"product_cat-edebiyat","6":"product_cat-hikaye","7":"pa_cilt-ciltsiz","8":"pa_tur-kitap","9":"pa_yayinevi-everest-yayinlari","10":"pa_yazar-can-xue","12":"first","13":"instock","14":"sale","15":"shipping-taxable","16":"purchasable","17":"product-type-simple"},"_links":{"self":[{"href":"https:\/\/roveyayinevi.com.tr\/index.php\/wp-json\/wp\/v2\/product\/781080","targetHints":{"allow":["GET"]}}],"collection":[{"href":"https:\/\/roveyayinevi.com.tr\/index.php\/wp-json\/wp\/v2\/product"}],"about":[{"href":"https:\/\/roveyayinevi.com.tr\/index.php\/wp-json\/wp\/v2\/types\/product"}],"wp:attachment":[{"href":"https:\/\/roveyayinevi.com.tr\/index.php\/wp-json\/wp\/v2\/media?parent=781080"}],"wp:term":[{"taxonomy":"product_brand","embeddable":true,"href":"https:\/\/roveyayinevi.com.tr\/index.php\/wp-json\/wp\/v2\/product_brand?post=781080"},{"taxonomy":"product_cat","embeddable":true,"href":"https:\/\/roveyayinevi.com.tr\/index.php\/wp-json\/wp\/v2\/product_cat?post=781080"},{"taxonomy":"product_tag","embeddable":true,"href":"https:\/\/roveyayinevi.com.tr\/index.php\/wp-json\/wp\/v2\/product_tag?post=781080"}],"curies":[{"name":"wp","href":"https:\/\/api.w.org\/{rel}","templated":true}]}}