{"id":781079,"date":"2026-01-20T04:37:46","date_gmt":"2026-01-20T01:37:46","guid":{"rendered":"https:\/\/roveyayinevi.com.tr\/index.php\/urun\/koylulerden-fransizlara\/"},"modified":"2026-04-15T03:45:30","modified_gmt":"2026-04-15T00:45:30","slug":"koylulerden-fransizlara","status":"publish","type":"product","link":"https:\/\/roveyayinevi.com.tr\/index.php\/urun\/koylulerden-fransizlara\/","title":{"rendered":"K\u00f6yl\u00fclerden Frans\u0131zlara"},"content":{"rendered":"<p>Bat\u0131 uygarl\u0131\u011f\u0131 ve ideolojik geli\u015fimine ili\u015fkin \u00e7al\u0131\u015fmalar\u0131yla tan\u0131nan tarih\u00e7i Eugen Weber, yak\u0131n\u00e7a\u011fda ya\u015fanm\u0131\u015f en \u00f6nemli geli\u015fmelerden biri olan Frans\u0131z Devrimi\u2019nin ard\u0131ndan, Fransa\u2019n\u0131n bir modern ulus-devlet olma s\u00fcrecini ayr\u0131nt\u0131lar\u0131yla ele al\u0131yor. 19. y\u00fczy\u0131l boyunca Frans\u0131z kimli\u011fini olu\u015fturmak ad\u0131na merkezi h\u00fck\u00fcmetin kulland\u0131\u011f\u0131 aparatlar ve y\u00f6ntemler t\u00fcm ve\u00e7heleriyle inceleniyor. \u00d6ncelikli odak noktas\u0131 tar\u0131m toplumunu modern kentliler haline getirmek olan bu politikalar, ulus birli\u011fini sa\u011flamak ad\u0131na \u00fcniter idari yap\u0131, \u00f6rg\u00fcn e\u011fitim, zorunlu askerlik, tek resmi dil gibi b\u00fct\u00fcnle\u015ftirici uygulamalara ba\u015fvurdu. Birinci D\u00fcnya Sava\u015f\u0131n\u0131n ba\u015flang\u0131c\u0131na kadar devam edecek olan bu s\u00fcre\u00e7, modernle\u015fme hamleleri yapan ba\u015fka devletlere bir emsal olu\u015fturdu\u011fundan d\u00fcnya tarihinde belirleyici bir yere denk d\u00fc\u015f\u00fcyor. Bu \u00e7al\u0131\u015fma, yararland\u0131\u011f\u0131 say\u0131sal veriler ve olay bazl\u0131 olmayan anlat\u0131s\u0131 sayesinde, i\u00e7eri\u011fiyle oldu\u011fu kadar metodolojisiyle de fark yarat\u0131yor.<\/p>\n","protected":false},"excerpt":{"rendered":"<p>Bat\u0131 uygarl\u0131\u011f\u0131 ve ideolojik geli\u015fimine ili\u015fkin \u00e7al\u0131\u015fmalar\u0131yla tan\u0131nan tarih\u00e7i Eugen Weber, yak\u0131n\u00e7a\u011fda ya\u015fanm\u0131\u015f en \u00f6nemli geli\u015fmelerden biri olan Frans\u0131z Devrimi\u2019nin ard\u0131ndan, Fransa\u2019n\u0131n bir modern ulus-devlet olma<span class=\"excerpt-hellip\"> [\u2026]<\/span><\/p>\n","protected":false},"featured_media":0,"template":"","meta":{"_monsterinsights_skip_tracking":false,"_monsterinsights_sitenote_active":false,"_monsterinsights_sitenote_note":"","_monsterinsights_sitenote_category":0},"product_brand":[],"product_cat":[12370,12304],"product_tag":[],"class_list":{"0":"post-781079","1":"product","2":"type-product","3":"status-publish","5":"product_cat-arastirma-inceleme","6":"product_cat-tarih","7":"pa_cilt-ciltsiz","8":"pa_tur-kitap","9":"pa_yayinevi-alfa-yayinlari","10":"pa_yazar-eugen-weber","12":"first","13":"instock","14":"sale","15":"shipping-taxable","16":"purchasable","17":"product-type-simple"},"_links":{"self":[{"href":"https:\/\/roveyayinevi.com.tr\/index.php\/wp-json\/wp\/v2\/product\/781079","targetHints":{"allow":["GET"]}}],"collection":[{"href":"https:\/\/roveyayinevi.com.tr\/index.php\/wp-json\/wp\/v2\/product"}],"about":[{"href":"https:\/\/roveyayinevi.com.tr\/index.php\/wp-json\/wp\/v2\/types\/product"}],"wp:attachment":[{"href":"https:\/\/roveyayinevi.com.tr\/index.php\/wp-json\/wp\/v2\/media?parent=781079"}],"wp:term":[{"taxonomy":"product_brand","embeddable":true,"href":"https:\/\/roveyayinevi.com.tr\/index.php\/wp-json\/wp\/v2\/product_brand?post=781079"},{"taxonomy":"product_cat","embeddable":true,"href":"https:\/\/roveyayinevi.com.tr\/index.php\/wp-json\/wp\/v2\/product_cat?post=781079"},{"taxonomy":"product_tag","embeddable":true,"href":"https:\/\/roveyayinevi.com.tr\/index.php\/wp-json\/wp\/v2\/product_tag?post=781079"}],"curies":[{"name":"wp","href":"https:\/\/api.w.org\/{rel}","templated":true}]}}