{"id":781074,"date":"2026-01-20T04:37:37","date_gmt":"2026-01-20T01:37:37","guid":{"rendered":"https:\/\/roveyayinevi.com.tr\/index.php\/urun\/ansiklopedik-osmanli-imparatorlugu-sozlugu-ciltli\/"},"modified":"2026-04-15T03:45:30","modified_gmt":"2026-04-15T00:45:30","slug":"ansiklopedik-osmanli-imparatorlugu-sozlugu-ciltli","status":"publish","type":"product","link":"https:\/\/roveyayinevi.com.tr\/index.php\/urun\/ansiklopedik-osmanli-imparatorlugu-sozlugu-ciltli\/","title":{"rendered":"Ansiklopedik Osmanl\u0131 \u0130mparatorlu\u011fu S\u00f6zl\u00fc\u011f\u00fc (Ciltli)"},"content":{"rendered":"<p>175 uzman taraf\u0131ndan kaleme al\u0131nm\u0131\u015f bu kolektif \u00e7al\u0131\u015fma, Osmanl\u0131 \u0130mparatorlu\u011funu anlamak isteyen her ara\u015ft\u0131rmac\u0131, akademisyen ve \u00f6\u011frencinin ba\u015fvuraca\u011f\u0131 ba\u015fl\u0131ca kaynaklardan biri. Bu eser, yakla\u015f\u0131k 720 maddelik kapsam\u0131yla Osmanl\u0131\u2019n\u0131n \u00fc\u00e7 k\u0131taya yay\u0131lan imparatorluk yap\u0131s\u0131n\u0131, kurumlar\u0131n\u0131, toplumsal yap\u0131s\u0131n\u0131 ve entelekt\u00fcel tarihini tek bir ba\u015fvuru s\u00f6zl\u00fc\u011f\u00fcnde bulu\u015fturuyor. Osmanl\u0131 d\u00fcnyas\u0131n\u0131 bi\u00e7imlendiren de\u011fi\u015fkenleri hem giri\u015f d\u00fczeyinde de\u011ferlendirmek isteyenler hem de derinlemesine analiz arayanlar i\u00e7in vazge\u00e7ilmez bir rehber. Edit\u00f6rl\u00fc\u011f\u00fcn\u00fc Fran\u00e7ois Georgeon, Nicolas Vatin ve Gilles Veinstein\u2019in \u00fcstlendi\u011fi eser; haritalar, foto\u011fraflar, \u00e7izimler ve zengin bir bibliyografik altyap\u0131yla desteklenmi\u015f olarak okurlara sunuluyor. \u201cBug\u00fcn h\u00e2l\u00e2 g\u00fcn\u00fcm\u00fcz\u00fc etkileyen bu b\u00fcy\u00fcleyici imparatorlu\u011fun, kapsaml\u0131 ve b\u00fct\u00fcnl\u00fckl\u00fc bir tablosu.\u201d -Le Figaro \u201cUzmanlara y\u00f6nelik bir derleme ama bir\u00e7ok b\u00f6l\u00fcm\u00fc yaln\u0131zca merakl\u0131 okuru bile b\u00fcy\u00fcleyecektir.\u201d \u2013T\u00e9l\u00e9rama<\/p>\n","protected":false},"excerpt":{"rendered":"<p>175 uzman taraf\u0131ndan kaleme al\u0131nm\u0131\u015f bu kolektif \u00e7al\u0131\u015fma, Osmanl\u0131 \u0130mparatorlu\u011funu anlamak isteyen her ara\u015ft\u0131rmac\u0131, akademisyen ve \u00f6\u011frencinin ba\u015fvuraca\u011f\u0131 ba\u015fl\u0131ca kaynaklardan biri. Bu eser, yakla\u015f\u0131k 720 maddelik<span class=\"excerpt-hellip\"> [\u2026]<\/span><\/p>\n","protected":false},"featured_media":0,"template":"","meta":{"_monsterinsights_skip_tracking":false,"_monsterinsights_sitenote_active":false,"_monsterinsights_sitenote_note":"","_monsterinsights_sitenote_category":0},"product_brand":[],"product_cat":[13517,12304],"product_tag":[],"class_list":{"0":"post-781074","1":"product","2":"type-product","3":"status-publish","5":"product_cat-osmanli-tarihi","6":"product_cat-tarih","7":"pa_cilt-ciltli","8":"pa_tur-kitap","9":"pa_yayinevi-alfa-yayinlari","10":"pa_yazar-francois-georgeon-nicolas-vatin-gilles-veinstein","12":"first","13":"instock","14":"sale","15":"shipping-taxable","16":"purchasable","17":"product-type-simple"},"_links":{"self":[{"href":"https:\/\/roveyayinevi.com.tr\/index.php\/wp-json\/wp\/v2\/product\/781074","targetHints":{"allow":["GET"]}}],"collection":[{"href":"https:\/\/roveyayinevi.com.tr\/index.php\/wp-json\/wp\/v2\/product"}],"about":[{"href":"https:\/\/roveyayinevi.com.tr\/index.php\/wp-json\/wp\/v2\/types\/product"}],"wp:attachment":[{"href":"https:\/\/roveyayinevi.com.tr\/index.php\/wp-json\/wp\/v2\/media?parent=781074"}],"wp:term":[{"taxonomy":"product_brand","embeddable":true,"href":"https:\/\/roveyayinevi.com.tr\/index.php\/wp-json\/wp\/v2\/product_brand?post=781074"},{"taxonomy":"product_cat","embeddable":true,"href":"https:\/\/roveyayinevi.com.tr\/index.php\/wp-json\/wp\/v2\/product_cat?post=781074"},{"taxonomy":"product_tag","embeddable":true,"href":"https:\/\/roveyayinevi.com.tr\/index.php\/wp-json\/wp\/v2\/product_tag?post=781074"}],"curies":[{"name":"wp","href":"https:\/\/api.w.org\/{rel}","templated":true}]}}