{"id":781069,"date":"2026-01-20T04:37:27","date_gmt":"2026-01-20T01:37:27","guid":{"rendered":"https:\/\/roveyayinevi.com.tr\/index.php\/urun\/baliklari-olduren-kadin\/"},"modified":"2026-04-15T03:45:30","modified_gmt":"2026-04-15T00:45:30","slug":"baliklari-olduren-kadin","status":"publish","type":"product","link":"https:\/\/roveyayinevi.com.tr\/index.php\/urun\/baliklari-olduren-kadin\/","title":{"rendered":"Bal\u0131klar\u0131 \u00d6ld\u00fcren Kad\u0131n"},"content":{"rendered":"<p>&#8220;Bal\u0131klar\u0131 \u00f6ld\u00fcren kad\u0131n ne yaz\u0131k ki benim. Ama istemeden oldu\u011funa yemin ederim. Hi\u00e7 yapar m\u0131y\u0131m \u00f6yle bir \u015fey! Hi\u00e7bir canl\u0131y\u0131 \u00f6ld\u00fcrmeye cesaret edemem. Hamamb\u00f6ceklerine bile zor k\u0131yar\u0131m,&#8221; diye ba\u015fl\u0131yor Lispector \u00f6yk\u00fcs\u00fcne. Ve sevdi\u011fi, tan\u0131\u015ft\u0131\u011f\u0131 b\u00fct\u00fcn hayvanlar\u0131  \u2013kedileri, k\u00f6pekleri, ku\u015flar\u0131, tavuklar\u0131, maymunlar\u0131\u2013 anlatt\u0131ktan sonra soruyor bize: &#8220;Beni affedebilir misiniz?&#8221;20. y\u00fczy\u0131l\u0131n en \u00f6nemli Brezilyal\u0131 yazarlar\u0131ndan Clarice Lispector&#8217;un \u00e7ocuklar i\u00e7in kaleme ald\u0131\u011f\u0131 \u00f6yk\u00fcleri Emrah \u0130mre Portekizce asl\u0131ndan \u00e7evirdi.<\/p>\n","protected":false},"excerpt":{"rendered":"<p>&#8220;Bal\u0131klar\u0131 \u00f6ld\u00fcren kad\u0131n ne yaz\u0131k ki benim. Ama istemeden oldu\u011funa yemin ederim. Hi\u00e7 yapar m\u0131y\u0131m \u00f6yle bir \u015fey! Hi\u00e7bir canl\u0131y\u0131 \u00f6ld\u00fcrmeye cesaret edemem. Hamamb\u00f6ceklerine bile zor<span class=\"excerpt-hellip\"> [\u2026]<\/span><\/p>\n","protected":false},"featured_media":0,"template":"","meta":{"_monsterinsights_skip_tracking":false,"_monsterinsights_sitenote_active":false,"_monsterinsights_sitenote_note":"","_monsterinsights_sitenote_category":0},"product_brand":[],"product_cat":[141304],"product_tag":[],"class_list":{"0":"post-781069","1":"product","2":"type-product","3":"status-publish","5":"product_cat-yeni-cikanlar","6":"pa_cilt-ciltsiz","7":"pa_tur-kitap","8":"pa_yayinevi-can-cocuk-yayinlari","9":"pa_yazar-clarice-lispector","11":"first","12":"instock","13":"sale","14":"shipping-taxable","15":"purchasable","16":"product-type-simple"},"_links":{"self":[{"href":"https:\/\/roveyayinevi.com.tr\/index.php\/wp-json\/wp\/v2\/product\/781069","targetHints":{"allow":["GET"]}}],"collection":[{"href":"https:\/\/roveyayinevi.com.tr\/index.php\/wp-json\/wp\/v2\/product"}],"about":[{"href":"https:\/\/roveyayinevi.com.tr\/index.php\/wp-json\/wp\/v2\/types\/product"}],"wp:attachment":[{"href":"https:\/\/roveyayinevi.com.tr\/index.php\/wp-json\/wp\/v2\/media?parent=781069"}],"wp:term":[{"taxonomy":"product_brand","embeddable":true,"href":"https:\/\/roveyayinevi.com.tr\/index.php\/wp-json\/wp\/v2\/product_brand?post=781069"},{"taxonomy":"product_cat","embeddable":true,"href":"https:\/\/roveyayinevi.com.tr\/index.php\/wp-json\/wp\/v2\/product_cat?post=781069"},{"taxonomy":"product_tag","embeddable":true,"href":"https:\/\/roveyayinevi.com.tr\/index.php\/wp-json\/wp\/v2\/product_tag?post=781069"}],"curies":[{"name":"wp","href":"https:\/\/api.w.org\/{rel}","templated":true}]}}