{"id":781055,"date":"2026-01-20T04:36:57","date_gmt":"2026-01-20T01:36:57","guid":{"rendered":"https:\/\/roveyayinevi.com.tr\/index.php\/urun\/kritik-yillar\/"},"modified":"2026-04-15T03:45:29","modified_gmt":"2026-04-15T00:45:29","slug":"kritik-yillar","status":"publish","type":"product","link":"https:\/\/roveyayinevi.com.tr\/index.php\/urun\/kritik-yillar\/","title":{"rendered":"Kritik Y\u0131llar"},"content":{"rendered":"<p>Bir sabah \u00e7ocu\u011funuzun art\u0131k \u201ck\u00fc\u00e7\u00fck\u201d olmad\u0131\u011f\u0131n\u0131 fark edersiniz. S\u00f6zleri keskinle\u015fmi\u015f, duygular\u0131 karma\u015f\u0131kla\u015fm\u0131\u015ft\u0131r, davran\u0131\u015flar\u0131ysa sizi \u015fa\u015f\u0131rt\u0131r. Bir zamanlar sakin, ne\u015feli olan \u00e7ocu\u011funuz art\u0131k g\u00f6zya\u015flar\u0131n\u0131, \u00f6fkesini, endi\u015felerini anlamland\u0131ram\u0131yordur. Ve siz, onu nas\u0131l destekleyece\u011finizi bilemezsiniz. Bu kitap, tam da bu noktada rehberiniz olmak i\u00e7in yaz\u0131ld\u0131. Alt\u0131 ila on iki ya\u015f aras\u0131ndaki \u201corta \u00e7ocukluk\u201d d\u00f6nemi, geli\u015fim s\u00fcrecinin en \u00e7ok g\u00f6z ard\u0131 edilen ama en kritik basamaklar\u0131ndan biridir. \u00c7ocu\u011funuzun beyni, bedeni ve duygusal d\u00fcnyas\u0131 h\u0131zla de\u011fi\u015firken ergenli\u011fin ilk sinyalleri \u00e7oktan ba\u015flam\u0131\u015ft\u0131r. Bug\u00fcn att\u0131\u011f\u0131n\u0131z ad\u0131mlar, onun gelecekteki ruh sa\u011fl\u0131\u011f\u0131n\u0131n temellerini olu\u015fturur. Klinik psikolog ve \u00e7ocuk ruh sa\u011fl\u0131\u011f\u0131 uzman\u0131 Dr. Sheryl Gonzalez Ziegler, uzun y\u0131llara dayanan klinik deneyimlerinden yola \u00e7\u0131karak bu kitapta; \u2022              Orta \u00e7ocuklukta duygusal dalgalanmalar\u0131n nedenlerini, \u2022              Erken ergenli\u011fin beyinde ve bedende nas\u0131l ba\u015flad\u0131\u011f\u0131n\u0131, \u2022              G\u00fcn\u00fcm\u00fcz \u00e7ocuklar\u0131n\u0131n kar\u015f\u0131la\u015ft\u0131\u011f\u0131 stres, kayg\u0131, kimlik ve beden alg\u0131s\u0131 gibi konulara nas\u0131l yakla\u015f\u0131laca\u011f\u0131n\u0131, \u2022              Ve ebeveynlerin, \u00e7ocuklar\u0131n\u0131 bu ge\u00e7i\u015f s\u00fcrecinde nas\u0131l destekleyebilece\u011fini bilimsel bir temel ve pratik \u00f6nerilerle a\u00e7\u0131kl\u0131yor. Bu kitap, yaln\u0131zca \u00e7ocuklar\u0131 anlamak i\u00e7in de\u011fil, onlarla yeniden ba\u011f kurmak i\u00e7in bir davet. \u00c7\u00fcnk\u00fc \u00e7ocuklu\u011fun orta y\u0131llar\u0131 \u201cara d\u00f6nem\u201d de\u011fil, gelece\u011fin duygusal dayan\u0131kl\u0131l\u0131\u011f\u0131n\u0131n in\u015fa edildi\u011fi kritik y\u0131llard\u0131r.<\/p>\n","protected":false},"excerpt":{"rendered":"<p>Bir sabah \u00e7ocu\u011funuzun art\u0131k \u201ck\u00fc\u00e7\u00fck\u201d olmad\u0131\u011f\u0131n\u0131 fark edersiniz. S\u00f6zleri keskinle\u015fmi\u015f, duygular\u0131 karma\u015f\u0131kla\u015fm\u0131\u015ft\u0131r, davran\u0131\u015flar\u0131ysa sizi \u015fa\u015f\u0131rt\u0131r. Bir zamanlar sakin, ne\u015feli olan \u00e7ocu\u011funuz art\u0131k g\u00f6zya\u015flar\u0131n\u0131, \u00f6fkesini, endi\u015felerini anlamland\u0131ram\u0131yordur.<span class=\"excerpt-hellip\"> [\u2026]<\/span><\/p>\n","protected":false},"featured_media":0,"template":"","meta":{"_monsterinsights_skip_tracking":false,"_monsterinsights_sitenote_active":false,"_monsterinsights_sitenote_note":"","_monsterinsights_sitenote_category":0},"product_brand":[],"product_cat":[12357],"product_tag":[],"class_list":{"0":"post-781055","1":"product","2":"type-product","3":"status-publish","5":"product_cat-psikoloji","6":"pa_cilt-ciltsiz","7":"pa_tur-kitap","8":"pa_yayinevi-mona-kitap","9":"pa_yazar-sheryl-gonzalez-ziegler","11":"first","12":"instock","13":"sale","14":"shipping-taxable","15":"purchasable","16":"product-type-simple"},"_links":{"self":[{"href":"https:\/\/roveyayinevi.com.tr\/index.php\/wp-json\/wp\/v2\/product\/781055","targetHints":{"allow":["GET"]}}],"collection":[{"href":"https:\/\/roveyayinevi.com.tr\/index.php\/wp-json\/wp\/v2\/product"}],"about":[{"href":"https:\/\/roveyayinevi.com.tr\/index.php\/wp-json\/wp\/v2\/types\/product"}],"wp:attachment":[{"href":"https:\/\/roveyayinevi.com.tr\/index.php\/wp-json\/wp\/v2\/media?parent=781055"}],"wp:term":[{"taxonomy":"product_brand","embeddable":true,"href":"https:\/\/roveyayinevi.com.tr\/index.php\/wp-json\/wp\/v2\/product_brand?post=781055"},{"taxonomy":"product_cat","embeddable":true,"href":"https:\/\/roveyayinevi.com.tr\/index.php\/wp-json\/wp\/v2\/product_cat?post=781055"},{"taxonomy":"product_tag","embeddable":true,"href":"https:\/\/roveyayinevi.com.tr\/index.php\/wp-json\/wp\/v2\/product_tag?post=781055"}],"curies":[{"name":"wp","href":"https:\/\/api.w.org\/{rel}","templated":true}]}}