{"id":781043,"date":"2026-01-20T04:36:33","date_gmt":"2026-01-20T01:36:33","guid":{"rendered":"https:\/\/roveyayinevi.com.tr\/index.php\/urun\/z-kusaginin-sozunden\/"},"modified":"2026-04-15T03:45:29","modified_gmt":"2026-04-15T00:45:29","slug":"z-kusaginin-sozunden","status":"publish","type":"product","link":"https:\/\/roveyayinevi.com.tr\/index.php\/urun\/z-kusaginin-sozunden\/","title":{"rendered":"Z Ku\u015fa\u011f\u0131n\u0131n S\u00f6z\u00fcnden"},"content":{"rendered":"<p>\u0130\u015f d\u00fcnyas\u0131na Z ku\u015fa\u011f\u0131n\u0131n g\u00f6z\u00fcnden bakmaya haz\u0131r m\u0131s\u0131n\u0131z? Bu kitap, sadece bir ku\u015fa\u011f\u0131 anlamak i\u00e7in de\u011fil; gelece\u011fin \u00e7al\u0131\u015fma hayat\u0131n\u0131 birlikte kurmak i\u00e7in yaz\u0131ld\u0131. Toplant\u0131larda s\u00f6ylenmeyen d\u00fc\u015f\u00fcnceler, k\u0131sa ama \u00e7ok \u015fey anlatan mesajlar, kurum k\u00fclt\u00fcr\u00fcyle \u00e7eli\u015fen beklentiler, h\u0131z \u00e7a\u011f\u0131nda anlam arayan gen\u00e7 profesyoneller\u2026 Hepsi bu sayfalarda. Her b\u00f6l\u00fcmde Z ku\u015fa\u011f\u0131n\u0131n i\u00e7 sesine tan\u0131k olacak, bilimsel verilerle g\u00fc\u00e7lenen yeni bak\u0131\u015f a\u00e7\u0131lar\u0131 kazanacaks\u0131n\u0131z. Ve her b\u00f6l\u00fcm\u00fcn sonunda yer alan g\u00fc\u00e7l\u00fc sorular, sizi d\u00fc\u015f\u00fcnmeye ve eyleme ge\u00e7meye davet edecek. Sessiz \u201cg\u00f6r\u00fcld\u00fc\u201dler, cevap bekleyen mesajlar, dijital yorgunluklar, d\u00f6n\u00fc\u015f\u00fcm\u00fcn\u00fc tamamlamam\u0131\u015f kurum k\u00fclt\u00fcrleri\u2026 Z Ku\u015fa\u011f\u0131\u2019n\u0131n i\u015f ya\u015fam\u0131na getirdi\u011fi bu yeni ger\u00e7eklikleri anlamak, gelece\u011fin liderleri i\u00e7in bir tercih de\u011fil, zorunluluk. Bu kitap, o yeni ger\u00e7ekli\u011fin s\u00f6zl\u00fc\u011f\u00fc niteli\u011finde; hissedilenler, ifade edilenler ve ifade edilmeden kalanlar\u0131n bir aynas\u0131. Liderler, \u00e7al\u0131\u015fanlar, insan kaynaklar\u0131 profesyonelleri ve i\u015f ya\u015fam\u0131na ad\u0131m atacak herkes i\u00e7in: Bu kitap hem bir s\u00f6zl\u00fck hem bir rehber hem de ku\u015faklar aras\u0131nda kurulan bir k\u00f6pr\u00fc.<\/p>\n","protected":false},"excerpt":{"rendered":"<p>\u0130\u015f d\u00fcnyas\u0131na Z ku\u015fa\u011f\u0131n\u0131n g\u00f6z\u00fcnden bakmaya haz\u0131r m\u0131s\u0131n\u0131z? Bu kitap, sadece bir ku\u015fa\u011f\u0131 anlamak i\u00e7in de\u011fil; gelece\u011fin \u00e7al\u0131\u015fma hayat\u0131n\u0131 birlikte kurmak i\u00e7in yaz\u0131ld\u0131. Toplant\u0131larda s\u00f6ylenmeyen d\u00fc\u015f\u00fcnceler,<span class=\"excerpt-hellip\"> [\u2026]<\/span><\/p>\n","protected":false},"featured_media":0,"template":"","meta":{"_monsterinsights_skip_tracking":false,"_monsterinsights_sitenote_active":false,"_monsterinsights_sitenote_note":"","_monsterinsights_sitenote_category":0},"product_brand":[],"product_cat":[12364,12376],"product_tag":[],"class_list":{"0":"post-781043","1":"product","2":"type-product","3":"status-publish","5":"product_cat-genel-konular","6":"product_cat-kisisel-gelisim","7":"pa_cilt-ciltsiz","8":"pa_tur-kitap","9":"pa_yayinevi-elpis-yayinlari","10":"pa_yazar-cansin-duman","12":"first","13":"instock","14":"sale","15":"shipping-taxable","16":"purchasable","17":"product-type-simple"},"_links":{"self":[{"href":"https:\/\/roveyayinevi.com.tr\/index.php\/wp-json\/wp\/v2\/product\/781043","targetHints":{"allow":["GET"]}}],"collection":[{"href":"https:\/\/roveyayinevi.com.tr\/index.php\/wp-json\/wp\/v2\/product"}],"about":[{"href":"https:\/\/roveyayinevi.com.tr\/index.php\/wp-json\/wp\/v2\/types\/product"}],"wp:attachment":[{"href":"https:\/\/roveyayinevi.com.tr\/index.php\/wp-json\/wp\/v2\/media?parent=781043"}],"wp:term":[{"taxonomy":"product_brand","embeddable":true,"href":"https:\/\/roveyayinevi.com.tr\/index.php\/wp-json\/wp\/v2\/product_brand?post=781043"},{"taxonomy":"product_cat","embeddable":true,"href":"https:\/\/roveyayinevi.com.tr\/index.php\/wp-json\/wp\/v2\/product_cat?post=781043"},{"taxonomy":"product_tag","embeddable":true,"href":"https:\/\/roveyayinevi.com.tr\/index.php\/wp-json\/wp\/v2\/product_tag?post=781043"}],"curies":[{"name":"wp","href":"https:\/\/api.w.org\/{rel}","templated":true}]}}