{"id":781042,"date":"2026-01-20T04:36:28","date_gmt":"2026-01-20T01:36:28","guid":{"rendered":"https:\/\/roveyayinevi.com.tr\/index.php\/urun\/ugruna-siirler-yazdigim-kadin\/"},"modified":"2026-04-15T03:45:29","modified_gmt":"2026-04-15T00:45:29","slug":"ugruna-siirler-yazdigim-kadin","status":"publish","type":"product","link":"https:\/\/roveyayinevi.com.tr\/index.php\/urun\/ugruna-siirler-yazdigim-kadin\/","title":{"rendered":"U\u011fruna \u015eiirler Yazd\u0131\u011f\u0131m Kad\u0131n"},"content":{"rendered":"<p>Sevdalar\u0131m Bana; Zaman zaman Mutluluk, \u00c7o\u011fu zaman da, Ac\u0131 Ve G\u00f6zya\u015f\u0131.   Sevdal\u0131m ise; Sonsuz Sevgi Ve Mutluluk Verdi.<\/p>\n","protected":false},"excerpt":{"rendered":"<p>Sevdalar\u0131m Bana; Zaman zaman Mutluluk, \u00c7o\u011fu zaman da, Ac\u0131 Ve G\u00f6zya\u015f\u0131. Sevdal\u0131m ise; Sonsuz Sevgi Ve Mutluluk Verdi.<\/p>\n","protected":false},"featured_media":0,"template":"","meta":{"_monsterinsights_skip_tracking":false,"_monsterinsights_sitenote_active":false,"_monsterinsights_sitenote_note":"","_monsterinsights_sitenote_category":0},"product_brand":[],"product_cat":[12291,12509],"product_tag":[],"class_list":{"0":"post-781042","1":"product","2":"type-product","3":"status-publish","5":"product_cat-edebiyat","6":"product_cat-siir","7":"pa_cilt-ciltsiz","8":"pa_tur-kitap","9":"pa_yayinevi-elpis-yayinlari","10":"pa_yazar-haluk-atamozer","12":"first","13":"instock","14":"sale","15":"shipping-taxable","16":"purchasable","17":"product-type-simple"},"_links":{"self":[{"href":"https:\/\/roveyayinevi.com.tr\/index.php\/wp-json\/wp\/v2\/product\/781042","targetHints":{"allow":["GET"]}}],"collection":[{"href":"https:\/\/roveyayinevi.com.tr\/index.php\/wp-json\/wp\/v2\/product"}],"about":[{"href":"https:\/\/roveyayinevi.com.tr\/index.php\/wp-json\/wp\/v2\/types\/product"}],"wp:attachment":[{"href":"https:\/\/roveyayinevi.com.tr\/index.php\/wp-json\/wp\/v2\/media?parent=781042"}],"wp:term":[{"taxonomy":"product_brand","embeddable":true,"href":"https:\/\/roveyayinevi.com.tr\/index.php\/wp-json\/wp\/v2\/product_brand?post=781042"},{"taxonomy":"product_cat","embeddable":true,"href":"https:\/\/roveyayinevi.com.tr\/index.php\/wp-json\/wp\/v2\/product_cat?post=781042"},{"taxonomy":"product_tag","embeddable":true,"href":"https:\/\/roveyayinevi.com.tr\/index.php\/wp-json\/wp\/v2\/product_tag?post=781042"}],"curies":[{"name":"wp","href":"https:\/\/api.w.org\/{rel}","templated":true}]}}