{"id":781040,"date":"2026-01-20T04:36:20","date_gmt":"2026-01-20T01:36:20","guid":{"rendered":"https:\/\/roveyayinevi.com.tr\/index.php\/urun\/haldun-tanerin-hikayelerinde-ironi\/"},"modified":"2026-04-15T03:45:29","modified_gmt":"2026-04-15T00:45:29","slug":"haldun-tanerin-hikayelerinde-ironi","status":"publish","type":"product","link":"https:\/\/roveyayinevi.com.tr\/index.php\/urun\/haldun-tanerin-hikayelerinde-ironi\/","title":{"rendered":"Haldun Taner\u2019in Hikayelerinde \u0130roni"},"content":{"rendered":"<p>Haldun Taner. O, T\u00fcrk edebiyat\u0131n\u0131n en usta \u00f6yk\u00fcc\u00fclerinden biri olman\u0131n \u00f6tesinde, ironiyi bir sanat bi\u00e7imine d\u00f6n\u00fc\u015ft\u00fcren keskin bir toplumsal g\u00f6zlemci. Onun hik\u00e2yeleri yaln\u0131zca g\u00fcld\u00fcrmez; d\u00fc\u015f\u00fcnd\u00fcr\u00fcr, sarsar ve okuru y\u00fczeyin alt\u0131na inmeye \u00e7a\u011f\u0131r\u0131r. Peki, Taner&#8217;i \u00e7a\u011fda\u015flar\u0131ndan ay\u0131ran neydi? \u0130roniyi, hakikati b\u00fcy\u00fcten bir prizma gibi kullan\u0131\u015f\u0131. Taner, insan\u0131 hem y\u00fczeyde hem derinde yakalar; bireyin i\u00e7 \u00e7at\u0131\u015fmalar\u0131yla toplumun g\u00f6r\u00fcnmez \u00e7eli\u015fkilerini ustal\u0131kla harmanlar. Mizah\u0131, bireyin \u00e7aresizli\u011fini sistemin \u00e7arp\u0131kl\u0131\u011f\u0131yla y\u00fczle\u015ftiren bir ayna yapar. Bu kitap, Haldun Taner\u2019in Hik\u00e2yelerinde \u0130roni, yazar\u0131n bu keskin arac\u0131 bir \u201cg\u00fcl\u00fcmseyi\u015fin arkas\u0131ndaki ac\u0131\u201dya d\u00f6n\u00fc\u015ft\u00fcrme bi\u00e7imini inceliyor. Haldun Taner\u2019in kelimeleriyle insan\u0131n \u00f6z\u00fcne bak\u0131yoruz. \u00c7\u00fcnk\u00fc bazen bir tebess\u00fcm, ger\u00e7e\u011fi s\u00f6ylemenin en zarif y\u00f6ntemidir. Ya da onun deyimiyle: \u201cPes!\u201d Ne de olsa onun i\u00e7in g\u00fclmek, anlamla alay etmenin en incelikli yoluydu\u2026<\/p>\n","protected":false},"excerpt":{"rendered":"<p>Haldun Taner. O, T\u00fcrk edebiyat\u0131n\u0131n en usta \u00f6yk\u00fcc\u00fclerinden biri olman\u0131n \u00f6tesinde, ironiyi bir sanat bi\u00e7imine d\u00f6n\u00fc\u015ft\u00fcren keskin bir toplumsal g\u00f6zlemci. Onun hik\u00e2yeleri yaln\u0131zca g\u00fcld\u00fcrmez; d\u00fc\u015f\u00fcnd\u00fcr\u00fcr, sarsar<span class=\"excerpt-hellip\"> [\u2026]<\/span><\/p>\n","protected":false},"featured_media":0,"template":"","meta":{"_monsterinsights_skip_tracking":false,"_monsterinsights_sitenote_active":false,"_monsterinsights_sitenote_note":"","_monsterinsights_sitenote_category":0},"product_brand":[],"product_cat":[12291,12711],"product_tag":[],"class_list":{"0":"post-781040","1":"product","2":"type-product","3":"status-publish","5":"product_cat-edebiyat","6":"product_cat-roman-oyku","7":"pa_cilt-ciltsiz","8":"pa_tur-kitap","9":"pa_yayinevi-elpis-yayinlari","10":"pa_yazar-ali-dogan","12":"first","13":"instock","14":"sale","15":"shipping-taxable","16":"purchasable","17":"product-type-simple"},"_links":{"self":[{"href":"https:\/\/roveyayinevi.com.tr\/index.php\/wp-json\/wp\/v2\/product\/781040","targetHints":{"allow":["GET"]}}],"collection":[{"href":"https:\/\/roveyayinevi.com.tr\/index.php\/wp-json\/wp\/v2\/product"}],"about":[{"href":"https:\/\/roveyayinevi.com.tr\/index.php\/wp-json\/wp\/v2\/types\/product"}],"wp:attachment":[{"href":"https:\/\/roveyayinevi.com.tr\/index.php\/wp-json\/wp\/v2\/media?parent=781040"}],"wp:term":[{"taxonomy":"product_brand","embeddable":true,"href":"https:\/\/roveyayinevi.com.tr\/index.php\/wp-json\/wp\/v2\/product_brand?post=781040"},{"taxonomy":"product_cat","embeddable":true,"href":"https:\/\/roveyayinevi.com.tr\/index.php\/wp-json\/wp\/v2\/product_cat?post=781040"},{"taxonomy":"product_tag","embeddable":true,"href":"https:\/\/roveyayinevi.com.tr\/index.php\/wp-json\/wp\/v2\/product_tag?post=781040"}],"curies":[{"name":"wp","href":"https:\/\/api.w.org\/{rel}","templated":true}]}}