{"id":781038,"date":"2026-01-20T04:36:12","date_gmt":"2026-01-20T01:36:12","guid":{"rendered":"https:\/\/roveyayinevi.com.tr\/index.php\/urun\/dostlugun-gucu\/"},"modified":"2026-04-12T03:35:49","modified_gmt":"2026-04-12T00:35:49","slug":"dostlugun-gucu","status":"publish","type":"product","link":"https:\/\/roveyayinevi.com.tr\/index.php\/urun\/dostlugun-gucu\/","title":{"rendered":"Dostlu\u011fun G\u00fcc\u00fc"},"content":{"rendered":"<p>Bu hik\u00e2ye t\u00fcm \u00e7ocuklara dostluk ve dayan\u0131\u015fman\u0131n \u00f6nemini anlatmak i\u00e7in yaz\u0131ld\u0131. \u0130\u00e7ten bir kaple okuyan her \u00e7ocuk, kendini bu dostluk yolculu\u011funun bir par\u00e7acas\u0131 gibi hissedecek&#8230;   Ulya Nur&#8217;un kalemi Burcu Islah\u2019\u0131n \u00e7izimleriyle Dostlu\u011fun G\u00fcc\u00fc sizlerle&#8230;<\/p>\n","protected":false},"excerpt":{"rendered":"<p>Bu hik\u00e2ye t\u00fcm \u00e7ocuklara dostluk ve dayan\u0131\u015fman\u0131n \u00f6nemini anlatmak i\u00e7in yaz\u0131ld\u0131. \u0130\u00e7ten bir kaple okuyan her \u00e7ocuk, kendini bu dostluk yolculu\u011funun bir par\u00e7acas\u0131 gibi hissedecek&#8230; Ulya<span class=\"excerpt-hellip\"> [\u2026]<\/span><\/p>\n","protected":false},"featured_media":0,"template":"","meta":{"_monsterinsights_skip_tracking":false,"_monsterinsights_sitenote_active":false,"_monsterinsights_sitenote_note":"","_monsterinsights_sitenote_category":0},"product_brand":[],"product_cat":[12291,12711],"product_tag":[],"class_list":{"0":"post-781038","1":"product","2":"type-product","3":"status-publish","5":"product_cat-edebiyat","6":"product_cat-roman-oyku","7":"pa_cilt-ciltsiz","8":"pa_tur-kitap","9":"pa_yayinevi-perseus","10":"pa_yazar-ulya-nur","12":"first","13":"instock","14":"sale","15":"shipping-taxable","16":"purchasable","17":"product-type-simple"},"_links":{"self":[{"href":"https:\/\/roveyayinevi.com.tr\/index.php\/wp-json\/wp\/v2\/product\/781038","targetHints":{"allow":["GET"]}}],"collection":[{"href":"https:\/\/roveyayinevi.com.tr\/index.php\/wp-json\/wp\/v2\/product"}],"about":[{"href":"https:\/\/roveyayinevi.com.tr\/index.php\/wp-json\/wp\/v2\/types\/product"}],"wp:attachment":[{"href":"https:\/\/roveyayinevi.com.tr\/index.php\/wp-json\/wp\/v2\/media?parent=781038"}],"wp:term":[{"taxonomy":"product_brand","embeddable":true,"href":"https:\/\/roveyayinevi.com.tr\/index.php\/wp-json\/wp\/v2\/product_brand?post=781038"},{"taxonomy":"product_cat","embeddable":true,"href":"https:\/\/roveyayinevi.com.tr\/index.php\/wp-json\/wp\/v2\/product_cat?post=781038"},{"taxonomy":"product_tag","embeddable":true,"href":"https:\/\/roveyayinevi.com.tr\/index.php\/wp-json\/wp\/v2\/product_tag?post=781038"}],"curies":[{"name":"wp","href":"https:\/\/api.w.org\/{rel}","templated":true}]}}