{"id":781037,"date":"2026-01-20T04:36:10","date_gmt":"2026-01-20T01:36:10","guid":{"rendered":"https:\/\/roveyayinevi.com.tr\/index.php\/urun\/aydin-yalcinin-liberalizm-anlayisi\/"},"modified":"2026-04-15T03:45:29","modified_gmt":"2026-04-15T00:45:29","slug":"aydin-yalcinin-liberalizm-anlayisi","status":"publish","type":"product","link":"https:\/\/roveyayinevi.com.tr\/index.php\/urun\/aydin-yalcinin-liberalizm-anlayisi\/","title":{"rendered":"Ayd\u0131n Yal\u00e7\u0131n&#8217;\u0131n Liberalizm Anlay\u0131\u015f\u0131"},"content":{"rendered":"<p>T\u00fcrkiye\u2019de liberalizm, \u00e7o\u011fu zaman Bat\u0131\u2019daki teorik k\u00f6kenlerinden farkl\u0131la\u015farak, T\u00fcrk siyasal k\u00fclt\u00fcr\u00fcn\u00fcn yerel unsurlar\u0131yla harmanlanm\u0131\u015f ve &#8220;bize \u00f6zg\u00fc&#8221; bir karakter sergilemi\u015ftir. Bu topraklarda &#8220;liberal&#8221; olarak an\u0131lan pek \u00e7ok ayd\u0131n, liberalizmin evrensel ilkeleriyle \u00e7eli\u015febilen, devlet\u00e7i veya milliyet\u00e7i reflekslerle \u00f6r\u00fcl\u00fc eklektik bir d\u00fc\u015f\u00fcnce d\u00fcnyas\u0131na sahiptir. Bu \u00f6zg\u00fcn ve karma\u015f\u0131k gelene\u011fin en \u00f6nemli temsilcilerinden biri ise \u015f\u00fcphesiz Ayd\u0131n Yal\u00e7\u0131n\u2019d\u0131r. Nesli\u015fah \u0130skender, bu kapsaml\u0131 \u00e7al\u0131\u015fmas\u0131nda, kendisini &#8220;liberal felsefeye candan inanan bir ki\u015fi&#8221; olarak tan\u0131mlayan Ayd\u0131n Yal\u00e7\u0131n\u2019\u0131n d\u00fc\u015f\u00fcnce d\u00fcnyas\u0131n\u0131n katmanlar\u0131n\u0131 aral\u0131yor. Yazar, Yal\u00e7\u0131n\u2019\u0131n Forum dergisinden Yeni Forum\u2019a uzanan entelekt\u00fcel ser\u00fcvenini mercek alt\u0131na al\u0131rken cesur bir sorunun pe\u015fine d\u00fc\u015f\u00fcyor: Ayd\u0131n Yal\u00e7\u0131n, evrensel bir liberal midir, yoksa T\u00fcrk ayd\u0131n modelinin tipik bir devam\u0131 m\u0131d\u0131r? Kitap, Yal\u00e7\u0131n\u2019\u0131n Anglo-Sakson demokrasisine duydu\u011fu hayranl\u0131k ile T\u00fcrk devlet gelene\u011fine olan ba\u011fl\u0131l\u0131\u011f\u0131 aras\u0131ndaki gerilimi, darbeler kar\u015f\u0131s\u0131ndaki tart\u0131\u015fmal\u0131 tutumunu ve anti-kom\u00fcnizm m\u00fccadelesini birinci el kaynaklar \u0131\u015f\u0131\u011f\u0131nda irdeliyor. Ayd\u0131n Yal\u00e7\u0131n \u00fczerine yap\u0131lm\u0131\u015f en detayl\u0131 inceleme niteli\u011findeki bu eser, sadece bir d\u00fc\u015f\u00fcn\u00fcr\u00fcn portresini \u00e7izmekle kalm\u0131yor, ayn\u0131 zamanda T\u00fcrk liberalleri aras\u0131ndaki yol ayr\u0131mlar\u0131n\u0131 ve T\u00fcrk ayd\u0131n\u0131n\u0131n zihinsel haritas\u0131n\u0131 da g\u00f6zler \u00f6n\u00fcne seriyor.<\/p>\n","protected":false},"excerpt":{"rendered":"<p>T\u00fcrkiye\u2019de liberalizm, \u00e7o\u011fu zaman Bat\u0131\u2019daki teorik k\u00f6kenlerinden farkl\u0131la\u015farak, T\u00fcrk siyasal k\u00fclt\u00fcr\u00fcn\u00fcn yerel unsurlar\u0131yla harmanlanm\u0131\u015f ve &#8220;bize \u00f6zg\u00fc&#8221; bir karakter sergilemi\u015ftir. Bu topraklarda &#8220;liberal&#8221; olarak an\u0131lan pek<span class=\"excerpt-hellip\"> [\u2026]<\/span><\/p>\n","protected":false},"featured_media":0,"template":"","meta":{"_monsterinsights_skip_tracking":false,"_monsterinsights_sitenote_active":false,"_monsterinsights_sitenote_note":"","_monsterinsights_sitenote_category":0},"product_brand":[],"product_cat":[13590,12337],"product_tag":[],"class_list":{"0":"post-781037","1":"product","2":"type-product","3":"status-publish","5":"product_cat-arastirma-inceleme-politika-siyaset","6":"product_cat-politika-siyaset","7":"pa_cilt-ciltsiz","8":"pa_tur-kitap","9":"pa_yayinevi-liberte-yayinlari","10":"pa_yazar-neslisah-iskender","12":"first","13":"instock","14":"sale","15":"shipping-taxable","16":"purchasable","17":"product-type-simple"},"_links":{"self":[{"href":"https:\/\/roveyayinevi.com.tr\/index.php\/wp-json\/wp\/v2\/product\/781037","targetHints":{"allow":["GET"]}}],"collection":[{"href":"https:\/\/roveyayinevi.com.tr\/index.php\/wp-json\/wp\/v2\/product"}],"about":[{"href":"https:\/\/roveyayinevi.com.tr\/index.php\/wp-json\/wp\/v2\/types\/product"}],"wp:attachment":[{"href":"https:\/\/roveyayinevi.com.tr\/index.php\/wp-json\/wp\/v2\/media?parent=781037"}],"wp:term":[{"taxonomy":"product_brand","embeddable":true,"href":"https:\/\/roveyayinevi.com.tr\/index.php\/wp-json\/wp\/v2\/product_brand?post=781037"},{"taxonomy":"product_cat","embeddable":true,"href":"https:\/\/roveyayinevi.com.tr\/index.php\/wp-json\/wp\/v2\/product_cat?post=781037"},{"taxonomy":"product_tag","embeddable":true,"href":"https:\/\/roveyayinevi.com.tr\/index.php\/wp-json\/wp\/v2\/product_tag?post=781037"}],"curies":[{"name":"wp","href":"https:\/\/api.w.org\/{rel}","templated":true}]}}