{"id":781033,"date":"2026-01-20T04:36:00","date_gmt":"2026-01-20T01:36:00","guid":{"rendered":"https:\/\/roveyayinevi.com.tr\/index.php\/urun\/adimperest-ciltli-organik-kitap\/"},"modified":"2026-04-15T03:45:29","modified_gmt":"2026-04-15T00:45:29","slug":"adimperest-ciltli-organik-kitap","status":"publish","type":"product","link":"https:\/\/roveyayinevi.com.tr\/index.php\/urun\/adimperest-ciltli-organik-kitap\/","title":{"rendered":"Ad\u0131mperest (Ciltli &#8211; Organik Kitap)"},"content":{"rendered":"<p>Kalbiyle y\u00fcr\u00fcyenlerin kitab\u0131. Baz\u0131 ad\u0131mlar sessizdir, sadece kalpten duyulur. Ege, herkesin kolayca y\u00fcr\u00fcd\u00fc\u011f\u00fc bir d\u00fcnyada bazen yava\u015f y\u00fcr\u00fcr, bazen durur&#8230; Ege\u2019nin hik\u00e2yesi sadece y\u00fcr\u00fcmekle de\u011fil, her \u015feye ra\u011fmen ilerlemekle ilgili. \u00c7\u00fcnk\u00fc cesaret bazen ko\u015fmakta de\u011fil, bir ad\u0131m daha atabilmekte sakl\u0131. Ege ve Eyl\u00fcl\u2019le birlikte, k\u00fc\u00e7\u00fck ama cesur bir ad\u0131m\u0131n, bir g\u00fcl\u00fcmsemenin ve dostlu\u011fun hayat\u0131 de\u011fi\u015ftirebilece\u011fine dair umut dolu bir hik\u00e2yeye haz\u0131r olun.<\/p>\n","protected":false},"excerpt":{"rendered":"<p>Kalbiyle y\u00fcr\u00fcyenlerin kitab\u0131. Baz\u0131 ad\u0131mlar sessizdir, sadece kalpten duyulur. Ege, herkesin kolayca y\u00fcr\u00fcd\u00fc\u011f\u00fc bir d\u00fcnyada bazen yava\u015f y\u00fcr\u00fcr, bazen durur&#8230; Ege\u2019nin hik\u00e2yesi sadece y\u00fcr\u00fcmekle de\u011fil, her<span class=\"excerpt-hellip\"> [\u2026]<\/span><\/p>\n","protected":false},"featured_media":0,"template":"","meta":{"_monsterinsights_skip_tracking":false,"_monsterinsights_sitenote_active":false,"_monsterinsights_sitenote_note":"","_monsterinsights_sitenote_category":0},"product_brand":[],"product_cat":[12274,12284],"product_tag":[],"class_list":{"0":"post-781033","1":"product","2":"type-product","3":"status-publish","5":"product_cat-cocuk-ve-genclik-kitaplari","6":"product_cat-hikayeler","7":"pa_cilt-ciltli","8":"pa_tur-kitap","9":"pa_yayinevi-beyaz-balina-yayinlari","10":"pa_yazar-sureyya-ulku-guler","12":"first","13":"instock","14":"sale","15":"shipping-taxable","16":"purchasable","17":"product-type-simple"},"_links":{"self":[{"href":"https:\/\/roveyayinevi.com.tr\/index.php\/wp-json\/wp\/v2\/product\/781033","targetHints":{"allow":["GET"]}}],"collection":[{"href":"https:\/\/roveyayinevi.com.tr\/index.php\/wp-json\/wp\/v2\/product"}],"about":[{"href":"https:\/\/roveyayinevi.com.tr\/index.php\/wp-json\/wp\/v2\/types\/product"}],"wp:attachment":[{"href":"https:\/\/roveyayinevi.com.tr\/index.php\/wp-json\/wp\/v2\/media?parent=781033"}],"wp:term":[{"taxonomy":"product_brand","embeddable":true,"href":"https:\/\/roveyayinevi.com.tr\/index.php\/wp-json\/wp\/v2\/product_brand?post=781033"},{"taxonomy":"product_cat","embeddable":true,"href":"https:\/\/roveyayinevi.com.tr\/index.php\/wp-json\/wp\/v2\/product_cat?post=781033"},{"taxonomy":"product_tag","embeddable":true,"href":"https:\/\/roveyayinevi.com.tr\/index.php\/wp-json\/wp\/v2\/product_tag?post=781033"}],"curies":[{"name":"wp","href":"https:\/\/api.w.org\/{rel}","templated":true}]}}