{"id":781032,"date":"2026-01-20T04:35:57","date_gmt":"2026-01-20T01:35:57","guid":{"rendered":"https:\/\/roveyayinevi.com.tr\/index.php\/urun\/ihtimaller-can-yakar\/"},"modified":"2026-04-15T03:45:29","modified_gmt":"2026-04-15T00:45:29","slug":"ihtimaller-can-yakar","status":"publish","type":"product","link":"https:\/\/roveyayinevi.com.tr\/index.php\/urun\/ihtimaller-can-yakar\/","title":{"rendered":"\u0130htimaller Can Yakar"},"content":{"rendered":"<p>Bir de\u011fil, bir\u00e7ok hayal k\u0131r\u0131kl\u0131\u011f\u0131n\u0131n hik\u00e2yesi. Gen\u00e7 k\u0131z\u0131n dinleyece\u011fi, ilham alaca\u011f\u0131 daha onlarca \u015fark\u0131 vard\u0131 fakat art\u0131k kald\u0131racak g\u00fcc\u00fc yoktu. &#8220;Kedi gibisin. Kirli beyaz bir kedi. Evinde mutlu de\u011filsin ama d\u0131\u015far\u0131dan da korkuyorsun. Ne benimle olmay\u0131 g\u00f6ze alabiliyorsun ne gitmeyi.&#8221;<\/p>\n","protected":false},"excerpt":{"rendered":"<p>Bir de\u011fil, bir\u00e7ok hayal k\u0131r\u0131kl\u0131\u011f\u0131n\u0131n hik\u00e2yesi. Gen\u00e7 k\u0131z\u0131n dinleyece\u011fi, ilham alaca\u011f\u0131 daha onlarca \u015fark\u0131 vard\u0131 fakat art\u0131k kald\u0131racak g\u00fcc\u00fc yoktu. &#8220;Kedi gibisin. Kirli beyaz bir kedi.<span class=\"excerpt-hellip\"> [\u2026]<\/span><\/p>\n","protected":false},"featured_media":0,"template":"","meta":{"_monsterinsights_skip_tracking":false,"_monsterinsights_sitenote_active":false,"_monsterinsights_sitenote_note":"","_monsterinsights_sitenote_category":0},"product_brand":[],"product_cat":[12291,12711],"product_tag":[],"class_list":{"0":"post-781032","1":"product","2":"type-product","3":"status-publish","5":"product_cat-edebiyat","6":"product_cat-roman-oyku","7":"pa_cilt-ciltsiz","8":"pa_tur-kitap","9":"pa_yayinevi-ulysses-yayinlari","10":"pa_yazar-guldane-yildiz","12":"first","13":"instock","14":"sale","15":"shipping-taxable","16":"purchasable","17":"product-type-simple"},"_links":{"self":[{"href":"https:\/\/roveyayinevi.com.tr\/index.php\/wp-json\/wp\/v2\/product\/781032","targetHints":{"allow":["GET"]}}],"collection":[{"href":"https:\/\/roveyayinevi.com.tr\/index.php\/wp-json\/wp\/v2\/product"}],"about":[{"href":"https:\/\/roveyayinevi.com.tr\/index.php\/wp-json\/wp\/v2\/types\/product"}],"wp:attachment":[{"href":"https:\/\/roveyayinevi.com.tr\/index.php\/wp-json\/wp\/v2\/media?parent=781032"}],"wp:term":[{"taxonomy":"product_brand","embeddable":true,"href":"https:\/\/roveyayinevi.com.tr\/index.php\/wp-json\/wp\/v2\/product_brand?post=781032"},{"taxonomy":"product_cat","embeddable":true,"href":"https:\/\/roveyayinevi.com.tr\/index.php\/wp-json\/wp\/v2\/product_cat?post=781032"},{"taxonomy":"product_tag","embeddable":true,"href":"https:\/\/roveyayinevi.com.tr\/index.php\/wp-json\/wp\/v2\/product_tag?post=781032"}],"curies":[{"name":"wp","href":"https:\/\/api.w.org\/{rel}","templated":true}]}}