{"id":781028,"date":"2026-01-20T04:35:41","date_gmt":"2026-01-20T01:35:41","guid":{"rendered":"https:\/\/roveyayinevi.com.tr\/index.php\/urun\/mafyanin-kizi-alev\/"},"modified":"2026-04-15T03:45:29","modified_gmt":"2026-04-15T00:45:29","slug":"mafyanin-kizi-alev","status":"publish","type":"product","link":"https:\/\/roveyayinevi.com.tr\/index.php\/urun\/mafyanin-kizi-alev\/","title":{"rendered":"Mafyan\u0131n K\u0131z\u0131 Alev"},"content":{"rendered":"<p>Alev Atay, yeralt\u0131 d\u00fcnyas\u0131n\u0131n en g\u00fc\u00e7l\u00fc ailesinin v\u00e2risiydi. Ate\u015f Arslano\u011flu ise onun d\u00fc\u015fman\u0131, kaderi, mahvetti\u011fi ama ayn\u0131 anda tamamlad\u0131\u011f\u0131 ki\u015fiydi. \u0130ki d\u00fc\u015fman aile, y\u0131llard\u0131r s\u00fcren suskun bir hesapla\u015fman\u0131n g\u00f6lgesindeydi. Alev ge\u00e7mi\u015finin karanl\u0131\u011f\u0131yla sava\u015f\u0131rken, Ate\u015f onun t\u00fcm dengelerini alt\u00fcst edecekti. Alev&#8217;in ge\u00e7mi\u015finde sakl\u0131 b\u00fcy\u00fck s\u0131r, her \u015feyi de\u011fi\u015ftirecekti. Nefretle ba\u015flayan bu oyun, ikisini de yakacak bir a\u015fka d\u00f6n\u00fc\u015febilir mi? Baz\u0131 a\u015fklar cehennemde do\u011far. Baz\u0131 kad\u0131nlar ate\u015fin i\u00e7inde yeniden yarat\u0131l\u0131r. Alev&#8217;in hik\u00e2yesi tam da burada ba\u015flayacak. Ve bu kez, kimse onu durduramayacak.<\/p>\n","protected":false},"excerpt":{"rendered":"<p>Alev Atay, yeralt\u0131 d\u00fcnyas\u0131n\u0131n en g\u00fc\u00e7l\u00fc ailesinin v\u00e2risiydi. Ate\u015f Arslano\u011flu ise onun d\u00fc\u015fman\u0131, kaderi, mahvetti\u011fi ama ayn\u0131 anda tamamlad\u0131\u011f\u0131 ki\u015fiydi. \u0130ki d\u00fc\u015fman aile, y\u0131llard\u0131r s\u00fcren suskun<span class=\"excerpt-hellip\"> [\u2026]<\/span><\/p>\n","protected":false},"featured_media":0,"template":"","meta":{"_monsterinsights_skip_tracking":false,"_monsterinsights_sitenote_active":false,"_monsterinsights_sitenote_note":"","_monsterinsights_sitenote_category":0},"product_brand":[],"product_cat":[12291,12711],"product_tag":[],"class_list":{"0":"post-781028","1":"product","2":"type-product","3":"status-publish","5":"product_cat-edebiyat","6":"product_cat-roman-oyku","7":"pa_cilt-ciltsiz","8":"pa_tur-kitap","9":"pa_yayinevi-ulysses-yayinlari","10":"pa_yazar-sila-ince","12":"first","13":"instock","14":"sale","15":"shipping-taxable","16":"purchasable","17":"product-type-simple"},"_links":{"self":[{"href":"https:\/\/roveyayinevi.com.tr\/index.php\/wp-json\/wp\/v2\/product\/781028","targetHints":{"allow":["GET"]}}],"collection":[{"href":"https:\/\/roveyayinevi.com.tr\/index.php\/wp-json\/wp\/v2\/product"}],"about":[{"href":"https:\/\/roveyayinevi.com.tr\/index.php\/wp-json\/wp\/v2\/types\/product"}],"wp:attachment":[{"href":"https:\/\/roveyayinevi.com.tr\/index.php\/wp-json\/wp\/v2\/media?parent=781028"}],"wp:term":[{"taxonomy":"product_brand","embeddable":true,"href":"https:\/\/roveyayinevi.com.tr\/index.php\/wp-json\/wp\/v2\/product_brand?post=781028"},{"taxonomy":"product_cat","embeddable":true,"href":"https:\/\/roveyayinevi.com.tr\/index.php\/wp-json\/wp\/v2\/product_cat?post=781028"},{"taxonomy":"product_tag","embeddable":true,"href":"https:\/\/roveyayinevi.com.tr\/index.php\/wp-json\/wp\/v2\/product_tag?post=781028"}],"curies":[{"name":"wp","href":"https:\/\/api.w.org\/{rel}","templated":true}]}}