{"id":781027,"date":"2026-01-20T04:35:36","date_gmt":"2026-01-20T01:35:36","guid":{"rendered":"https:\/\/roveyayinevi.com.tr\/index.php\/urun\/lunapark-katili\/"},"modified":"2026-04-15T03:45:29","modified_gmt":"2026-04-15T00:45:29","slug":"lunapark-katili","status":"publish","type":"product","link":"https:\/\/roveyayinevi.com.tr\/index.php\/urun\/lunapark-katili\/","title":{"rendered":"Lunapark Katili"},"content":{"rendered":"<p>\u00d6l\u00fcm, hissetmekten \u00f6te g\u00f6r\u00fclen ve duyulan bir histi, de\u011fil mi? \u00d6l\u00fcm\u00fcn ne zaman gelece\u011fini ve Azrail&#8217;in so\u011fuk nefesini ne zaman hissedece\u011fimi bilemezdim ama o zaman geldi\u011finde anlard\u0131m, de\u011fil mi? Ben hi\u00e7birini hissedemiyor veya duyam\u0131yordum; bedenimin kontrol\u00fcn\u00fc tamamen kaybetmi\u015f, zihnimi ve bedenimi fark\u0131nda bile olmadan madalyonun esiri h\u00e2line getirmi\u015ftim. Hem de y\u0131llarca\u2026 Art\u0131k o g\u00fcnler geride kalm\u0131\u015f ve bedenimin kontrol\u00fcn\u00fc kazanm\u0131\u015ft\u0131m. Otuz y\u0131l geriden gelen bir d\u00fc\u015fmandan korkarak daha fazla saklanmayacakt\u0131m. E\u011fer biriyle bir \u015fey ya\u015fayacaksam veya birine kar\u015f\u0131 bir \u015fey hissedeceksem bunlar\u0131n her biri kendi iradem alt\u0131nda olacakt\u0131. Bana d\u00fc\u015fen g\u00f6revse irademi kazanmak i\u00e7in Lunapark Katili&#8217;nden kurtulmakt\u0131. Peki, kimdi bu Lunapark Katili? Onu nas\u0131l bulaca\u011f\u0131m\u0131 d\u00fc\u015f\u00fcnmeme gerek yoktu. Onun beni bulaca\u011f\u0131ndan emindim. Bunun tek k\u00f6t\u00fc yan\u0131ysa \u00e7i\u00e7eklerle bezenmi\u015f r\u00fcyalar\u0131m\u0131n cehenneme d\u00f6n\u00fc\u015fecek olmas\u0131yd\u0131. Haz\u0131rsan Lunapark Katili ba\u015fl\u0131yor\u2026<\/p>\n","protected":false},"excerpt":{"rendered":"<p>\u00d6l\u00fcm, hissetmekten \u00f6te g\u00f6r\u00fclen ve duyulan bir histi, de\u011fil mi? \u00d6l\u00fcm\u00fcn ne zaman gelece\u011fini ve Azrail&#8217;in so\u011fuk nefesini ne zaman hissedece\u011fimi bilemezdim ama o zaman geldi\u011finde<span class=\"excerpt-hellip\"> [\u2026]<\/span><\/p>\n","protected":false},"featured_media":0,"template":"","meta":{"_monsterinsights_skip_tracking":false,"_monsterinsights_sitenote_active":false,"_monsterinsights_sitenote_note":"","_monsterinsights_sitenote_category":0},"product_brand":[],"product_cat":[12291,12711],"product_tag":[],"class_list":{"0":"post-781027","1":"product","2":"type-product","3":"status-publish","5":"product_cat-edebiyat","6":"product_cat-roman-oyku","7":"pa_cilt-ciltsiz","8":"pa_tur-kitap","9":"pa_yayinevi-ulysses-yayinlari","10":"pa_yazar-mehmet-emekci","12":"first","13":"instock","14":"sale","15":"shipping-taxable","16":"purchasable","17":"product-type-simple"},"_links":{"self":[{"href":"https:\/\/roveyayinevi.com.tr\/index.php\/wp-json\/wp\/v2\/product\/781027","targetHints":{"allow":["GET"]}}],"collection":[{"href":"https:\/\/roveyayinevi.com.tr\/index.php\/wp-json\/wp\/v2\/product"}],"about":[{"href":"https:\/\/roveyayinevi.com.tr\/index.php\/wp-json\/wp\/v2\/types\/product"}],"wp:attachment":[{"href":"https:\/\/roveyayinevi.com.tr\/index.php\/wp-json\/wp\/v2\/media?parent=781027"}],"wp:term":[{"taxonomy":"product_brand","embeddable":true,"href":"https:\/\/roveyayinevi.com.tr\/index.php\/wp-json\/wp\/v2\/product_brand?post=781027"},{"taxonomy":"product_cat","embeddable":true,"href":"https:\/\/roveyayinevi.com.tr\/index.php\/wp-json\/wp\/v2\/product_cat?post=781027"},{"taxonomy":"product_tag","embeddable":true,"href":"https:\/\/roveyayinevi.com.tr\/index.php\/wp-json\/wp\/v2\/product_tag?post=781027"}],"curies":[{"name":"wp","href":"https:\/\/api.w.org\/{rel}","templated":true}]}}