{"id":781025,"date":"2026-01-20T04:35:26","date_gmt":"2026-01-20T01:35:26","guid":{"rendered":"https:\/\/roveyayinevi.com.tr\/index.php\/urun\/kimligi-calinan-kadin-neva\/"},"modified":"2026-04-15T03:45:28","modified_gmt":"2026-04-15T00:45:28","slug":"kimligi-calinan-kadin-neva","status":"publish","type":"product","link":"https:\/\/roveyayinevi.com.tr\/index.php\/urun\/kimligi-calinan-kadin-neva\/","title":{"rendered":"Kimli\u011fi \u00c7al\u0131nan Kad\u0131n Neva"},"content":{"rendered":"<p>Neva&#8230; Onur&#8217;un y\u00fcre\u011finde, hayat\u0131n\u0131n en g\u00fczel anlar\u0131nda yank\u0131lanan bir masald\u0131. Ta ki bir g\u00fcn, sessizce yok olana dek. Ne bir iz b\u0131rakm\u0131\u015ft\u0131 ne de bir mektup. Sanki yery\u00fcz\u00fcnden silinmi\u015f gibiydi. Oysa Neva silinmemi\u015fti. Sat\u0131lm\u0131\u015f, susturulmu\u015f ve unutturulmak istenmi\u015fti. Bir adam\u0131n g\u00f6lgesinde y\u0131llar\u0131n\u0131 t\u00fcketmi\u015f, bedeninde ve ruhunda binlerce k\u0131r\u0131kla hayatta kalm\u0131\u015ft\u0131. Sonra bir g\u00fcn, k\u00fcllerinden do\u011fmaya karar verdi. Yeni bir y\u00fcz, yeni bir kimlik ve k\u00e2bus dolu bir ge\u00e7mi\u015fin \u00fczerine in\u015fa edilmeye \u00e7al\u0131\u015f\u0131lan yeni bir hayat&#8230; Ve \u015fimdi&#8230; Zeynep ad\u0131yla d\u00f6nd\u00fc. Onur&#8217;un evine sessiz bir f\u0131s\u0131lt\u0131 gibi girdi. O tan\u0131masa da Neva her ad\u0131mda onu izliyor, yitip giden zaman\u0131n ac\u0131s\u0131n\u0131 yutkunarak hat\u0131rl\u0131yordu. A\u015fk yeniden ye\u015ferirken, s\u0131rlar dipsiz bir u\u00e7urum gibi aralar\u0131nda b\u00fcy\u00fcyordu. Peki ya sevdi\u011fin ki\u015fi bamba\u015fka bir y\u00fcz ta\u015f\u0131yorsa? Tan\u0131mad\u0131\u011f\u0131n bir kad\u0131n, asl\u0131nda kalbinin ge\u00e7mi\u015fte b\u0131rakt\u0131\u011f\u0131 tek ger\u00e7ekse? Hi\u00e7bir \u015fey g\u00f6r\u00fcnd\u00fc\u011f\u00fc gibi de\u011fil. Ve baz\u0131 a\u015fk hik\u00e2yeleri, k\u00fcllerinden yeniden do\u011far\u2026<\/p>\n","protected":false},"excerpt":{"rendered":"<p>Neva&#8230; Onur&#8217;un y\u00fcre\u011finde, hayat\u0131n\u0131n en g\u00fczel anlar\u0131nda yank\u0131lanan bir masald\u0131. Ta ki bir g\u00fcn, sessizce yok olana dek. Ne bir iz b\u0131rakm\u0131\u015ft\u0131 ne de bir mektup.<span class=\"excerpt-hellip\"> [\u2026]<\/span><\/p>\n","protected":false},"featured_media":0,"template":"","meta":{"_monsterinsights_skip_tracking":false,"_monsterinsights_sitenote_active":false,"_monsterinsights_sitenote_note":"","_monsterinsights_sitenote_category":0},"product_brand":[],"product_cat":[12291,12711],"product_tag":[],"class_list":{"0":"post-781025","1":"product","2":"type-product","3":"status-publish","5":"product_cat-edebiyat","6":"product_cat-roman-oyku","7":"pa_cilt-ciltsiz","8":"pa_tur-kitap","9":"pa_yayinevi-ulysses-yayinlari","10":"pa_yazar-dilara-yilmaz","12":"first","13":"instock","14":"sale","15":"shipping-taxable","16":"purchasable","17":"product-type-simple"},"_links":{"self":[{"href":"https:\/\/roveyayinevi.com.tr\/index.php\/wp-json\/wp\/v2\/product\/781025","targetHints":{"allow":["GET"]}}],"collection":[{"href":"https:\/\/roveyayinevi.com.tr\/index.php\/wp-json\/wp\/v2\/product"}],"about":[{"href":"https:\/\/roveyayinevi.com.tr\/index.php\/wp-json\/wp\/v2\/types\/product"}],"wp:attachment":[{"href":"https:\/\/roveyayinevi.com.tr\/index.php\/wp-json\/wp\/v2\/media?parent=781025"}],"wp:term":[{"taxonomy":"product_brand","embeddable":true,"href":"https:\/\/roveyayinevi.com.tr\/index.php\/wp-json\/wp\/v2\/product_brand?post=781025"},{"taxonomy":"product_cat","embeddable":true,"href":"https:\/\/roveyayinevi.com.tr\/index.php\/wp-json\/wp\/v2\/product_cat?post=781025"},{"taxonomy":"product_tag","embeddable":true,"href":"https:\/\/roveyayinevi.com.tr\/index.php\/wp-json\/wp\/v2\/product_tag?post=781025"}],"curies":[{"name":"wp","href":"https:\/\/api.w.org\/{rel}","templated":true}]}}