{"id":781022,"date":"2026-01-20T04:35:11","date_gmt":"2026-01-20T01:35:11","guid":{"rendered":"https:\/\/roveyayinevi.com.tr\/index.php\/urun\/kehanet-serisi-2-firtina-ve-ates\/"},"modified":"2026-04-15T03:45:28","modified_gmt":"2026-04-15T00:45:28","slug":"kehanet-serisi-2-firtina-ve-ates","status":"publish","type":"product","link":"https:\/\/roveyayinevi.com.tr\/index.php\/urun\/kehanet-serisi-2-firtina-ve-ates\/","title":{"rendered":"Kehanet Serisi 2 : F\u0131rt\u0131na ve Ate\u015f"},"content":{"rendered":"<p>LUNABELLE, LANET\u0130N SON KEZ TET\u0130KLENMES\u0130YLE YAPTIKLARININ GER\u00c7EK BEDEL\u0130YLE Y\u00dcZLE\u015e\u0130R. ARTIK ESK\u0130 HAYATINA D\u00d6N\u00dc\u015e YOKTUR. AVCILARIN VE VIRIDIA&#8217;NIN ACIMASIZ Y\u00dcZ\u00dcYLE TANI\u015eIRKEN, GE\u00c7M\u0130\u015e\u0130NDEN TANIDIK Y\u00dcZLERLE KAR\u015eILA\u015eIR. KALB\u0130YLE KEHANET ARASINDAK\u0130 \u00c7\u0130ZG\u0130 G\u0130DEREK DARALIR. VERECE\u011e\u0130 HER KARAR YALNIZCA KADER\u0130N\u0130 DE\u011e\u0130L, T\u00dcM D\u00dcNYAYI DE\u011e\u0130\u015eT\u0130RECEKT\u0130R. G\u00dcVEN PAR\u00c7ALANDI, TANRILAR SUSKUN. A\u015eK, ATE\u015e\u0130N VE YILDIRIMIN ORTASINDA SINANACAK. BAZI A\u015eKLAR \u0130Y\u0130LE\u015eT\u0130R\u0130R, BAZILARI D\u00dcNYAYI YAKAR. \u00d6ZG\u00dcRL\u00dcK \u0130\u00c7\u0130N SAVA\u015eMAYA, YEN\u0130DEN DO\u011eMAK \u0130\u00c7\u0130N YANMAYA HAZIR MISIN?<\/p>\n","protected":false},"excerpt":{"rendered":"<p>LUNABELLE, LANET\u0130N SON KEZ TET\u0130KLENMES\u0130YLE YAPTIKLARININ GER\u00c7EK BEDEL\u0130YLE Y\u00dcZLE\u015e\u0130R. ARTIK ESK\u0130 HAYATINA D\u00d6N\u00dc\u015e YOKTUR. AVCILARIN VE VIRIDIA&#8217;NIN ACIMASIZ Y\u00dcZ\u00dcYLE TANI\u015eIRKEN, GE\u00c7M\u0130\u015e\u0130NDEN TANIDIK Y\u00dcZLERLE KAR\u015eILA\u015eIR. KALB\u0130YLE KEHANET<span class=\"excerpt-hellip\"> [\u2026]<\/span><\/p>\n","protected":false},"featured_media":0,"template":"","meta":{"_monsterinsights_skip_tracking":false,"_monsterinsights_sitenote_active":false,"_monsterinsights_sitenote_note":"","_monsterinsights_sitenote_category":0},"product_brand":[],"product_cat":[12291,12711],"product_tag":[],"class_list":{"0":"post-781022","1":"product","2":"type-product","3":"status-publish","5":"product_cat-edebiyat","6":"product_cat-roman-oyku","7":"pa_cilt-ciltsiz","8":"pa_tur-kitap","9":"pa_yayinevi-ulysses-yayinlari","10":"pa_yazar-selin-demirkiran","12":"first","13":"instock","14":"sale","15":"shipping-taxable","16":"purchasable","17":"product-type-simple"},"_links":{"self":[{"href":"https:\/\/roveyayinevi.com.tr\/index.php\/wp-json\/wp\/v2\/product\/781022","targetHints":{"allow":["GET"]}}],"collection":[{"href":"https:\/\/roveyayinevi.com.tr\/index.php\/wp-json\/wp\/v2\/product"}],"about":[{"href":"https:\/\/roveyayinevi.com.tr\/index.php\/wp-json\/wp\/v2\/types\/product"}],"wp:attachment":[{"href":"https:\/\/roveyayinevi.com.tr\/index.php\/wp-json\/wp\/v2\/media?parent=781022"}],"wp:term":[{"taxonomy":"product_brand","embeddable":true,"href":"https:\/\/roveyayinevi.com.tr\/index.php\/wp-json\/wp\/v2\/product_brand?post=781022"},{"taxonomy":"product_cat","embeddable":true,"href":"https:\/\/roveyayinevi.com.tr\/index.php\/wp-json\/wp\/v2\/product_cat?post=781022"},{"taxonomy":"product_tag","embeddable":true,"href":"https:\/\/roveyayinevi.com.tr\/index.php\/wp-json\/wp\/v2\/product_tag?post=781022"}],"curies":[{"name":"wp","href":"https:\/\/api.w.org\/{rel}","templated":true}]}}