{"id":781021,"date":"2026-01-20T04:35:07","date_gmt":"2026-01-20T01:35:07","guid":{"rendered":"https:\/\/roveyayinevi.com.tr\/index.php\/urun\/tuy\/"},"modified":"2026-04-15T03:45:28","modified_gmt":"2026-04-15T00:45:28","slug":"tuy","status":"publish","type":"product","link":"https:\/\/roveyayinevi.com.tr\/index.php\/urun\/tuy\/","title":{"rendered":"T\u00fcy"},"content":{"rendered":"<p>Mavi bir t\u00fcy. \u00c7ocukken burnumuzu g\u0131d\u0131klayan. Hani \u015fu boyu i\u015faretparma\u011f\u0131yla ba\u015fparma\u011f\u0131m\u0131z\u0131n aras\u0131 kadar olan&#8230; Her g\u00fcn aram\u0131zda dola\u015f\u0131yor. Bizi anlamak i\u00e7in. Kimi zaman yorgun bir \u00f6\u011fretmenin siluetinde gizleniyor, kimi zaman bir kad\u0131n\u0131n ac\u0131s\u0131nda. Sevin\u00e7 Erbulak\u2019\u0131n kaleminden \u00e7\u0131kan T\u00fcy, varolu\u015fun en kadim s\u0131rr\u0131na bir r\u00fcya, bir ko\u015fu mesafesi kadar yakla\u015fma denemesi. Birbirimize ses olmay\u0131 unuttu\u011fumuzda, kudreti \u015fefkatin \u00f6n\u00fcne koydu\u011fumuzda ba\u015flayan b\u00fcy\u00fck unutu\u015fun ortas\u0131nda bir hat\u0131rlama \u00e7a\u011fr\u0131s\u0131. \u0130nan\u00e7la \u015f\u00fcpheyi, bug\u00fcn\u00fcm\u00fczle eski zamanlar\u0131, Londra metrosunu, denizleri birbirine ba\u011flayan, zaman\u0131n ve mek\u00e2n\u0131n d\u0131\u015f\u0131nda bir sorgulama manifestosu.<\/p>\n","protected":false},"excerpt":{"rendered":"<p>Mavi bir t\u00fcy. \u00c7ocukken burnumuzu g\u0131d\u0131klayan. Hani \u015fu boyu i\u015faretparma\u011f\u0131yla ba\u015fparma\u011f\u0131m\u0131z\u0131n aras\u0131 kadar olan&#8230; Her g\u00fcn aram\u0131zda dola\u015f\u0131yor. Bizi anlamak i\u00e7in. Kimi zaman yorgun bir \u00f6\u011fretmenin<span class=\"excerpt-hellip\"> [\u2026]<\/span><\/p>\n","protected":false},"featured_media":0,"template":"","meta":{"_monsterinsights_skip_tracking":false,"_monsterinsights_sitenote_active":false,"_monsterinsights_sitenote_note":"","_monsterinsights_sitenote_category":0},"product_brand":[],"product_cat":[12777,12291],"product_tag":[],"class_list":{"0":"post-781021","1":"product","2":"type-product","3":"status-publish","5":"product_cat-deneme","6":"product_cat-edebiyat","7":"pa_cilt-ciltsiz","8":"pa_tur-kitap","9":"pa_yayinevi-hep-kitap","10":"pa_yazar-sevinc-erbulak","12":"first","13":"instock","14":"sale","15":"shipping-taxable","16":"purchasable","17":"product-type-simple"},"_links":{"self":[{"href":"https:\/\/roveyayinevi.com.tr\/index.php\/wp-json\/wp\/v2\/product\/781021","targetHints":{"allow":["GET"]}}],"collection":[{"href":"https:\/\/roveyayinevi.com.tr\/index.php\/wp-json\/wp\/v2\/product"}],"about":[{"href":"https:\/\/roveyayinevi.com.tr\/index.php\/wp-json\/wp\/v2\/types\/product"}],"wp:attachment":[{"href":"https:\/\/roveyayinevi.com.tr\/index.php\/wp-json\/wp\/v2\/media?parent=781021"}],"wp:term":[{"taxonomy":"product_brand","embeddable":true,"href":"https:\/\/roveyayinevi.com.tr\/index.php\/wp-json\/wp\/v2\/product_brand?post=781021"},{"taxonomy":"product_cat","embeddable":true,"href":"https:\/\/roveyayinevi.com.tr\/index.php\/wp-json\/wp\/v2\/product_cat?post=781021"},{"taxonomy":"product_tag","embeddable":true,"href":"https:\/\/roveyayinevi.com.tr\/index.php\/wp-json\/wp\/v2\/product_tag?post=781021"}],"curies":[{"name":"wp","href":"https:\/\/api.w.org\/{rel}","templated":true}]}}