{"id":781017,"date":"2026-01-20T04:34:47","date_gmt":"2026-01-20T01:34:47","guid":{"rendered":"https:\/\/roveyayinevi.com.tr\/index.php\/urun\/kehanet-serisi-1-gunes-ve-ay-ciltli-kutulu\/"},"modified":"2026-04-15T03:45:28","modified_gmt":"2026-04-15T00:45:28","slug":"kehanet-serisi-1-gunes-ve-ay-ciltli-kutulu","status":"publish","type":"product","link":"https:\/\/roveyayinevi.com.tr\/index.php\/urun\/kehanet-serisi-1-gunes-ve-ay-ciltli-kutulu\/","title":{"rendered":"Kehanet Serisi 1 : G\u00fcne\u015f ve Ay &#8211; Ciltli Kutulu"},"content":{"rendered":"<p>B\u0130R KEHANET, B\u0130R LANET VE \u0130HANETLE YAZILMI\u015e BA\u015eLANGI\u00c7. LUNABELLE ELAINE KAYBOLMU\u015e B\u0130R GE\u00c7M\u0130\u015e\u0130N M\u0130RAS\u00c7ISI. SOLARIS BLAZE KARANLIKLA SAVA\u015eAN PRENS. G\u00dcNE\u015e VE AY&#8217;IN YOLU B\u0130R KEZ KES\u0130\u015eT\u0130\u011e\u0130NDE H\u0130\u00c7B\u0130R \u015eEY ESK\u0130S\u0130 G\u0130B\u0130 OLMAYACAK. G\u00dcVEND\u0130KLER\u0130 HER \u015eEY KIRILACAK. GECEYLE G\u0130ZLENEN SIRLAR \u0130\u00c7ER\u0130S\u0130NDE ENGELLENEMEYEN B\u0130R A\u015eK DO\u011eACAK. G\u00dc\u00c7 \u0130HANET\u0130, A\u015eK FELAKET\u0130 GET\u0130REB\u0130L\u0130R. BAZI KEHANETLER KADER\u0130 M\u00dcH\u00dcRLER, BAZILARI Z\u0130NC\u0130RLER\u0130 KIRAR. VE BAZEN&#8230; Y\u00dcKSEL\u0130\u015eLER YIKIMLA BA\u015eLAR. Y\u00dcKSELMEK \u0130\u00c7\u0130N D\u00dc\u015eMEYE, KAZANMAK \u0130\u00c7\u0130N KAYBETMEYE HAZIR MISIN?<\/p>\n","protected":false},"excerpt":{"rendered":"<p>B\u0130R KEHANET, B\u0130R LANET VE \u0130HANETLE YAZILMI\u015e BA\u015eLANGI\u00c7. LUNABELLE ELAINE KAYBOLMU\u015e B\u0130R GE\u00c7M\u0130\u015e\u0130N M\u0130RAS\u00c7ISI. SOLARIS BLAZE KARANLIKLA SAVA\u015eAN PRENS. G\u00dcNE\u015e VE AY&#8217;IN YOLU B\u0130R KEZ KES\u0130\u015eT\u0130\u011e\u0130NDE<span class=\"excerpt-hellip\"> [\u2026]<\/span><\/p>\n","protected":false},"featured_media":0,"template":"","meta":{"_monsterinsights_skip_tracking":false,"_monsterinsights_sitenote_active":false,"_monsterinsights_sitenote_note":"","_monsterinsights_sitenote_category":0},"product_brand":[],"product_cat":[12291,12711],"product_tag":[],"class_list":{"0":"post-781017","1":"product","2":"type-product","3":"status-publish","5":"product_cat-edebiyat","6":"product_cat-roman-oyku","7":"pa_cilt-ciltli","8":"pa_tur-kitap","9":"pa_yayinevi-ulysses-yayinlari","10":"pa_yazar-selin-demirkiran","12":"first","13":"instock","14":"sale","15":"shipping-taxable","16":"purchasable","17":"product-type-simple"},"_links":{"self":[{"href":"https:\/\/roveyayinevi.com.tr\/index.php\/wp-json\/wp\/v2\/product\/781017","targetHints":{"allow":["GET"]}}],"collection":[{"href":"https:\/\/roveyayinevi.com.tr\/index.php\/wp-json\/wp\/v2\/product"}],"about":[{"href":"https:\/\/roveyayinevi.com.tr\/index.php\/wp-json\/wp\/v2\/types\/product"}],"wp:attachment":[{"href":"https:\/\/roveyayinevi.com.tr\/index.php\/wp-json\/wp\/v2\/media?parent=781017"}],"wp:term":[{"taxonomy":"product_brand","embeddable":true,"href":"https:\/\/roveyayinevi.com.tr\/index.php\/wp-json\/wp\/v2\/product_brand?post=781017"},{"taxonomy":"product_cat","embeddable":true,"href":"https:\/\/roveyayinevi.com.tr\/index.php\/wp-json\/wp\/v2\/product_cat?post=781017"},{"taxonomy":"product_tag","embeddable":true,"href":"https:\/\/roveyayinevi.com.tr\/index.php\/wp-json\/wp\/v2\/product_tag?post=781017"}],"curies":[{"name":"wp","href":"https:\/\/api.w.org\/{rel}","templated":true}]}}