{"id":781016,"date":"2026-01-20T04:34:42","date_gmt":"2026-01-20T01:34:42","guid":{"rendered":"https:\/\/roveyayinevi.com.tr\/index.php\/urun\/bal-petegi\/"},"modified":"2026-04-15T03:45:28","modified_gmt":"2026-04-15T00:45:28","slug":"bal-petegi","status":"publish","type":"product","link":"https:\/\/roveyayinevi.com.tr\/index.php\/urun\/bal-petegi\/","title":{"rendered":"Bal Pete\u011fi"},"content":{"rendered":"<p>Bal\u0131m Korkmaz, K\u00fctahya&#8217;da di\u015f staj\u0131n\u0131 bitirmeye \u00e7al\u0131\u015faninat\u00e7\u0131, komik ve bahts\u0131z bir gen\u00e7 k\u0131zd\u0131r. Hayat\u0131 zaten yeterince kar\u0131\u015f\u0131kken,fak\u00fclteye ge\u00e7 kald\u0131\u011f\u0131 bir sabah kar\u015f\u0131s\u0131na ye\u015fil g\u00f6zl\u00fc bir bela \u00e7\u0131kar: EraySeven. Kavga ederek ba\u015flayan tan\u0131\u015fmalar\u0131, yanl\u0131\u015f zamanda gelenyemek sipari\u015fleri, sarho\u015fluk krizleri, yanm\u0131\u015f yumurtalar, motosiklet kazalar\u0131,k\u0131skan\u00e7l\u0131klar ve aile s\u0131rlar\u0131yla tuhaf bir yak\u0131nl\u0131\u011fa d\u00f6n\u00fc\u015f\u00fcr. Bir yanda olay \u00e7\u0131karan ikizi Efsun, di\u011fer yanda Eray&#8217;\u0131nge\u00e7mi\u015finden gelen g\u00f6lgeler\u2026 Bal\u0131m kendini kahkaha ve kaosun ortas\u0131nda bulurken,kalbinin hi\u00e7 hesapta olmayan bir ritme kap\u0131ld\u0131\u011f\u0131n\u0131 fark eder. Bu hik\u00e2ye; dostlu\u011fun, aile ba\u011flar\u0131n\u0131n, a\u015fk\u0131n ve hayat\u0131nk\u00fc\u00e7\u00fck aksiliklerinin nas\u0131l kocaman bir maceraya d\u00f6n\u00fc\u015febilece\u011finin romantik vee\u011flenceli anlat\u0131s\u0131d\u0131r.<\/p>\n","protected":false},"excerpt":{"rendered":"<p>Bal\u0131m Korkmaz, K\u00fctahya&#8217;da di\u015f staj\u0131n\u0131 bitirmeye \u00e7al\u0131\u015faninat\u00e7\u0131, komik ve bahts\u0131z bir gen\u00e7 k\u0131zd\u0131r. Hayat\u0131 zaten yeterince kar\u0131\u015f\u0131kken,fak\u00fclteye ge\u00e7 kald\u0131\u011f\u0131 bir sabah kar\u015f\u0131s\u0131na ye\u015fil g\u00f6zl\u00fc bir bela<span class=\"excerpt-hellip\"> [\u2026]<\/span><\/p>\n","protected":false},"featured_media":0,"template":"","meta":{"_monsterinsights_skip_tracking":false,"_monsterinsights_sitenote_active":false,"_monsterinsights_sitenote_note":"","_monsterinsights_sitenote_category":0},"product_brand":[],"product_cat":[12291,12711],"product_tag":[],"class_list":{"0":"post-781016","1":"product","2":"type-product","3":"status-publish","5":"product_cat-edebiyat","6":"product_cat-roman-oyku","7":"pa_cilt-ciltsiz","8":"pa_tur-kitap","9":"pa_yayinevi-ulysses-yayinlari","10":"pa_yazar-guldehan-berra-turan","12":"first","13":"instock","14":"sale","15":"shipping-taxable","16":"purchasable","17":"product-type-simple"},"_links":{"self":[{"href":"https:\/\/roveyayinevi.com.tr\/index.php\/wp-json\/wp\/v2\/product\/781016","targetHints":{"allow":["GET"]}}],"collection":[{"href":"https:\/\/roveyayinevi.com.tr\/index.php\/wp-json\/wp\/v2\/product"}],"about":[{"href":"https:\/\/roveyayinevi.com.tr\/index.php\/wp-json\/wp\/v2\/types\/product"}],"wp:attachment":[{"href":"https:\/\/roveyayinevi.com.tr\/index.php\/wp-json\/wp\/v2\/media?parent=781016"}],"wp:term":[{"taxonomy":"product_brand","embeddable":true,"href":"https:\/\/roveyayinevi.com.tr\/index.php\/wp-json\/wp\/v2\/product_brand?post=781016"},{"taxonomy":"product_cat","embeddable":true,"href":"https:\/\/roveyayinevi.com.tr\/index.php\/wp-json\/wp\/v2\/product_cat?post=781016"},{"taxonomy":"product_tag","embeddable":true,"href":"https:\/\/roveyayinevi.com.tr\/index.php\/wp-json\/wp\/v2\/product_tag?post=781016"}],"curies":[{"name":"wp","href":"https:\/\/api.w.org\/{rel}","templated":true}]}}