{"id":781014,"date":"2026-01-20T04:34:34","date_gmt":"2026-01-20T01:34:34","guid":{"rendered":"https:\/\/roveyayinevi.com.tr\/index.php\/urun\/madalyonun-iki-yuzu-zamanin-gozu\/"},"modified":"2026-04-15T03:45:28","modified_gmt":"2026-04-15T00:45:28","slug":"madalyonun-iki-yuzu-zamanin-gozu","status":"publish","type":"product","link":"https:\/\/roveyayinevi.com.tr\/index.php\/urun\/madalyonun-iki-yuzu-zamanin-gozu\/","title":{"rendered":"Madalyonun \u0130ki Y\u00fcz\u00fc: Zaman\u0131n G\u00f6z\u00fc"},"content":{"rendered":"<p>Eleanor&#8217;un hayat\u0131, s\u0131radan bir g\u00fcnde ya\u015fanan trafik kazas\u0131yla alt\u00fcst olur. Boynundaki labradorit ta\u015f\u0131n\u0131n k\u0131r\u0131lmas\u0131yla karanl\u0131k bir g\u00fc\u00e7 uyan\u0131r. R\u00fcyalar, kaybolan zamanlar, ge\u00e7mi\u015ften gelen f\u0131s\u0131lt\u0131lar\u2026 Ger\u00e7ek ile hayalin s\u0131n\u0131rlar\u0131 silinirken, kasabay\u0131 esrarengiz olaylar ve korkun\u00e7 varl\u0131klar ku\u015fat\u0131r. Ancak bu yaln\u0131zca ba\u015flang\u0131\u00e7t\u0131r. \u00c7\u00fcnk\u00fc Eleanor, bu hayatta yaln\u0131zca bir gen\u00e7 kad\u0131n de\u011fil; ba\u015fka \u00e7a\u011flarda ya\u015fam\u0131\u015f, kadim uygarl\u0131klara tan\u0131kl\u0131k etmi\u015f ve karanl\u0131kla sava\u015fm\u0131\u015f bir ruhtur. Topra\u011f\u0131n derinliklerinden, suyun haf\u0131zas\u0131ndan, ate\u015fin kalbinden ve r\u00fczg\u00e2r\u0131n f\u0131s\u0131lt\u0131s\u0131ndan gelen \u0131rklar yeniden uyan\u0131rken Eleanor, kendi ge\u00e7mi\u015f enkarnasyonlar\u0131n\u0131n izini s\u00fcrmek ve \u0131\u015f\u0131\u011f\u0131n s\u0131rr\u0131n\u0131 hat\u0131rlamak zorundad\u0131r. Kendini hem ge\u00e7mi\u015fin g\u00f6lgeleri hem de yakla\u015fan felaketin ortas\u0131nda bulan Eleanor, kadim s\u0131rlar\u0131 \u00e7\u00f6zmek ve sevdiklerini korumak i\u00e7in bilinmeyen bir yola ad\u0131m atar. Ancak bu yol, ondan en de\u011ferli \u015feyini isteyecektir: kendi ruhunu. I\u015f\u0131\u011f\u0131n ve karanl\u0131\u011f\u0131n kesi\u015fti\u011fi noktada verilecek bir karar, t\u00fcm yarat\u0131l\u0131\u015f\u0131n kaderini de\u011fi\u015ftirecektir. &#8220;Unutulan isimler, karanl\u0131kta yank\u0131lan\u0131r. I\u015f\u0131k d\u00fc\u015ft\u00fc\u011f\u00fcnde g\u00f6lge iz b\u0131rak\u0131r. O izi g\u00f6rmezsen kaybolursun. Baz\u0131 kap\u0131lar a\u00e7\u0131ld\u0131\u011f\u0131nda\u2026 bir daha kapanmaz.&#8221;<\/p>\n","protected":false},"excerpt":{"rendered":"<p>Eleanor&#8217;un hayat\u0131, s\u0131radan bir g\u00fcnde ya\u015fanan trafik kazas\u0131yla alt\u00fcst olur. Boynundaki labradorit ta\u015f\u0131n\u0131n k\u0131r\u0131lmas\u0131yla karanl\u0131k bir g\u00fc\u00e7 uyan\u0131r. R\u00fcyalar, kaybolan zamanlar, ge\u00e7mi\u015ften gelen f\u0131s\u0131lt\u0131lar\u2026 Ger\u00e7ek ile<span class=\"excerpt-hellip\"> [\u2026]<\/span><\/p>\n","protected":false},"featured_media":0,"template":"","meta":{"_monsterinsights_skip_tracking":false,"_monsterinsights_sitenote_active":false,"_monsterinsights_sitenote_note":"","_monsterinsights_sitenote_category":0},"product_brand":[],"product_cat":[12291,12711],"product_tag":[],"class_list":{"0":"post-781014","1":"product","2":"type-product","3":"status-publish","5":"product_cat-edebiyat","6":"product_cat-roman-oyku","7":"pa_cilt-ciltsiz","8":"pa_tur-kitap","9":"pa_yayinevi-eldra-yayinlari","10":"pa_yazar-ozlem-surucu","12":"first","13":"instock","14":"sale","15":"shipping-taxable","16":"purchasable","17":"product-type-simple"},"_links":{"self":[{"href":"https:\/\/roveyayinevi.com.tr\/index.php\/wp-json\/wp\/v2\/product\/781014","targetHints":{"allow":["GET"]}}],"collection":[{"href":"https:\/\/roveyayinevi.com.tr\/index.php\/wp-json\/wp\/v2\/product"}],"about":[{"href":"https:\/\/roveyayinevi.com.tr\/index.php\/wp-json\/wp\/v2\/types\/product"}],"wp:attachment":[{"href":"https:\/\/roveyayinevi.com.tr\/index.php\/wp-json\/wp\/v2\/media?parent=781014"}],"wp:term":[{"taxonomy":"product_brand","embeddable":true,"href":"https:\/\/roveyayinevi.com.tr\/index.php\/wp-json\/wp\/v2\/product_brand?post=781014"},{"taxonomy":"product_cat","embeddable":true,"href":"https:\/\/roveyayinevi.com.tr\/index.php\/wp-json\/wp\/v2\/product_cat?post=781014"},{"taxonomy":"product_tag","embeddable":true,"href":"https:\/\/roveyayinevi.com.tr\/index.php\/wp-json\/wp\/v2\/product_tag?post=781014"}],"curies":[{"name":"wp","href":"https:\/\/api.w.org\/{rel}","templated":true}]}}