{"id":781013,"date":"2026-01-20T04:34:31","date_gmt":"2026-01-20T01:34:31","guid":{"rendered":"https:\/\/roveyayinevi.com.tr\/index.php\/urun\/cadi-soraya-ve-cesur-arion\/"},"modified":"2026-04-12T03:35:49","modified_gmt":"2026-04-12T00:35:49","slug":"cadi-soraya-ve-cesur-arion","status":"publish","type":"product","link":"https:\/\/roveyayinevi.com.tr\/index.php\/urun\/cadi-soraya-ve-cesur-arion\/","title":{"rendered":"Cad\u0131 Soraya ve Cesur Arion"},"content":{"rendered":"<p>Hik\u00e2yemi g\u00fc\u00e7lendiren y\u00fcrekli kalp, Orman\u0131n derinliklerinde gizemli bir kul\u00fcbe, karanl\u0131k bir s\u0131r ve bir cad\u0131 sakl\u0131&#8230; Soraya, Arion&#8217;un karde\u015flerini ka\u00e7\u0131rd\u0131. Ama Arion pes etmedi. K\u00fc\u00e7\u00fcc\u00fck bedenine kocaman bir y\u00fcrek s\u0131\u011fd\u0131rd\u0131 ve orman\u0131n kalbine do\u011fru yola \u00e7\u0131kt\u0131! Korkunun sessizce geriye \u00e7ekildi\u011fi bu masal, cesaretin sahneye \u00e7\u0131kt\u0131\u011f\u0131 bir kahramanl\u0131k hik\u00e2yesine d\u00f6n\u00fc\u015f\u00fcyor. \u015eimdi s\u0131ra sende\u2026 Haydi, el fenerini haz\u0131rla ve sayfalar\u0131 \u00e7evir. \u00c7\u00fcnk\u00fc bu macera, sen okuduk\u00e7a \u0131\u015f\u0131k bulacak!<\/p>\n","protected":false},"excerpt":{"rendered":"<p>Hik\u00e2yemi g\u00fc\u00e7lendiren y\u00fcrekli kalp, Orman\u0131n derinliklerinde gizemli bir kul\u00fcbe, karanl\u0131k bir s\u0131r ve bir cad\u0131 sakl\u0131&#8230; Soraya, Arion&#8217;un karde\u015flerini ka\u00e7\u0131rd\u0131. Ama Arion pes etmedi. K\u00fc\u00e7\u00fcc\u00fck bedenine<span class=\"excerpt-hellip\"> [\u2026]<\/span><\/p>\n","protected":false},"featured_media":0,"template":"","meta":{"_monsterinsights_skip_tracking":false,"_monsterinsights_sitenote_active":false,"_monsterinsights_sitenote_note":"","_monsterinsights_sitenote_category":0},"product_brand":[],"product_cat":[12274,12284],"product_tag":[],"class_list":{"0":"post-781013","1":"product","2":"type-product","3":"status-publish","5":"product_cat-cocuk-ve-genclik-kitaplari","6":"product_cat-hikayeler","7":"pa_cilt-ciltsiz","8":"pa_tur-kitap","9":"pa_yayinevi-ulysses-yayinlari","10":"pa_yazar-hande-yalcinkaya","12":"first","13":"instock","14":"sale","15":"shipping-taxable","16":"purchasable","17":"product-type-simple"},"_links":{"self":[{"href":"https:\/\/roveyayinevi.com.tr\/index.php\/wp-json\/wp\/v2\/product\/781013","targetHints":{"allow":["GET"]}}],"collection":[{"href":"https:\/\/roveyayinevi.com.tr\/index.php\/wp-json\/wp\/v2\/product"}],"about":[{"href":"https:\/\/roveyayinevi.com.tr\/index.php\/wp-json\/wp\/v2\/types\/product"}],"wp:attachment":[{"href":"https:\/\/roveyayinevi.com.tr\/index.php\/wp-json\/wp\/v2\/media?parent=781013"}],"wp:term":[{"taxonomy":"product_brand","embeddable":true,"href":"https:\/\/roveyayinevi.com.tr\/index.php\/wp-json\/wp\/v2\/product_brand?post=781013"},{"taxonomy":"product_cat","embeddable":true,"href":"https:\/\/roveyayinevi.com.tr\/index.php\/wp-json\/wp\/v2\/product_cat?post=781013"},{"taxonomy":"product_tag","embeddable":true,"href":"https:\/\/roveyayinevi.com.tr\/index.php\/wp-json\/wp\/v2\/product_tag?post=781013"}],"curies":[{"name":"wp","href":"https:\/\/api.w.org\/{rel}","templated":true}]}}