{"id":781012,"date":"2026-01-20T04:34:27","date_gmt":"2026-01-20T01:34:27","guid":{"rendered":"https:\/\/roveyayinevi.com.tr\/index.php\/urun\/ciftlikte-bir-ejderha-var\/"},"modified":"2026-04-15T03:45:28","modified_gmt":"2026-04-15T00:45:28","slug":"ciftlikte-bir-ejderha-var","status":"publish","type":"product","link":"https:\/\/roveyayinevi.com.tr\/index.php\/urun\/ciftlikte-bir-ejderha-var\/","title":{"rendered":"\u00c7iftlikte Bir Ejderha Var!"},"content":{"rendered":"<p>Hik\u00e2yemi uyand\u0131ran merakl\u0131 kalp, \u00c7iftlikte s\u0131radan bir g\u00fcn\u2026 Ama orman\u0131n derinliklerinde kocaman bir s\u0131r gizli! Liva bir yumurta buluyor\u2026 Hem de ne yumurta! \u0130\u00e7inden ne \u00e7\u0131ksa iyi? Kanatl\u0131 m\u0131 kanatl\u0131, pofuduk mu pofuduk bir ejderha! Ama bu ejderha, bildi\u011fin ejderhalardan de\u011fil. Dost canl\u0131s\u0131, sevimli ve\u2026 biraz da yaramaz! \u015eimdi g\u00f6zlerini kocaman a\u00e7, sayfalar\u0131 arala\u2026 \u00c7\u00fcnk\u00fc bu macera, sen okuduk\u00e7a u\u00e7maya ba\u015flayacak!<\/p>\n","protected":false},"excerpt":{"rendered":"<p>Hik\u00e2yemi uyand\u0131ran merakl\u0131 kalp, \u00c7iftlikte s\u0131radan bir g\u00fcn\u2026 Ama orman\u0131n derinliklerinde kocaman bir s\u0131r gizli! Liva bir yumurta buluyor\u2026 Hem de ne yumurta! \u0130\u00e7inden ne \u00e7\u0131ksa<span class=\"excerpt-hellip\"> [\u2026]<\/span><\/p>\n","protected":false},"featured_media":0,"template":"","meta":{"_monsterinsights_skip_tracking":false,"_monsterinsights_sitenote_active":false,"_monsterinsights_sitenote_note":"","_monsterinsights_sitenote_category":0},"product_brand":[],"product_cat":[12274,12284],"product_tag":[],"class_list":{"0":"post-781012","1":"product","2":"type-product","3":"status-publish","5":"product_cat-cocuk-ve-genclik-kitaplari","6":"product_cat-hikayeler","7":"pa_cilt-ciltsiz","8":"pa_tur-kitap","9":"pa_yayinevi-ulysses-yayinlari","10":"pa_yazar-hande-yalcinkaya","12":"first","13":"instock","14":"sale","15":"shipping-taxable","16":"purchasable","17":"product-type-simple"},"_links":{"self":[{"href":"https:\/\/roveyayinevi.com.tr\/index.php\/wp-json\/wp\/v2\/product\/781012","targetHints":{"allow":["GET"]}}],"collection":[{"href":"https:\/\/roveyayinevi.com.tr\/index.php\/wp-json\/wp\/v2\/product"}],"about":[{"href":"https:\/\/roveyayinevi.com.tr\/index.php\/wp-json\/wp\/v2\/types\/product"}],"wp:attachment":[{"href":"https:\/\/roveyayinevi.com.tr\/index.php\/wp-json\/wp\/v2\/media?parent=781012"}],"wp:term":[{"taxonomy":"product_brand","embeddable":true,"href":"https:\/\/roveyayinevi.com.tr\/index.php\/wp-json\/wp\/v2\/product_brand?post=781012"},{"taxonomy":"product_cat","embeddable":true,"href":"https:\/\/roveyayinevi.com.tr\/index.php\/wp-json\/wp\/v2\/product_cat?post=781012"},{"taxonomy":"product_tag","embeddable":true,"href":"https:\/\/roveyayinevi.com.tr\/index.php\/wp-json\/wp\/v2\/product_tag?post=781012"}],"curies":[{"name":"wp","href":"https:\/\/api.w.org\/{rel}","templated":true}]}}