{"id":781010,"date":"2026-01-20T04:34:22","date_gmt":"2026-01-20T01:34:22","guid":{"rendered":"https:\/\/roveyayinevi.com.tr\/index.php\/urun\/dijital-tsunami\/"},"modified":"2026-04-15T03:45:28","modified_gmt":"2026-04-15T00:45:28","slug":"dijital-tsunami","status":"publish","type":"product","link":"https:\/\/roveyayinevi.com.tr\/index.php\/urun\/dijital-tsunami\/","title":{"rendered":"Dijital Tsunami"},"content":{"rendered":"<p>Dijital d\u00fcnyan\u0131n dalgalar\u0131, fark\u0131na bile varmadan g\u00fcvenlik duvarlar\u0131m\u0131z\u0131 a\u015farak hayat\u0131m\u0131za s\u0131zd\u0131. Bir zamanlar \u00e7ocuklar\u0131m\u0131z\u0131n g\u00fcl\u00fc\u015fleriyle \u0131s\u0131nan evlerimiz, bug\u00fcn ekranlar\u0131n so\u011fuk \u0131\u015f\u0131\u011f\u0131yla ayd\u0131nlan\u0131yor. Belki h\u0131zland\u0131k, pratikle\u015ftik, sosyalle\u015ftik ama \u00f6z\u00fcm\u00fczden bir \u015feyleri de kaybettik En \u00e7ok da birbirimizi. Orhan Toker, \u201cNerede yanl\u0131\u015f yapt\u0131k?\u201d sorusundan \u00e7ok daha derine iniyor ve \u00e7ocuklar\u0131m\u0131z\u0131 b\u00fcy\u00fct\u00fcrken hangi ba\u011flar\u0131 zay\u0131flatt\u0131\u011f\u0131m\u0131z\u0131, hangi k\u00fc\u00e7\u00fck ihmalin b\u00fcy\u00fck yaralara d\u00f6n\u00fc\u015ft\u00fc\u011f\u00fcn\u00fc, hangi dijital  al\u0131\u015fkanl\u0131klar\u0131n kalplerimizi sessizce uzakla\u015ft\u0131rd\u0131\u011f\u0131n\u0131 d\u00fcr\u00fcst\u00e7e anlat\u0131yor. Bu kitap bir su\u00e7lama de\u011fil;  dijital tsunami bizi al\u0131p g\u00f6t\u00fcrmeden \u00f6nce uyanmam\u0131z i\u00e7in bir \u00e7a\u011fr\u0131\u2026 \u00c7ocuklar\u0131m\u0131za yeniden dokunmak, onlara ger\u00e7ekten \u201corada\u201d oldu\u011fumuzu hissettirmek i\u00e7in&#8230; Ge\u00e7 kalmad\u0131\u011f\u0131m\u0131z\u0131 bilmek, birbirimizi affedebilmek ve kalbi bizimle birlikte atan o k\u00fc\u00e7\u00fck canlar\u0131n gelece\u011fini koruyabilmek i\u00e7in\u2026<\/p>\n","protected":false},"excerpt":{"rendered":"<p>Dijital d\u00fcnyan\u0131n dalgalar\u0131, fark\u0131na bile varmadan g\u00fcvenlik duvarlar\u0131m\u0131z\u0131 a\u015farak hayat\u0131m\u0131za s\u0131zd\u0131. Bir zamanlar \u00e7ocuklar\u0131m\u0131z\u0131n g\u00fcl\u00fc\u015fleriyle \u0131s\u0131nan evlerimiz, bug\u00fcn ekranlar\u0131n so\u011fuk \u0131\u015f\u0131\u011f\u0131yla ayd\u0131nlan\u0131yor. Belki h\u0131zland\u0131k, pratikle\u015ftik, sosyalle\u015ftik<span class=\"excerpt-hellip\"> [\u2026]<\/span><\/p>\n","protected":false},"featured_media":0,"template":"","meta":{"_monsterinsights_skip_tracking":false,"_monsterinsights_sitenote_active":false,"_monsterinsights_sitenote_note":"","_monsterinsights_sitenote_category":0},"product_brand":[],"product_cat":[12831,12324],"product_tag":[],"class_list":{"0":"post-781010","1":"product","2":"type-product","3":"status-publish","5":"product_cat-aile-ve-cocuk","6":"product_cat-sosyoloji","7":"pa_cilt-ciltsiz","8":"pa_tur-kitap","9":"pa_yayinevi-yediveren-yayinlari","10":"pa_yazar-orhan-toker","12":"first","13":"instock","14":"sale","15":"shipping-taxable","16":"purchasable","17":"product-type-simple"},"_links":{"self":[{"href":"https:\/\/roveyayinevi.com.tr\/index.php\/wp-json\/wp\/v2\/product\/781010","targetHints":{"allow":["GET"]}}],"collection":[{"href":"https:\/\/roveyayinevi.com.tr\/index.php\/wp-json\/wp\/v2\/product"}],"about":[{"href":"https:\/\/roveyayinevi.com.tr\/index.php\/wp-json\/wp\/v2\/types\/product"}],"wp:attachment":[{"href":"https:\/\/roveyayinevi.com.tr\/index.php\/wp-json\/wp\/v2\/media?parent=781010"}],"wp:term":[{"taxonomy":"product_brand","embeddable":true,"href":"https:\/\/roveyayinevi.com.tr\/index.php\/wp-json\/wp\/v2\/product_brand?post=781010"},{"taxonomy":"product_cat","embeddable":true,"href":"https:\/\/roveyayinevi.com.tr\/index.php\/wp-json\/wp\/v2\/product_cat?post=781010"},{"taxonomy":"product_tag","embeddable":true,"href":"https:\/\/roveyayinevi.com.tr\/index.php\/wp-json\/wp\/v2\/product_tag?post=781010"}],"curies":[{"name":"wp","href":"https:\/\/api.w.org\/{rel}","templated":true}]}}