{"id":781009,"date":"2026-01-20T04:34:19","date_gmt":"2026-01-20T01:34:19","guid":{"rendered":"https:\/\/roveyayinevi.com.tr\/index.php\/urun\/kirk-yilda-devrialem\/"},"modified":"2026-04-15T03:45:28","modified_gmt":"2026-04-15T00:45:28","slug":"kirk-yilda-devrialem","status":"publish","type":"product","link":"https:\/\/roveyayinevi.com.tr\/index.php\/urun\/kirk-yilda-devrialem\/","title":{"rendered":"K\u0131rk Y\u0131lda Devrialem"},"content":{"rendered":"<p>KIRK YILDA DEVR\u0130\u00c2LEMFEST Travel ile Ge\u00e7mi\u015ften Gelece\u011fe K\u00fclt\u00fcr TurizmiT\u00fcrkiye\u2019de k\u00fclt\u00fcr turizminin \u00f6nc\u00fcs\u00fc FEST Travel\u2019\u0131n 40 y\u0131ll\u0131k hik\u00e2yesi, \u00e7ok yak\u0131nda raflarda!FEST Travel, 1985\u2019ten bu yana \u201c\u00d6nemli olan g\u00f6rmek de\u011fil, alg\u0131lamakt\u0131r\u201d ilkesiyle \u0130stanbul\u2019dan Anadolu\u2019ya ve oradan da yedi k\u0131tan\u0131n y\u00fczlerce k\u00f6\u015fesine uzanan k\u00fclt\u00fcr gezileri tasarl\u0131yor.K\u0131rk Y\u0131lda Devri\u00e2lem ba\u015fl\u0131kl\u0131 kitap, bu birikimi FEST toplulu\u011funun par\u00e7as\u0131 olmu\u015f 100\u2019e yak\u0131n rehber, \u00e7al\u0131\u015fan, i\u015f orta\u011f\u0131 ve gezginin hik\u00e2yeleri arac\u0131l\u0131\u011f\u0131yla aktar\u0131yor; kurum ar\u015fivine ve kapsaml\u0131 bir s\u00f6zl\u00fc tarih \u00e7al\u0131\u015fmas\u0131na dayanan \u00e7oksesli bir anlat\u0131 sunuyor.\u0130stanbul\u2019un arka sokaklar\u0131ndan Himalayalar\u0131n eteklerine, Kapadokya\u2019dan Patagonya\u2019ya uzanan bu b\u00fcy\u00fck ser\u00fcvende yaln\u0131zca gidilen yerler de\u011fil, d\u00f6n\u00fc\u015fen bak\u0131\u015f a\u00e7\u0131lar\u0131 da hik\u00e2yenin \u00f6nemli bir par\u00e7as\u0131.K\u0131rk Y\u0131lda Devri\u00e2lem, sadece FEST\u2019in ilk 40 y\u0131l\u0131n\u0131n haf\u0131zas\u0131n\u0131 aktarmakla kalm\u0131yor, T\u00fcrkiye\u2019de k\u00fclt\u00fcr turizminin ge\u00e7mi\u015finden gelece\u011fine uzanan yolculu\u011funu kayda ge\u00e7irmeyi ama\u00e7l\u0131yor.FEST\u2019in yolculu\u011fu, yeni rotalarla, yeni hik\u00e2yelerle devam ediyor.<\/p>\n","protected":false},"excerpt":{"rendered":"<p>KIRK YILDA DEVR\u0130\u00c2LEMFEST Travel ile Ge\u00e7mi\u015ften Gelece\u011fe K\u00fclt\u00fcr TurizmiT\u00fcrkiye\u2019de k\u00fclt\u00fcr turizminin \u00f6nc\u00fcs\u00fc FEST Travel\u2019\u0131n 40 y\u0131ll\u0131k hik\u00e2yesi, \u00e7ok yak\u0131nda raflarda!FEST Travel, 1985\u2019ten bu yana \u201c\u00d6nemli olan<span class=\"excerpt-hellip\"> [\u2026]<\/span><\/p>\n","protected":false},"featured_media":0,"template":"","meta":{"_monsterinsights_skip_tracking":false,"_monsterinsights_sitenote_active":false,"_monsterinsights_sitenote_note":"","_monsterinsights_sitenote_category":0},"product_brand":[],"product_cat":[13054,40836],"product_tag":[],"class_list":{"0":"post-781009","1":"product","2":"type-product","3":"status-publish","5":"product_cat-gezi-ve-rehber-kitaplari","6":"product_cat-referans-kitaplar-gezi-ve-rehber-kitaplari","7":"pa_cilt-ciltsiz","8":"pa_tur-kitap","9":"pa_yayinevi-kirmizi-kedi-yayinevi","10":"pa_yazar-enis-batur","11":"pa_yazar-faruk-pekin","12":"pa_yazar-ilkay-balic","14":"first","15":"instock","16":"sale","17":"shipping-taxable","18":"purchasable","19":"product-type-simple"},"_links":{"self":[{"href":"https:\/\/roveyayinevi.com.tr\/index.php\/wp-json\/wp\/v2\/product\/781009","targetHints":{"allow":["GET"]}}],"collection":[{"href":"https:\/\/roveyayinevi.com.tr\/index.php\/wp-json\/wp\/v2\/product"}],"about":[{"href":"https:\/\/roveyayinevi.com.tr\/index.php\/wp-json\/wp\/v2\/types\/product"}],"wp:attachment":[{"href":"https:\/\/roveyayinevi.com.tr\/index.php\/wp-json\/wp\/v2\/media?parent=781009"}],"wp:term":[{"taxonomy":"product_brand","embeddable":true,"href":"https:\/\/roveyayinevi.com.tr\/index.php\/wp-json\/wp\/v2\/product_brand?post=781009"},{"taxonomy":"product_cat","embeddable":true,"href":"https:\/\/roveyayinevi.com.tr\/index.php\/wp-json\/wp\/v2\/product_cat?post=781009"},{"taxonomy":"product_tag","embeddable":true,"href":"https:\/\/roveyayinevi.com.tr\/index.php\/wp-json\/wp\/v2\/product_tag?post=781009"}],"curies":[{"name":"wp","href":"https:\/\/api.w.org\/{rel}","templated":true}]}}