{"id":781008,"date":"2026-01-20T04:34:17","date_gmt":"2026-01-20T01:34:17","guid":{"rendered":"https:\/\/roveyayinevi.com.tr\/index.php\/urun\/heideggeri-anlamak\/"},"modified":"2026-04-15T03:45:28","modified_gmt":"2026-04-15T00:45:28","slug":"heideggeri-anlamak","status":"publish","type":"product","link":"https:\/\/roveyayinevi.com.tr\/index.php\/urun\/heideggeri-anlamak\/","title":{"rendered":"Heidegger\u2019i Anlamak"},"content":{"rendered":"<p>\u201cHeidegger\u2019i anlamak, onun temel sorusunu yani varl\u0131k sorusunu anlamakt\u0131r, bu soruyu neden sormak istedi\u011fini anlamak ve bu sorunun ne bak\u0131mdan \u00f6ncelikli olmaya devam etti\u011fini anlamakt\u0131r. Ama de\u011fil mi ki i\u015fimiz Heidegger ile, onu anlamak ayn\u0131 zamanda onun \u015fahsiyetini ve siyasi ba\u011flan\u0131m\u0131n\u0131 anlamakt\u0131r. Eldeki kitap bu iki g\u00f6revi \u00fcstleniyor hevesle. Yol g\u00f6sterici fikri, filozofun \u201csiyasi\u201d ba\u011flan\u0131m\u0131n\u0131 ancak onun asli sorusunun niyetini ya da bununla murat etti\u011fi \u015feyi anlarsak anlayabilece\u011fimizdir.\u201d G\u00fcn\u00fcm\u00fcz filozoflar\u0131ndan Jean Grondin Heidegger\u2019i Anlamak\u2019ta onun felsefesini, modernitenin nominalist ve teknik\u00e7i \u00e7\u0131kmaz\u0131na kar\u015f\u0131 varl\u0131\u011f\u0131n gizemini ve asli anlam\u0131n\u0131 yeniden ke\u015ffetmeye y\u00f6nelik kahramanca, ancak trajik bir m\u00fccadele olarak sunuyor. Heidegger\u2019in projesini, varl\u0131\u011f\u0131, \u00f6l\u00e7\u00fclebilir ve teknik olarak kullan\u0131labilir bir \u201cvarolan\u201da indirgeyen h\u00e2kim varl\u0131k anlay\u0131\u015f\u0131n\u0131 a\u015fma giri\u015fimi olarak resmediyor. Filozofun Nasyonal-Sosyalizme olan deste\u011fini ise bu felsefi arka planda trajik bir yanl\u0131\u015f anlama olarak okuyor: O, Nazi \u201chareketinin\u201d varl\u0131kla ili\u015fkide tarihsel bir \u201cd\u00f6neme\u00e7\u201d getirece\u011fini ummu\u015f, ancak hareketin asl\u0131nda kendisinin a\u015fmaya \u00e7al\u0131\u015ft\u0131\u011f\u0131 modern teknik zihniyetin zirvesini temsil etti\u011fini ge\u00e7 fark etmi\u015ftir. Heidegger\u2019in Anlamak filozof ile as\u0131l tart\u0131\u015fman\u0131n siyasi plandan ziyade metafizik planda y\u00fcr\u00fct\u00fclmesi gerekti\u011fini savunuyor ve bu tart\u0131\u015fmay\u0131 Heidegger felsefesinin temel problemleri ve kavramlar\u0131n\u0131 \u00e7\u00f6z\u00fcmleyerek hakk\u0131yla icra ediyor.<\/p>\n","protected":false},"excerpt":{"rendered":"<p>\u201cHeidegger\u2019i anlamak, onun temel sorusunu yani varl\u0131k sorusunu anlamakt\u0131r, bu soruyu neden sormak istedi\u011fini anlamak ve bu sorunun ne bak\u0131mdan \u00f6ncelikli olmaya devam etti\u011fini anlamakt\u0131r. Ama<span class=\"excerpt-hellip\"> [\u2026]<\/span><\/p>\n","protected":false},"featured_media":0,"template":"","meta":{"_monsterinsights_skip_tracking":false,"_monsterinsights_sitenote_active":false,"_monsterinsights_sitenote_note":"","_monsterinsights_sitenote_category":0},"product_brand":[],"product_cat":[12388],"product_tag":[],"class_list":{"0":"post-781008","1":"product","2":"type-product","3":"status-publish","5":"product_cat-felsefe","6":"pa_cilt-ciltsiz","7":"pa_tur-kitap","8":"pa_yayinevi-vakifbank-kultur-yayinlari","9":"pa_yazar-jean-grondin","11":"first","12":"instock","13":"sale","14":"shipping-taxable","15":"purchasable","16":"product-type-simple"},"_links":{"self":[{"href":"https:\/\/roveyayinevi.com.tr\/index.php\/wp-json\/wp\/v2\/product\/781008","targetHints":{"allow":["GET"]}}],"collection":[{"href":"https:\/\/roveyayinevi.com.tr\/index.php\/wp-json\/wp\/v2\/product"}],"about":[{"href":"https:\/\/roveyayinevi.com.tr\/index.php\/wp-json\/wp\/v2\/types\/product"}],"wp:attachment":[{"href":"https:\/\/roveyayinevi.com.tr\/index.php\/wp-json\/wp\/v2\/media?parent=781008"}],"wp:term":[{"taxonomy":"product_brand","embeddable":true,"href":"https:\/\/roveyayinevi.com.tr\/index.php\/wp-json\/wp\/v2\/product_brand?post=781008"},{"taxonomy":"product_cat","embeddable":true,"href":"https:\/\/roveyayinevi.com.tr\/index.php\/wp-json\/wp\/v2\/product_cat?post=781008"},{"taxonomy":"product_tag","embeddable":true,"href":"https:\/\/roveyayinevi.com.tr\/index.php\/wp-json\/wp\/v2\/product_tag?post=781008"}],"curies":[{"name":"wp","href":"https:\/\/api.w.org\/{rel}","templated":true}]}}