{"id":781005,"date":"2026-01-20T04:34:06","date_gmt":"2026-01-20T01:34:06","guid":{"rendered":"https:\/\/roveyayinevi.com.tr\/index.php\/urun\/heidegger-ile-bir-arada\/"},"modified":"2026-04-15T03:45:28","modified_gmt":"2026-04-15T00:45:28","slug":"heidegger-ile-bir-arada","status":"publish","type":"product","link":"https:\/\/roveyayinevi.com.tr\/index.php\/urun\/heidegger-ile-bir-arada\/","title":{"rendered":"Heidegger ile Bir-Arada"},"content":{"rendered":"<p>Heidegger ile Bir-Arada T\u00fcrkiye\u2019de Heidegger felsefesi \u00fczerine \u00e7al\u0131\u015fan ara\u015ft\u0131rmac\u0131lar\u0131n yaz\u0131lar\u0131ndan olu\u015fan bir demet. Eser, filozofun d\u00fc\u015f\u00fcncesini hem kendi i\u00e7 dinamikleriyle hem de di\u011fer \u00f6nemli d\u00fc\u015f\u00fcn\u00fcrlerle olan ili\u015fkisi ba\u011flam\u0131nda ele alan iki ana b\u00f6l\u00fcmden olu\u015fuyor. Birinci k\u0131s\u0131m \u201cBir-Arada\u201d, Heidegger\u2019in d\u00fc\u015f\u00fcncesindeki temel kavramlar\u0131, sanat ve teknolojiye dair g\u00f6r\u00fc\u015flerini ve en tart\u0131\u015fmal\u0131 y\u00f6n\u00fc olan Nasyonal Sosyalizm ve antisemitizm ile olan ili\u015fkisini derinlemesine inceliyor. \u0130kinci k\u0131s\u0131m \u201cBirlikte\u201d ise Heidegger felsefesini Husserl, Levinas, Kant, Derrida ve Adorno gibi d\u00fc\u015f\u00fcn\u00fcrlerin perspektifleriyle kar\u015f\u0131la\u015ft\u0131rarak, onun 20. y\u00fczy\u0131l ve \u00e7a\u011fda\u015f d\u00fc\u015f\u00fcncedeki yerini ve etkisini konumland\u0131r\u0131yor. Eser, Heidegger\u2019in Bat\u0131 metafizi\u011fine y\u00f6nelik radikal ele\u015ftirisinden varl\u0131k sorusuna, Dasein analiti\u011finden sanat\u0131n hakikati a\u00e7\u0131\u011fa \u00e7\u0131karan rol\u00fcne kadar uzanan geni\u015f felsefi yelpazeyi yetkin ve a\u00e7\u0131klay\u0131c\u0131 bir dille sunuyor.<\/p>\n","protected":false},"excerpt":{"rendered":"<p>Heidegger ile Bir-Arada T\u00fcrkiye\u2019de Heidegger felsefesi \u00fczerine \u00e7al\u0131\u015fan ara\u015ft\u0131rmac\u0131lar\u0131n yaz\u0131lar\u0131ndan olu\u015fan bir demet. Eser, filozofun d\u00fc\u015f\u00fcncesini hem kendi i\u00e7 dinamikleriyle hem de di\u011fer \u00f6nemli d\u00fc\u015f\u00fcn\u00fcrlerle olan<span class=\"excerpt-hellip\"> [\u2026]<\/span><\/p>\n","protected":false},"featured_media":0,"template":"","meta":{"_monsterinsights_skip_tracking":false,"_monsterinsights_sitenote_active":false,"_monsterinsights_sitenote_note":"","_monsterinsights_sitenote_category":0},"product_brand":[],"product_cat":[12388],"product_tag":[],"class_list":{"0":"post-781005","1":"product","2":"type-product","3":"status-publish","5":"product_cat-felsefe","6":"pa_cilt-ciltsiz","7":"pa_tur-kitap","8":"pa_yayinevi-vakifbank-kultur-yayinlari","9":"pa_yazar-kolektif","11":"first","12":"instock","13":"sale","14":"shipping-taxable","15":"purchasable","16":"product-type-simple"},"_links":{"self":[{"href":"https:\/\/roveyayinevi.com.tr\/index.php\/wp-json\/wp\/v2\/product\/781005","targetHints":{"allow":["GET"]}}],"collection":[{"href":"https:\/\/roveyayinevi.com.tr\/index.php\/wp-json\/wp\/v2\/product"}],"about":[{"href":"https:\/\/roveyayinevi.com.tr\/index.php\/wp-json\/wp\/v2\/types\/product"}],"wp:attachment":[{"href":"https:\/\/roveyayinevi.com.tr\/index.php\/wp-json\/wp\/v2\/media?parent=781005"}],"wp:term":[{"taxonomy":"product_brand","embeddable":true,"href":"https:\/\/roveyayinevi.com.tr\/index.php\/wp-json\/wp\/v2\/product_brand?post=781005"},{"taxonomy":"product_cat","embeddable":true,"href":"https:\/\/roveyayinevi.com.tr\/index.php\/wp-json\/wp\/v2\/product_cat?post=781005"},{"taxonomy":"product_tag","embeddable":true,"href":"https:\/\/roveyayinevi.com.tr\/index.php\/wp-json\/wp\/v2\/product_tag?post=781005"}],"curies":[{"name":"wp","href":"https:\/\/api.w.org\/{rel}","templated":true}]}}