{"id":781004,"date":"2026-01-20T04:34:03","date_gmt":"2026-01-20T01:34:03","guid":{"rendered":"https:\/\/roveyayinevi.com.tr\/index.php\/urun\/lale-devri-mi-ciltli\/"},"modified":"2026-04-15T03:45:28","modified_gmt":"2026-04-15T00:45:28","slug":"lale-devri-mi-ciltli","status":"publish","type":"product","link":"https:\/\/roveyayinevi.com.tr\/index.php\/urun\/lale-devri-mi-ciltli\/","title":{"rendered":"Lale Devri mi? (Ciltli)"},"content":{"rendered":"<p>Ahmed Refik\u2019in Lale Devri kitab\u0131, modern Osmanl\u0131 tarih\u00e7ili\u011finde bir\u00e7ok kitap, makale ve polemi\u011fin kap\u0131s\u0131n\u0131 a\u00e7m\u0131\u015ft\u0131. K\u00e2h Osmanl\u0131 Devleti\u2019nde bat\u0131l\u0131la\u015fman\u0131n ba\u015flang\u0131c\u0131, k\u00e2h zevk ve sefaya d\u00fc\u015fen III. Ahmed ve damad\u0131 \u0130brahim Pa\u015fa\u2019n\u0131n hatal\u0131 ve hedonist tasarruflar\u0131n\u0131n anlat\u0131s\u0131 h\u00e2line gelen \u201clale devri\u201d ger\u00e7ekten ya\u015fanm\u0131\u015f m\u0131yd\u0131? Bir\u00e7ok revizyonist \u00e7al\u0131\u015fman\u0131n da konusunu te\u015fkil eden bu d\u00f6nem, Osmanl\u0131 tarih yaz\u0131m\u0131n\u0131n en k\u00f6kl\u00fc kli\u015felerinden biridir. Erken bat\u0131l\u0131la\u015fma ve sefahat aras\u0131nda gidip gelen bu d\u00f6nemin tan\u0131m\u0131 de\u011fil, bizatihi varl\u0131\u011f\u0131 tarihsel bir mesele olarak ele al\u0131nmal\u0131d\u0131r. 1718-1730 d\u00f6neminin k\u00fclt\u00fcrel, siyasi, sosyal ve\u00e7helerini ele alan makalelerden m\u00fcte\u015fekkil bu derleme, Ahmed Refik ve onu takip eden tarih\u00e7ilerin \u201cedeb\u00ee bir d\u00f6nem icad\u0131\u201d yapt\u0131klar\u0131n\u0131 g\u00f6stermeyi ve lale\u2019nin g\u00f6lgesinde kalan bir devri yeni ara\u015ft\u0131rmalarla yeniden tan\u0131mlamay\u0131 ve anlamland\u0131rmay\u0131 hedefliyor. Selim Karahasano\u011flu giri\u015f yaz\u0131s\u0131nda \u201clale devri\u201d adland\u0131rmas\u0131n\u0131 problematize ediyor ve doktora tezinden bug\u00fcne d\u00f6neme y\u00f6nelik \u00e7al\u0131\u015fmalar\u0131n evrimini de\u011ferlendiriyor. T\u00fclay Artan, d\u00f6nemin entelekt\u00fcel \u00e7evrelerini, kitap koleksiyonlar\u0131n\u0131 ve zihniyet d\u00fcnyas\u0131n\u0131n resmini, \u201clale devri\u201d anlat\u0131s\u0131n\u0131n merkez\u00ee simalar\u0131ndan Paris sefiri Mehmed \u00c7elebi\u2019nin fikir d\u00fcnyas\u0131yla ele al\u0131rken, Mehmet Y\u0131lmaz Akbulut, bu y\u0131llar\u0131 asker\u00ee ve diplomatik a\u00e7\u0131dan bir \u201czevk ve sefahat \u00e7a\u011f\u0131\u201d de\u011fil, Avrupa\u2019daki g\u00fc\u00e7 dengelerine duyarl\u0131 diplomatik bir d\u00f6neme\u00e7 olarak yeniden konumland\u0131r\u0131yor. Tu\u011fba Kara\u2019n\u0131n devrin sembol\u00fc haline gelmi\u015f bostanlar \u00fczerine birincil kaynaklarla yap\u0131lan \u00e7al\u0131\u015fmas\u0131; \u015eaduman Tuncer\u2019in padi\u015fah\u0131n mesire ve kas\u0131rlar aras\u0131ndaki hareketlilik al\u0131\u015fkanl\u0131klar\u0131n\u0131 inceleyen makalesi ise, d\u00f6nemin saraydaki g\u00fcndelik hayat\u0131n\u0131 abart\u0131lardan ar\u0131nd\u0131rarak somutla\u015ft\u0131r\u0131yor. Ahlaki bir \u00e7\u00f6k\u00fc\u015f ya da yar\u0131m kalm\u0131\u015f bir bat\u0131l\u0131la\u015fma perspektifinin yetersizliklerini vurgulayan bu makaleler Ahmed Refik\u2019in kitab\u0131n yay\u0131mlanmas\u0131ndan sonra kaleme ald\u0131\u011f\u0131 yaz\u0131lar\u0131 ilk kez kapsaml\u0131 bi\u00e7imde g\u00fcn y\u00fcz\u00fcne \u00e7\u0131kar\u0131yor. Kendi yaratt\u0131\u011f\u0131 anlat\u0131y\u0131 birka\u00e7 y\u0131l sonra nas\u0131l yumu\u015fatt\u0131\u011f\u0131, hatta yer yer geri ald\u0131\u011f\u0131; Fatma Aliye ile girdi\u011fi polemikler; \u0130brahim Pa\u015fa\u2019y\u0131 savunma te\u015febb\u00fcsleri bu metinlerde \u201clale devrinin\u201d ilk revizyonu olarak sunuluyor. \u00d6te yandan T\u00fcrk okuruyla ilk kez bulu\u015facak bir di\u011fer \u00e7al\u0131\u015fma, Wilhelm Heinz\u2019\u0131n 1967 tarihli makalesi, d\u00f6nemin k\u00fclt\u00fcr d\u00fcnyas\u0131n\u0131, pop\u00fclerle\u015fmi\u015f anlat\u0131n\u0131n \u00f6tesine ta\u015f\u0131yor.<\/p>\n","protected":false},"excerpt":{"rendered":"<p>Ahmed Refik\u2019in Lale Devri kitab\u0131, modern Osmanl\u0131 tarih\u00e7ili\u011finde bir\u00e7ok kitap, makale ve polemi\u011fin kap\u0131s\u0131n\u0131 a\u00e7m\u0131\u015ft\u0131. K\u00e2h Osmanl\u0131 Devleti\u2019nde bat\u0131l\u0131la\u015fman\u0131n ba\u015flang\u0131c\u0131, k\u00e2h zevk ve sefaya d\u00fc\u015fen III.<span class=\"excerpt-hellip\"> [\u2026]<\/span><\/p>\n","protected":false},"featured_media":0,"template":"","meta":{"_monsterinsights_skip_tracking":false,"_monsterinsights_sitenote_active":false,"_monsterinsights_sitenote_note":"","_monsterinsights_sitenote_category":0},"product_brand":[],"product_cat":[12304],"product_tag":[],"class_list":{"0":"post-781004","1":"product","2":"type-product","3":"status-publish","5":"product_cat-tarih","6":"pa_cilt-ciltli","7":"pa_tur-kitap","8":"pa_yayinevi-vakifbank-kultur-yayinlari","9":"pa_yazar-kolektif","11":"first","12":"instock","13":"sale","14":"shipping-taxable","15":"purchasable","16":"product-type-simple"},"_links":{"self":[{"href":"https:\/\/roveyayinevi.com.tr\/index.php\/wp-json\/wp\/v2\/product\/781004","targetHints":{"allow":["GET"]}}],"collection":[{"href":"https:\/\/roveyayinevi.com.tr\/index.php\/wp-json\/wp\/v2\/product"}],"about":[{"href":"https:\/\/roveyayinevi.com.tr\/index.php\/wp-json\/wp\/v2\/types\/product"}],"wp:attachment":[{"href":"https:\/\/roveyayinevi.com.tr\/index.php\/wp-json\/wp\/v2\/media?parent=781004"}],"wp:term":[{"taxonomy":"product_brand","embeddable":true,"href":"https:\/\/roveyayinevi.com.tr\/index.php\/wp-json\/wp\/v2\/product_brand?post=781004"},{"taxonomy":"product_cat","embeddable":true,"href":"https:\/\/roveyayinevi.com.tr\/index.php\/wp-json\/wp\/v2\/product_cat?post=781004"},{"taxonomy":"product_tag","embeddable":true,"href":"https:\/\/roveyayinevi.com.tr\/index.php\/wp-json\/wp\/v2\/product_tag?post=781004"}],"curies":[{"name":"wp","href":"https:\/\/api.w.org\/{rel}","templated":true}]}}