{"id":781003,"date":"2026-01-20T04:34:01","date_gmt":"2026-01-20T01:34:01","guid":{"rendered":"https:\/\/roveyayinevi.com.tr\/index.php\/urun\/yesilcam-oyku-sinemasi\/"},"modified":"2026-04-15T03:45:28","modified_gmt":"2026-04-15T00:45:28","slug":"yesilcam-oyku-sinemasi","status":"publish","type":"product","link":"https:\/\/roveyayinevi.com.tr\/index.php\/urun\/yesilcam-oyku-sinemasi\/","title":{"rendered":"Ye\u015fil\u00e7am \u00d6yk\u00fc Sinemas\u0131"},"content":{"rendered":"<p>(\u2026) D\u00fcn oldu\u011fu gibi gelecekte de Ye\u015fil\u00e7am anlat\u0131lar\u0131yla kar\u015f\u0131m\u0131za \u00e7\u0131kan duygu ve duygulan\u0131mlar aktar\u0131lmaya ve seyircisinde tahmin edilemez kar\u015f\u0131l\u0131klar bulmaya devam edecek. Ya\u015fant\u0131lar de\u011fi\u015fse de Ye\u015fil\u00e7am filmleri d\u00fcne dair seslerin, hitaplar\u0131n, konu\u015fmalar\u0131n, beden dilinin, anlay\u0131\u015f\u0131n, g\u00fcndelik ya\u015fama dair par\u00e7alar\u0131n, fiziksel mek\u00e2nlar\u0131n kayd\u0131n\u0131n tutulmas\u0131na ve iletilmesine arac\u0131l\u0131k edecekler. Ye\u015fil\u00e7am \u00d6yk\u00fc Sinemas\u0131, T\u00fcrkiye\u2019de pop\u00fcler sineman\u0131n alt\u0131n y\u0131llar\u0131 olarak kabul edilen altm\u0131\u015flar\u0131; etkisi g\u00fcn\u00fcm\u00fcze kadar devam edebilmi\u015f, kay\u0131ts\u0131z kal\u0131namayacak bir pop\u00fcler sinema prati\u011fini ve gelece\u011fe uzant\u0131l\u0131 bir k\u00fclt\u00fcrel alan\u0131 mercek alt\u0131na al\u0131yor. Yazar Ye\u015fil\u00e7am\u2019\u0131 Ye\u015fil\u00e7am yapan unsurlara odaklanarak d\u00f6nemin g\u00fcndelik ya\u015fam\u0131n\u0131, sinemasal ortam\u0131n\u0131, \u00fcretim ko\u015fullar\u0131n\u0131, sineman\u0131n seyirciyle seyircinin sinemayla kurdu\u011fu benzersiz ba\u011f\u0131 ve filmlerin anlat\u0131 yap\u0131lar\u0131n\u0131 bir b\u00fct\u00fcn olarak de\u011ferlendiriyor. Ye\u015fil\u00e7am\u2019a emek verenlerin deneyim ve tan\u0131kl\u0131klar\u0131na da ba\u015fvurularak tasarlanan \u00e7al\u0131\u015fma \u00e7oklu perspektifiyle Ye\u015fil\u00e7am\u2019\u0131 i\u00e7eriden ve d\u0131\u015far\u0131dan anlamak ve pop\u00fcler olanla mesafemizi yeniden d\u00fc\u015f\u00fcnmek i\u00e7in temel bir kaynak.<\/p>\n","protected":false},"excerpt":{"rendered":"<p>(\u2026) D\u00fcn oldu\u011fu gibi gelecekte de Ye\u015fil\u00e7am anlat\u0131lar\u0131yla kar\u015f\u0131m\u0131za \u00e7\u0131kan duygu ve duygulan\u0131mlar aktar\u0131lmaya ve seyircisinde tahmin edilemez kar\u015f\u0131l\u0131klar bulmaya devam edecek. Ya\u015fant\u0131lar de\u011fi\u015fse de Ye\u015fil\u00e7am<span class=\"excerpt-hellip\"> [\u2026]<\/span><\/p>\n","protected":false},"featured_media":0,"template":"","meta":{"_monsterinsights_skip_tracking":false,"_monsterinsights_sitenote_active":false,"_monsterinsights_sitenote_note":"","_monsterinsights_sitenote_category":0},"product_brand":[],"product_cat":[12408],"product_tag":[],"class_list":{"0":"post-781003","1":"product","2":"type-product","3":"status-publish","5":"product_cat-sanat","6":"pa_cilt-ciltsiz","7":"pa_tur-kitap","8":"pa_yayinevi-vakifbank-kultur-yayinlari","9":"pa_yazar-serpil-kirel","11":"first","12":"instock","13":"sale","14":"shipping-taxable","15":"purchasable","16":"product-type-simple"},"_links":{"self":[{"href":"https:\/\/roveyayinevi.com.tr\/index.php\/wp-json\/wp\/v2\/product\/781003","targetHints":{"allow":["GET"]}}],"collection":[{"href":"https:\/\/roveyayinevi.com.tr\/index.php\/wp-json\/wp\/v2\/product"}],"about":[{"href":"https:\/\/roveyayinevi.com.tr\/index.php\/wp-json\/wp\/v2\/types\/product"}],"wp:attachment":[{"href":"https:\/\/roveyayinevi.com.tr\/index.php\/wp-json\/wp\/v2\/media?parent=781003"}],"wp:term":[{"taxonomy":"product_brand","embeddable":true,"href":"https:\/\/roveyayinevi.com.tr\/index.php\/wp-json\/wp\/v2\/product_brand?post=781003"},{"taxonomy":"product_cat","embeddable":true,"href":"https:\/\/roveyayinevi.com.tr\/index.php\/wp-json\/wp\/v2\/product_cat?post=781003"},{"taxonomy":"product_tag","embeddable":true,"href":"https:\/\/roveyayinevi.com.tr\/index.php\/wp-json\/wp\/v2\/product_tag?post=781003"}],"curies":[{"name":"wp","href":"https:\/\/api.w.org\/{rel}","templated":true}]}}