{"id":781001,"date":"2026-01-20T04:33:54","date_gmt":"2026-01-20T01:33:54","guid":{"rendered":"https:\/\/roveyayinevi.com.tr\/index.php\/urun\/turkiyede-yuksekogretim-ve-bilim\/"},"modified":"2026-04-15T03:45:28","modified_gmt":"2026-04-15T00:45:28","slug":"turkiyede-yuksekogretim-ve-bilim","status":"publish","type":"product","link":"https:\/\/roveyayinevi.com.tr\/index.php\/urun\/turkiyede-yuksekogretim-ve-bilim\/","title":{"rendered":"T\u00fcrkiye\u2019de Y\u00fcksek\u00f6\u011fretim ve Bilim"},"content":{"rendered":"<p>T\u00fcrkiye\u2019de y\u00fcksek\u00f6\u011fretim sistemi son yirmi y\u0131lda h\u0131zl\u0131 bir kitleselle\u015fme s\u00fcrecinden ge\u00e7erek \u00f6\u011frenci ve kurum say\u0131s\u0131nda dikkat \u00e7ekici bir art\u0131\u015f g\u00f6stermi\u015ftir. Bu b\u00fcy\u00fcme, ge\u00e7mi\u015fte yap\u0131sal nitelik ta\u015f\u0131yan pek \u00e7ok sorunun hafiflemesini sa\u011flasa da yeni ve daha karma\u015f\u0131k sorun alanlar\u0131n\u0131 da g\u00f6r\u00fcn\u00fcr k\u0131lm\u0131\u015ft\u0131r. T\u00fcrkiye\u2019de Y\u00fcksek\u00f6\u011fretim ve Bilim, s\u00f6z konusu d\u00f6n\u00fc\u015f\u00fcm\u00fc \u00e7ok boyutlu bir \u00e7er\u00e7evede ele alarak y\u00fcksek\u00f6\u011fretim politikalar\u0131n\u0131n mevcut durumunu, s\u0131n\u0131rlar\u0131n\u0131 ve gelece\u011fe y\u00f6nelik y\u00f6nelimlerini kapsaml\u0131 bi\u00e7imde ele almaktad\u0131r. Eserde, \u00f6\u011fretim \u00fcyesi arz\u0131, kalite g\u00fcvencesi, kurumsal farkl\u0131la\u015fma, uluslararas\u0131la\u015fma ve bilimsel \u00fcretim kapasitesi gibi y\u00fcksek\u00f6\u011fretim sisteminin temel bile\u015fenlerine ili\u015fkin g\u00fcncel de\u011ferlendirmeler yer almaktad\u0131r. Yapay zek\u00e2, kuantum teknolojileri ve de\u011fi\u015fen i\u015f g\u00fcc\u00fc piyasalar\u0131 gibi yeni bilimsel ve teknolojik dinamiklerin y\u00fcksek\u00f6\u011fretime etkisinin ele al\u0131nd\u0131\u011f\u0131 k\u0131s\u0131mlarsa \u00fcniversitelerin gelecekte \u00fcstlenece\u011fi rol\u00fcn yeniden d\u00fc\u015f\u00fcn\u00fclmesini gerektiren yap\u0131sal d\u00f6n\u00fc\u015f\u00fcmlere i\u015faret etmektedir. Ayr\u0131ca kitapta; medeniyet tasavvuru, matematik ve bilim tarihine y\u00f6nelik tart\u0131\u015fmalar ile e\u011fitim politikalar\u0131nda tutarl\u0131l\u0131k ve y\u00f6neti\u015fim meseleleri incelenmekte, b\u00f6ylece y\u00fcksek\u00f6\u011fretim tart\u0131\u015fmalar\u0131 daha geni\u015f bir d\u00fc\u015f\u00fcnsel \u00e7er\u00e7eveye yerle\u015ftirilmektedir. T\u00fcrkiye\u2019de Y\u00fcksek\u00f6\u011fretim ve Bilim, akademisyenler ve ara\u015ft\u0131rmac\u0131lar i\u00e7in T\u00fcrkiye\u2019nin y\u00fcksek\u00f6\u011fretim alan\u0131ndaki mevcut konumunu de\u011ferlendirmeye ve gelece\u011fe ili\u015fkin stratejik bir perspektif geli\u015ftirmeye imk\u00e2n sunan b\u00fct\u00fcnc\u00fcl bir ba\u015fvuru kayna\u011f\u0131 niteli\u011findedir.<\/p>\n","protected":false},"excerpt":{"rendered":"<p>T\u00fcrkiye\u2019de y\u00fcksek\u00f6\u011fretim sistemi son yirmi y\u0131lda h\u0131zl\u0131 bir kitleselle\u015fme s\u00fcrecinden ge\u00e7erek \u00f6\u011frenci ve kurum say\u0131s\u0131nda dikkat \u00e7ekici bir art\u0131\u015f g\u00f6stermi\u015ftir. Bu b\u00fcy\u00fcme, ge\u00e7mi\u015fte yap\u0131sal nitelik ta\u015f\u0131yan<span class=\"excerpt-hellip\"> [\u2026]<\/span><\/p>\n","protected":false},"featured_media":0,"template":"","meta":{"_monsterinsights_skip_tracking":false,"_monsterinsights_sitenote_active":false,"_monsterinsights_sitenote_note":"","_monsterinsights_sitenote_category":0},"product_brand":[],"product_cat":[13488],"product_tag":[],"class_list":{"0":"post-781001","1":"product","2":"type-product","3":"status-publish","5":"product_cat-toplum-ve-insan","6":"pa_cilt-ciltsiz","7":"pa_tur-kitap","8":"pa_yayinevi-vakifbank-kultur-yayinlari","9":"pa_yazar-mahmut-ozer","11":"first","12":"instock","13":"sale","14":"shipping-taxable","15":"purchasable","16":"product-type-simple"},"_links":{"self":[{"href":"https:\/\/roveyayinevi.com.tr\/index.php\/wp-json\/wp\/v2\/product\/781001","targetHints":{"allow":["GET"]}}],"collection":[{"href":"https:\/\/roveyayinevi.com.tr\/index.php\/wp-json\/wp\/v2\/product"}],"about":[{"href":"https:\/\/roveyayinevi.com.tr\/index.php\/wp-json\/wp\/v2\/types\/product"}],"wp:attachment":[{"href":"https:\/\/roveyayinevi.com.tr\/index.php\/wp-json\/wp\/v2\/media?parent=781001"}],"wp:term":[{"taxonomy":"product_brand","embeddable":true,"href":"https:\/\/roveyayinevi.com.tr\/index.php\/wp-json\/wp\/v2\/product_brand?post=781001"},{"taxonomy":"product_cat","embeddable":true,"href":"https:\/\/roveyayinevi.com.tr\/index.php\/wp-json\/wp\/v2\/product_cat?post=781001"},{"taxonomy":"product_tag","embeddable":true,"href":"https:\/\/roveyayinevi.com.tr\/index.php\/wp-json\/wp\/v2\/product_tag?post=781001"}],"curies":[{"name":"wp","href":"https:\/\/api.w.org\/{rel}","templated":true}]}}