{"id":780998,"date":"2026-01-20T04:33:43","date_gmt":"2026-01-20T01:33:43","guid":{"rendered":"https:\/\/roveyayinevi.com.tr\/index.php\/urun\/erken-modern-avrupa-tarihi-yonetenler-ve-yonetilenler\/"},"modified":"2026-04-15T03:45:28","modified_gmt":"2026-04-15T00:45:28","slug":"erken-modern-avrupa-tarihi-yonetenler-ve-yonetilenler","status":"publish","type":"product","link":"https:\/\/roveyayinevi.com.tr\/index.php\/urun\/erken-modern-avrupa-tarihi-yonetenler-ve-yonetilenler\/","title":{"rendered":"Erken Modern Avrupa Tarihi Y\u00f6netenler ve Y\u00f6netilenler"},"content":{"rendered":"<p>Erken modern Avrupa tarihini krallar ve sava\u015flar \u00fczerinden de\u011fil, iktidar\u0131n toplumsal dokuda nas\u0131l kuruldu\u011funu ve s\u0131nand\u0131\u011f\u0131n\u0131 g\u00f6steren kapsaml\u0131 bu panorama, orta \u00e7a\u011flar\u0131n sonundan on sekizinci y\u00fczy\u0131la kadar geni\u015f bir kronolojiyi ayr\u0131nt\u0131lar\u0131yla ele al\u0131yor. Tarih\u00e7ilikteki yeni ara\u015ft\u0131rma y\u00f6ntemlerini ve klasikle\u015fmi\u015f literat\u00fcr\u00fc b\u00fct\u00fcnl\u00fck i\u00e7inde de\u011ferlendiren eser, Avrupa monar\u015filerinin hanedan siyaseti, me\u015fruiyet ve kurumla\u015fma eksenlerini oda\u011f\u0131nda tutuyor. On alt\u0131nc\u0131 y\u00fczy\u0131lda V. Karl\u2019\u0131n \u201cevrensel monar\u015fi\u201d ufku, mezhep sava\u015flar\u0131 ile barok monar\u015finin ayg\u0131tlar\u0131, monar\u015fik iktidarlar\u0131n s\u0131rf \u201ctepedeki\u201d bir irade de\u011fil, ayn\u0131 zamanda parlamento, saray rit\u00fcelleri ve \u00e7e\u015fitli hukuk sistemleriyle \u00f6r\u00fclm\u00fc\u015f bir pazarl\u0131k sahas\u0131 oldu\u011funu berrak bi\u00e7imde g\u00f6steriyor. Erken modern Avrupa\u2019daki devletlerin esneklik ve k\u0131r\u0131lganl\u0131\u011f\u0131n ayn\u0131 zeminde nas\u0131l var oldu\u011funu, modernli\u011fe giden yolda \u00f6nce R\u00f6nesans sonra birle\u015fik monar\u015filer tecr\u00fcbelerinin, Frans\u0131z ve Habsburg mutlakiyetinin s\u0131n\u0131rlar\u0131n\u0131, mek\u00e2nlar\u0131n\u0131, mali ve asker\u00ee idarelerini yo\u011fun ayr\u0131nt\u0131larla resmeden eser, nihai olarak \u015fu sorunun pe\u015finde: Erken modern Avrupa devletlerinde iktidar ve halklar aras\u0131ndaki ili\u015fkinin esaslar\u0131 nelerdi? Vak\u0131fBank K\u00fclt\u00fcr Yay\u0131nlar\u0131\u2019n\u0131n Erken Modern Avrupa Tarihi serisinin 6. kitab\u0131, modern Avrupa\u2019n\u0131n iktidar yap\u0131lar\u0131n\u0131n tarihsel k\u00f6kenlerini \u00e7\u00f6z\u00fcmlemek i\u00e7in bir rehber niteli\u011finde: monar\u015fik yap\u0131lardan cumhuriyet ve cumhur yap\u0131lar\u0131na; vergi, kurumsalla\u015fan kredi sistemleri ile devlet tahvilleri ve b\u00fcrokratik yap\u0131lar\u0131n anatomileri bu cildin geni\u015f ufkunda \u00f6nemli duraklar\u0131 te\u015fkil ediyor.<\/p>\n","protected":false},"excerpt":{"rendered":"<p>Erken modern Avrupa tarihini krallar ve sava\u015flar \u00fczerinden de\u011fil, iktidar\u0131n toplumsal dokuda nas\u0131l kuruldu\u011funu ve s\u0131nand\u0131\u011f\u0131n\u0131 g\u00f6steren kapsaml\u0131 bu panorama, orta \u00e7a\u011flar\u0131n sonundan on sekizinci y\u00fczy\u0131la<span class=\"excerpt-hellip\"> [\u2026]<\/span><\/p>\n","protected":false},"featured_media":0,"template":"","meta":{"_monsterinsights_skip_tracking":false,"_monsterinsights_sitenote_active":false,"_monsterinsights_sitenote_note":"","_monsterinsights_sitenote_category":0},"product_brand":[],"product_cat":[12304],"product_tag":[],"class_list":{"0":"post-780998","1":"product","2":"type-product","3":"status-publish","5":"product_cat-tarih","6":"pa_cilt-ciltsiz","7":"pa_tur-kitap","8":"pa_yayinevi-vakifbank-kultur-yayinlari","9":"pa_yazar-hamish-scott","11":"first","12":"instock","13":"sale","14":"shipping-taxable","15":"purchasable","16":"product-type-simple"},"_links":{"self":[{"href":"https:\/\/roveyayinevi.com.tr\/index.php\/wp-json\/wp\/v2\/product\/780998","targetHints":{"allow":["GET"]}}],"collection":[{"href":"https:\/\/roveyayinevi.com.tr\/index.php\/wp-json\/wp\/v2\/product"}],"about":[{"href":"https:\/\/roveyayinevi.com.tr\/index.php\/wp-json\/wp\/v2\/types\/product"}],"wp:attachment":[{"href":"https:\/\/roveyayinevi.com.tr\/index.php\/wp-json\/wp\/v2\/media?parent=780998"}],"wp:term":[{"taxonomy":"product_brand","embeddable":true,"href":"https:\/\/roveyayinevi.com.tr\/index.php\/wp-json\/wp\/v2\/product_brand?post=780998"},{"taxonomy":"product_cat","embeddable":true,"href":"https:\/\/roveyayinevi.com.tr\/index.php\/wp-json\/wp\/v2\/product_cat?post=780998"},{"taxonomy":"product_tag","embeddable":true,"href":"https:\/\/roveyayinevi.com.tr\/index.php\/wp-json\/wp\/v2\/product_tag?post=780998"}],"curies":[{"name":"wp","href":"https:\/\/api.w.org\/{rel}","templated":true}]}}