{"id":780996,"date":"2026-01-20T04:33:36","date_gmt":"2026-01-20T01:33:36","guid":{"rendered":"https:\/\/roveyayinevi.com.tr\/index.php\/urun\/hayat-kurtaran-bilinc\/"},"modified":"2026-04-11T14:47:47","modified_gmt":"2026-04-11T11:47:47","slug":"hayat-kurtaran-bilinc","status":"publish","type":"product","link":"https:\/\/roveyayinevi.com.tr\/index.php\/urun\/hayat-kurtaran-bilinc\/","title":{"rendered":"Hayat Kurtaran Bilin\u00e7"},"content":{"rendered":"<p>T\u00fcrkiye&#8217;nin deprem ger\u00e7e\u011fi kar\u015f\u0131s\u0131nda kadercilik de\u011fil, bilin\u00e7li haz\u0131rl\u0131k hayat kurtar\u0131r! Bu kitap, ulusal arama kurtarma sisteminden deprem risk haritas\u0131na, aile afet plan\u0131ndan \u201c\u00c7\u00f6k-Kapan-Tutun\u201d tekni\u011fine, engelli bireyler i\u00e7in \u00f6zel \u00f6nlemlerden ilk yard\u0131m bilgilerine kadar somut, uygulanabilir ad\u0131mlarla dolu bir rehber. Deprem \u00f6ld\u00fcrmez, ihmal ve haz\u0131rl\u0131ks\u0131zl\u0131k \u00f6ld\u00fcr\u00fcr. \u0130\u015fte bu bilin\u00e7, enkaz alt\u0131nda kalan bir can\u0131 mucizeye d\u00f6n\u00fc\u015ft\u00fcrebilir. Hakan K\u0131saca, saha tecr\u00fcbeli bir arama kurtarma uzman\u0131 olarak, b\u00fcy\u00fck afetlerden \u00e7\u0131kar\u0131lan dersleri bu esere aktararak toplumun her ferdine sesleniyor. Hayat Kurtaran Bilin\u00e7 ile bug\u00fcn haz\u0131rlan\u0131n, yar\u0131n \u201cke\u015fke\u201d demeyin. Bir hayat kurtarmak, sizin elinizde!<\/p>\n","protected":false},"excerpt":{"rendered":"<p>T\u00fcrkiye&#8217;nin deprem ger\u00e7e\u011fi kar\u015f\u0131s\u0131nda kadercilik de\u011fil, bilin\u00e7li haz\u0131rl\u0131k hayat kurtar\u0131r! Bu kitap, ulusal arama kurtarma sisteminden deprem risk haritas\u0131na, aile afet plan\u0131ndan \u201c\u00c7\u00f6k-Kapan-Tutun\u201d tekni\u011fine, engelli bireyler<span class=\"excerpt-hellip\"> [\u2026]<\/span><\/p>\n","protected":false},"featured_media":0,"template":"","meta":{"_monsterinsights_skip_tracking":false,"_monsterinsights_sitenote_active":false,"_monsterinsights_sitenote_note":"","_monsterinsights_sitenote_category":0},"product_brand":[],"product_cat":[12364],"product_tag":[],"class_list":{"0":"post-780996","1":"product","2":"type-product","3":"status-publish","5":"product_cat-genel-konular","6":"pa_cilt-ciltsiz","7":"pa_tur-kitap","8":"pa_yayinevi-kalem-lugat-yayincilik","9":"pa_yazar-hakan-kisaca","11":"first","12":"instock","13":"sale","14":"shipping-taxable","15":"purchasable","16":"product-type-simple"},"_links":{"self":[{"href":"https:\/\/roveyayinevi.com.tr\/index.php\/wp-json\/wp\/v2\/product\/780996","targetHints":{"allow":["GET"]}}],"collection":[{"href":"https:\/\/roveyayinevi.com.tr\/index.php\/wp-json\/wp\/v2\/product"}],"about":[{"href":"https:\/\/roveyayinevi.com.tr\/index.php\/wp-json\/wp\/v2\/types\/product"}],"wp:attachment":[{"href":"https:\/\/roveyayinevi.com.tr\/index.php\/wp-json\/wp\/v2\/media?parent=780996"}],"wp:term":[{"taxonomy":"product_brand","embeddable":true,"href":"https:\/\/roveyayinevi.com.tr\/index.php\/wp-json\/wp\/v2\/product_brand?post=780996"},{"taxonomy":"product_cat","embeddable":true,"href":"https:\/\/roveyayinevi.com.tr\/index.php\/wp-json\/wp\/v2\/product_cat?post=780996"},{"taxonomy":"product_tag","embeddable":true,"href":"https:\/\/roveyayinevi.com.tr\/index.php\/wp-json\/wp\/v2\/product_tag?post=780996"}],"curies":[{"name":"wp","href":"https:\/\/api.w.org\/{rel}","templated":true}]}}