{"id":780995,"date":"2026-01-20T04:33:34","date_gmt":"2026-01-20T01:33:34","guid":{"rendered":"https:\/\/roveyayinevi.com.tr\/index.php\/urun\/terorsuz-turkiye-birligi\/"},"modified":"2026-03-03T03:58:27","modified_gmt":"2026-03-03T00:58:27","slug":"terorsuz-turkiye-birligi","status":"publish","type":"product","link":"https:\/\/roveyayinevi.com.tr\/index.php\/urun\/terorsuz-turkiye-birligi\/","title":{"rendered":"Ter\u00f6rs\u00fcz T\u00fcrkiye Birli\u011fi"},"content":{"rendered":"<p>TER\u00d6R KIRK YILDIR BU M\u0130LLET\u0130N C\u0130\u011eER\u0130N\u0130 DA\u011eLADI. ARTIK YETER! BU K\u0130TAP: \u015eEH\u0130D\u0130N SES\u0130, ANANIN G\u00d6ZYA\u015eI, DEVLET\u0130N KARARLILI\u011eI, M\u0130LLET\u0130N B\u0130RLE\u015eMES\u0130D\u0130R. T\u00dcRK\u0130YE B\u0130RL\u0130K OLACAK, T\u00dcRK\u0130YE B\u0130T\u0130RECEKT\u0130R. TER\u00d6RS\u00dcZ T\u00dcRK\u0130YE GEL\u0130YOR&#8230; YA B\u0130RL\u0130KTE, YA H\u0130\u00c7. SEH\u0130TLER\u0130M\u0130Z\u0130N RUHLARI \u015eAD OLSUN. BAYRA\u011eIMIZ G\u00d6KLERDE, VATANIMIZ SONSUZA DEK B\u00d6L\u00dcNMEZ OLSUN. TER\u00d6RS\u00dcZ T\u00dcRK\u0130YE G\u00dc\u00c7 B\u0130RL\u0130\u011e\u0130 M\u0130LLET\u0130M\u0130Z\u0130N SES\u0130D\u0130R.<\/p>\n","protected":false},"excerpt":{"rendered":"<p>TER\u00d6R KIRK YILDIR BU M\u0130LLET\u0130N C\u0130\u011eER\u0130N\u0130 DA\u011eLADI. ARTIK YETER! BU K\u0130TAP: \u015eEH\u0130D\u0130N SES\u0130, ANANIN G\u00d6ZYA\u015eI, DEVLET\u0130N KARARLILI\u011eI, M\u0130LLET\u0130N B\u0130RLE\u015eMES\u0130D\u0130R. T\u00dcRK\u0130YE B\u0130RL\u0130K OLACAK, T\u00dcRK\u0130YE B\u0130T\u0130RECEKT\u0130R. TER\u00d6RS\u00dcZ T\u00dcRK\u0130YE<span class=\"excerpt-hellip\"> [\u2026]<\/span><\/p>\n","protected":false},"featured_media":0,"template":"","meta":{"_monsterinsights_skip_tracking":false,"_monsterinsights_sitenote_active":false,"_monsterinsights_sitenote_note":"","_monsterinsights_sitenote_category":0},"product_brand":[],"product_cat":[12337],"product_tag":[],"class_list":{"0":"post-780995","1":"product","2":"type-product","3":"status-publish","5":"product_cat-politika-siyaset","6":"pa_cilt-ciltsiz","7":"pa_tur-kitap","8":"pa_yayinevi-kalem-lugat-yayincilik","9":"pa_yazar-hakan-kisaca","11":"first","12":"instock","13":"sale","14":"shipping-taxable","15":"purchasable","16":"product-type-simple"},"_links":{"self":[{"href":"https:\/\/roveyayinevi.com.tr\/index.php\/wp-json\/wp\/v2\/product\/780995","targetHints":{"allow":["GET"]}}],"collection":[{"href":"https:\/\/roveyayinevi.com.tr\/index.php\/wp-json\/wp\/v2\/product"}],"about":[{"href":"https:\/\/roveyayinevi.com.tr\/index.php\/wp-json\/wp\/v2\/types\/product"}],"wp:attachment":[{"href":"https:\/\/roveyayinevi.com.tr\/index.php\/wp-json\/wp\/v2\/media?parent=780995"}],"wp:term":[{"taxonomy":"product_brand","embeddable":true,"href":"https:\/\/roveyayinevi.com.tr\/index.php\/wp-json\/wp\/v2\/product_brand?post=780995"},{"taxonomy":"product_cat","embeddable":true,"href":"https:\/\/roveyayinevi.com.tr\/index.php\/wp-json\/wp\/v2\/product_cat?post=780995"},{"taxonomy":"product_tag","embeddable":true,"href":"https:\/\/roveyayinevi.com.tr\/index.php\/wp-json\/wp\/v2\/product_tag?post=780995"}],"curies":[{"name":"wp","href":"https:\/\/api.w.org\/{rel}","templated":true}]}}