{"id":780994,"date":"2026-01-20T04:33:29","date_gmt":"2026-01-20T01:33:29","guid":{"rendered":"https:\/\/roveyayinevi.com.tr\/index.php\/urun\/cicek-ve-kaplan-gozu\/"},"modified":"2026-04-15T03:45:28","modified_gmt":"2026-04-15T00:45:28","slug":"cicek-ve-kaplan-gozu","status":"publish","type":"product","link":"https:\/\/roveyayinevi.com.tr\/index.php\/urun\/cicek-ve-kaplan-gozu\/","title":{"rendered":"\u00c7i\u00e7ek ve Kaplan G\u00f6z\u00fc"},"content":{"rendered":"<p>Hepimizin i\u00e7inde bir kaplan g\u00f6z\u00fc sakl\u0131! Gizem ve ke\u015fiflerle dolu romanlar\u0131nda tasarlad\u0131\u011f\u0131 fantastik d\u00fcnyalarla sevilen Sabri Safiye, bu sefer, bir kasabay\u0131 sular alt\u0131nda b\u0131rakan f\u0131rt\u0131nan\u0131n ard\u0131ndan kendi yolunu arayan bir \u00e7ocu\u011fu anlat\u0131yor. Ger\u00e7ekle hayalin i\u00e7 i\u00e7e ge\u00e7ti\u011fi hik\u00e2ye, korkular\u0131n yerini meraka, yaln\u0131zl\u0131\u011f\u0131n yerini cesarete b\u0131rakt\u0131\u011f\u0131 macera dolu bir b\u00fcy\u00fcme yolculu\u011fu. Okurunu, i\u00e7indeki \u201ckaplan g\u00f6z\u00fc\u201dn\u00fc bulmaya ve hayata onun g\u00fcc\u00fcyle bakmaya \u00e7a\u011f\u0131r\u0131yor.\u00c7i\u00e7ek, haval\u0131 s\u0131n\u0131f arkada\u015f\u0131n\u0131n ya\u015f g\u00fcn\u00fcne davet edilmeyince \u00e7ok \u00fcz\u00fcl\u00fcr. Zaten partide giyece\u011fi \u015f\u0131k giysisi de yoktur. Ninesinin i\u015flemeli eski ceketini g\u00f6r\u00fcnce sevinir, ama onun da d\u00fc\u011fmesi kopuktur. Neyse ki sorun, kom\u015fular\u0131 Kaptan&#8217;\u0131n verdi\u011fi \u201ckaplan g\u00f6z\u00fc\u201d ta\u015f\u0131ndan d\u00fc\u011fmeyle \u00e7\u00f6z\u00fcl\u00fcr. O gece patlayan f\u0131rt\u0131na her \u015feyi alt\u00fcst eder. Kaptan&#8217;\u0131n smokin desenli kedisi Doktor&#8217;la \u00c7i\u00e7ek sele kap\u0131l\u0131rlar. \u0130kiliyi kurtaran bal\u0131k\u00e7\u0131 teknesinin komik kaptanlar\u0131 ve bir kaplumba\u011fa sayesinde macera al\u0131r ba\u015f\u0131n\u0131 gider\u2026<\/p>\n","protected":false},"excerpt":{"rendered":"<p>Hepimizin i\u00e7inde bir kaplan g\u00f6z\u00fc sakl\u0131! Gizem ve ke\u015fiflerle dolu romanlar\u0131nda tasarlad\u0131\u011f\u0131 fantastik d\u00fcnyalarla sevilen Sabri Safiye, bu sefer, bir kasabay\u0131 sular alt\u0131nda b\u0131rakan f\u0131rt\u0131nan\u0131n ard\u0131ndan<span class=\"excerpt-hellip\"> [\u2026]<\/span><\/p>\n","protected":false},"featured_media":0,"template":"","meta":{"_monsterinsights_skip_tracking":false,"_monsterinsights_sitenote_active":false,"_monsterinsights_sitenote_note":"","_monsterinsights_sitenote_category":0},"product_brand":[],"product_cat":[12274,12284],"product_tag":[],"class_list":{"0":"post-780994","1":"product","2":"type-product","3":"status-publish","5":"product_cat-cocuk-ve-genclik-kitaplari","6":"product_cat-hikayeler","7":"pa_cilt-ciltsiz","8":"pa_tur-kitap","9":"pa_yayinevi-gunisigi-kitapligi","10":"pa_yazar-sabri-safiye","12":"first","13":"instock","14":"sale","15":"shipping-taxable","16":"purchasable","17":"product-type-simple"},"_links":{"self":[{"href":"https:\/\/roveyayinevi.com.tr\/index.php\/wp-json\/wp\/v2\/product\/780994","targetHints":{"allow":["GET"]}}],"collection":[{"href":"https:\/\/roveyayinevi.com.tr\/index.php\/wp-json\/wp\/v2\/product"}],"about":[{"href":"https:\/\/roveyayinevi.com.tr\/index.php\/wp-json\/wp\/v2\/types\/product"}],"wp:attachment":[{"href":"https:\/\/roveyayinevi.com.tr\/index.php\/wp-json\/wp\/v2\/media?parent=780994"}],"wp:term":[{"taxonomy":"product_brand","embeddable":true,"href":"https:\/\/roveyayinevi.com.tr\/index.php\/wp-json\/wp\/v2\/product_brand?post=780994"},{"taxonomy":"product_cat","embeddable":true,"href":"https:\/\/roveyayinevi.com.tr\/index.php\/wp-json\/wp\/v2\/product_cat?post=780994"},{"taxonomy":"product_tag","embeddable":true,"href":"https:\/\/roveyayinevi.com.tr\/index.php\/wp-json\/wp\/v2\/product_tag?post=780994"}],"curies":[{"name":"wp","href":"https:\/\/api.w.org\/{rel}","templated":true}]}}