{"id":780992,"date":"2026-01-20T04:33:24","date_gmt":"2026-01-20T01:33:24","guid":{"rendered":"https:\/\/roveyayinevi.com.tr\/index.php\/urun\/bahce-2\/"},"modified":"2026-04-15T03:45:28","modified_gmt":"2026-04-15T00:45:28","slug":"bahce-2","status":"publish","type":"product","link":"https:\/\/roveyayinevi.com.tr\/index.php\/urun\/bahce-2\/","title":{"rendered":"Bah\u00e7e"},"content":{"rendered":"<p>Annem dikkatle bakt\u0131: \u201cS\u00f6yledi\u011fin \u015feye inan\u0131yor musun sen?\u201d \u201cEvet. Yaln\u0131z dedem de\u011fil, babaannem de hasta. \u00d6yle olmasalar marketten alabilece\u011fimiz \u015feyleri elde etmek i\u00e7in \u00e7aba harcamaz, onun bunun eskilerini bah\u00e7eye y\u0131\u011fmazlard\u0131. Eski p\u00fcsk\u00fc avizeler, sehpalar ya da sandalyeler neyimize bizim?\u201d   G\u00fcrsel Korat\u2019\u0131n Bah\u00e7e\u2019si, emekli olan babaannesi ile dedesinin neler yapt\u0131klar\u0131n\u0131 anlamayan ve i\u00e7ten i\u00e7e onlara k\u0131zan bir \u00e7ocu\u011fun \u00e7evre bilincine kavu\u015fmas\u0131n\u0131 anlatan bir hik\u00e2ye..<\/p>\n","protected":false},"excerpt":{"rendered":"<p>Annem dikkatle bakt\u0131: \u201cS\u00f6yledi\u011fin \u015feye inan\u0131yor musun sen?\u201d \u201cEvet. Yaln\u0131z dedem de\u011fil, babaannem de hasta. \u00d6yle olmasalar marketten alabilece\u011fimiz \u015feyleri elde etmek i\u00e7in \u00e7aba harcamaz, onun<span class=\"excerpt-hellip\"> [\u2026]<\/span><\/p>\n","protected":false},"featured_media":0,"template":"","meta":{"_monsterinsights_skip_tracking":false,"_monsterinsights_sitenote_active":false,"_monsterinsights_sitenote_note":"","_monsterinsights_sitenote_category":0},"product_brand":[],"product_cat":[141304],"product_tag":[],"class_list":{"0":"post-780992","1":"product","2":"type-product","3":"status-publish","5":"product_cat-yeni-cikanlar","6":"pa_cilt-ciltsiz","7":"pa_tur-kitap","8":"pa_yayinevi-yapi-kredi-yayinlari","9":"pa_yazar-gursel-korat","11":"first","12":"instock","13":"sale","14":"shipping-taxable","15":"purchasable","16":"product-type-simple"},"_links":{"self":[{"href":"https:\/\/roveyayinevi.com.tr\/index.php\/wp-json\/wp\/v2\/product\/780992","targetHints":{"allow":["GET"]}}],"collection":[{"href":"https:\/\/roveyayinevi.com.tr\/index.php\/wp-json\/wp\/v2\/product"}],"about":[{"href":"https:\/\/roveyayinevi.com.tr\/index.php\/wp-json\/wp\/v2\/types\/product"}],"wp:attachment":[{"href":"https:\/\/roveyayinevi.com.tr\/index.php\/wp-json\/wp\/v2\/media?parent=780992"}],"wp:term":[{"taxonomy":"product_brand","embeddable":true,"href":"https:\/\/roveyayinevi.com.tr\/index.php\/wp-json\/wp\/v2\/product_brand?post=780992"},{"taxonomy":"product_cat","embeddable":true,"href":"https:\/\/roveyayinevi.com.tr\/index.php\/wp-json\/wp\/v2\/product_cat?post=780992"},{"taxonomy":"product_tag","embeddable":true,"href":"https:\/\/roveyayinevi.com.tr\/index.php\/wp-json\/wp\/v2\/product_tag?post=780992"}],"curies":[{"name":"wp","href":"https:\/\/api.w.org\/{rel}","templated":true}]}}