{"id":780989,"date":"2026-01-20T04:33:13","date_gmt":"2026-01-20T01:33:13","guid":{"rendered":"https:\/\/roveyayinevi.com.tr\/index.php\/urun\/paradan-platforma\/"},"modified":"2026-04-15T03:45:27","modified_gmt":"2026-04-15T00:45:27","slug":"paradan-platforma","status":"publish","type":"product","link":"https:\/\/roveyayinevi.com.tr\/index.php\/urun\/paradan-platforma\/","title":{"rendered":"Paradan Platforma"},"content":{"rendered":"<p>Nakit azald\u0131, kartlar de\u011fi\u015fti, telefonlar c\u00fczdan oldu.   Ticaretin dili art\u0131k dijital.    Paradan platforma, paran\u0131n ve \u00f6demenin ge\u00e7irdi\u011fi b\u00fcy\u00fck d\u00f6n\u00fc\u015f\u00fcm\u00fc sade, anla\u015f\u0131l\u0131r ve \u00e7arp\u0131c\u0131 bir dille anlat\u0131yor. G\u00fcnl\u00fck hayatta kulland\u0131\u011f\u0131m\u0131z temass\u0131z \u00f6demelerden mobil c\u00fczdanlara, QR koddan a\u00e7\u0131k bankac\u0131l\u0131\u011fa kadar uzanan bu yeni d\u00fczenin arka plan\u0131n\u0131 g\u00f6zler \u00f6n\u00fcne seriyor.    Bu kitap;   Al\u0131\u015fveri\u015f yaparken fark etmeden kulland\u0131\u011f\u0131m\u0131z sistemlerin nas\u0131l \u00e7al\u0131\u015ft\u0131\u011f\u0131n\u0131,   d\u00fcnyada nelerin de\u011fi\u015fti\u011fini,   T\u00fcrkiye\u2019nin bu d\u00f6n\u00fc\u015f\u00fcmde nerede durdu\u011funu anlat\u0131yor.    Teknoloji \u015firketleri, bankalar, fintech\u2019ler, perakendeciler ve giri\u015fimler i\u00e7in oyunun kurallar\u0131 yeniden yaz\u0131l\u0131rken; kazananlar h\u0131z\u0131, veriyi ve g\u00fcveni y\u00f6netenler oluyor.   Kasadan Koda, bu oyunu anlamak isteyen herkes i\u00e7in yaz\u0131ld\u0131.    Teknik detaya bo\u011fmadan, akademik dile tak\u0131lmadan\u2026   Ger\u00e7ek \u00f6rneklerle, g\u00fcncel uygulamalarla, kar\u015f\u0131la\u015ft\u0131rmal\u0131 bak\u0131\u015f a\u00e7\u0131s\u0131yla.    Bug\u00fcn cebimizde ta\u015f\u0131d\u0131\u011f\u0131m\u0131z \u015fey para de\u011fil, bir sistem.     Bu sistemi anlamadan gelece\u011fin ticaretini anlamak m\u00fcmk\u00fcn de\u011fil.<\/p>\n","protected":false},"excerpt":{"rendered":"<p>Nakit azald\u0131, kartlar de\u011fi\u015fti, telefonlar c\u00fczdan oldu. Ticaretin dili art\u0131k dijital. Paradan platforma, paran\u0131n ve \u00f6demenin ge\u00e7irdi\u011fi b\u00fcy\u00fck d\u00f6n\u00fc\u015f\u00fcm\u00fc sade, anla\u015f\u0131l\u0131r ve \u00e7arp\u0131c\u0131 bir dille anlat\u0131yor.<span class=\"excerpt-hellip\"> [\u2026]<\/span><\/p>\n","protected":false},"featured_media":0,"template":"","meta":{"_monsterinsights_skip_tracking":false,"_monsterinsights_sitenote_active":false,"_monsterinsights_sitenote_note":"","_monsterinsights_sitenote_category":0},"product_brand":[],"product_cat":[17249,13043],"product_tag":[],"class_list":{"0":"post-780989","1":"product","2":"type-product","3":"status-publish","5":"product_cat-borsa-finans","6":"product_cat-ekonomi","7":"pa_cilt-ciltsiz","8":"pa_tur-kitap","9":"pa_yayinevi-perge-yayinlari","10":"pa_yazar-baris-parlak","12":"first","13":"instock","14":"sale","15":"shipping-taxable","16":"purchasable","17":"product-type-simple"},"_links":{"self":[{"href":"https:\/\/roveyayinevi.com.tr\/index.php\/wp-json\/wp\/v2\/product\/780989","targetHints":{"allow":["GET"]}}],"collection":[{"href":"https:\/\/roveyayinevi.com.tr\/index.php\/wp-json\/wp\/v2\/product"}],"about":[{"href":"https:\/\/roveyayinevi.com.tr\/index.php\/wp-json\/wp\/v2\/types\/product"}],"wp:attachment":[{"href":"https:\/\/roveyayinevi.com.tr\/index.php\/wp-json\/wp\/v2\/media?parent=780989"}],"wp:term":[{"taxonomy":"product_brand","embeddable":true,"href":"https:\/\/roveyayinevi.com.tr\/index.php\/wp-json\/wp\/v2\/product_brand?post=780989"},{"taxonomy":"product_cat","embeddable":true,"href":"https:\/\/roveyayinevi.com.tr\/index.php\/wp-json\/wp\/v2\/product_cat?post=780989"},{"taxonomy":"product_tag","embeddable":true,"href":"https:\/\/roveyayinevi.com.tr\/index.php\/wp-json\/wp\/v2\/product_tag?post=780989"}],"curies":[{"name":"wp","href":"https:\/\/api.w.org\/{rel}","templated":true}]}}