{"id":780982,"date":"2026-01-20T04:32:51","date_gmt":"2026-01-20T01:32:51","guid":{"rendered":"https:\/\/roveyayinevi.com.tr\/index.php\/urun\/uyuyamiyorum-2\/"},"modified":"2026-04-15T03:45:27","modified_gmt":"2026-04-15T00:45:27","slug":"uyuyamiyorum-2","status":"publish","type":"product","link":"https:\/\/roveyayinevi.com.tr\/index.php\/urun\/uyuyamiyorum-2\/","title":{"rendered":"Uyuyam\u0131yorum"},"content":{"rendered":"<p>2002 y\u0131l\u0131nda B\u00fct\u00fcnc\u00fcl T\u0131p A\u011fr\u0131 Tedavi \u00d6d\u00fcl\u00fc ile \u0130svi\u00e7re N\u00f6ralterapi Onursal \u00dcyelik, 2005 y\u0131l\u0131nda \u00c7al\u0131\u015fkanl\u0131k \u00d6d\u00fcl\u00fc ve 2008 tarihinde o g\u00fcne kadar sadece 8 ki\u015fiye verilen \u201cHuneke Madalyas\u0131\u201dn\u0131 almaya hak kazanan Prof. Dr. H\u00fcseyin Nazl\u0131kul okuru \u201cuykunun iyile\u015ftirici g\u00fcc\u00fc\u201dne davet ediyor. Uyuyam\u0131yorum, uykunun fizyolojisinde var olan duygusal iyile\u015ftirici g\u00fcc\u00fcne, elektromanyetik stresin zararlar\u0131ndan do\u011fal terapilere, bitkilerden nefes egzersizlerine kadar geni\u015f bir yelpazeyi sade ama bilimsel bir dille ele al\u0131yor. Kitap, okuru sadece daha iyi bir uykuya de\u011fil, ayn\u0131 zamanda daha d\u00fczenli, daha sa\u011fl\u0131kl\u0131 bir ya\u015fama da \u00e7a\u011f\u0131r\u0131yor. Uyku, en temel iyile\u015fme alan\u0131d\u0131r. Elinizdeki kitab\u0131n sat\u0131rlar\u0131nda uykunun sadece bir al\u0131\u015fkanl\u0131k de\u011fil, bir iyile\u015fme sanat\u0131 oldu\u011funu da ke\u015ffedeceksiniz. Sa\u011fl\u0131kl\u0131 uykular&#8230;<\/p>\n","protected":false},"excerpt":{"rendered":"<p>2002 y\u0131l\u0131nda B\u00fct\u00fcnc\u00fcl T\u0131p A\u011fr\u0131 Tedavi \u00d6d\u00fcl\u00fc ile \u0130svi\u00e7re N\u00f6ralterapi Onursal \u00dcyelik, 2005 y\u0131l\u0131nda \u00c7al\u0131\u015fkanl\u0131k \u00d6d\u00fcl\u00fc ve 2008 tarihinde o g\u00fcne kadar sadece 8 ki\u015fiye verilen<span class=\"excerpt-hellip\"> [\u2026]<\/span><\/p>\n","protected":false},"featured_media":0,"template":"","meta":{"_monsterinsights_skip_tracking":false,"_monsterinsights_sitenote_active":false,"_monsterinsights_sitenote_note":"","_monsterinsights_sitenote_category":0},"product_brand":[],"product_cat":[13365],"product_tag":[],"class_list":{"0":"post-780982","1":"product","2":"type-product","3":"status-publish","5":"product_cat-saglik","6":"pa_cilt-ciltsiz","7":"pa_tur-kitap","8":"pa_yayinevi-ucuncu-goz","9":"pa_yazar-huseyin-nazlikul","11":"first","12":"instock","13":"sale","14":"shipping-taxable","15":"purchasable","16":"product-type-simple"},"_links":{"self":[{"href":"https:\/\/roveyayinevi.com.tr\/index.php\/wp-json\/wp\/v2\/product\/780982","targetHints":{"allow":["GET"]}}],"collection":[{"href":"https:\/\/roveyayinevi.com.tr\/index.php\/wp-json\/wp\/v2\/product"}],"about":[{"href":"https:\/\/roveyayinevi.com.tr\/index.php\/wp-json\/wp\/v2\/types\/product"}],"wp:attachment":[{"href":"https:\/\/roveyayinevi.com.tr\/index.php\/wp-json\/wp\/v2\/media?parent=780982"}],"wp:term":[{"taxonomy":"product_brand","embeddable":true,"href":"https:\/\/roveyayinevi.com.tr\/index.php\/wp-json\/wp\/v2\/product_brand?post=780982"},{"taxonomy":"product_cat","embeddable":true,"href":"https:\/\/roveyayinevi.com.tr\/index.php\/wp-json\/wp\/v2\/product_cat?post=780982"},{"taxonomy":"product_tag","embeddable":true,"href":"https:\/\/roveyayinevi.com.tr\/index.php\/wp-json\/wp\/v2\/product_tag?post=780982"}],"curies":[{"name":"wp","href":"https:\/\/api.w.org\/{rel}","templated":true}]}}