{"id":780978,"date":"2026-01-20T04:32:40","date_gmt":"2026-01-20T01:32:40","guid":{"rendered":"https:\/\/roveyayinevi.com.tr\/index.php\/urun\/kategoriler-2\/"},"modified":"2026-04-15T03:45:27","modified_gmt":"2026-04-15T00:45:27","slug":"kategoriler-2","status":"publish","type":"product","link":"https:\/\/roveyayinevi.com.tr\/index.php\/urun\/kategoriler-2\/","title":{"rendered":"Kategoriler"},"content":{"rendered":"<p>\u00d6l\u00fcm\u00fcnden sonra Aristoteles\u2019in yaz\u0131lar\u0131 kimi \u00f6\u011frencileri taraf\u0131ndan bir araya getirilir. Bunlardan uslamlamaya dair olanlar Organon ad\u0131 alt\u0131nda toplan\u0131r. Kategoriler, Organon\u2019unu olu\u015fturan kitaplardan biridir. Aristoteles bu kitab\u0131nda, varolanlara ili\u015fkin deyi\u015f bi\u00e7imlerinin en genel kavramlar\u0131n\u0131 inceler. On kategori vard\u0131r. Bir \u00f6nermede de anacak bu on kategoriye g\u00f6re bir \u015fey s\u00f6ylenebilir. Kategoriler hem varl\u0131k bi\u00e7imleri hakk\u0131ndad\u0131r, hem de dil-d\u00fc\u015f\u00fcnme bi\u00e7imleri hakk\u0131ndad\u0131r.<\/p>\n","protected":false},"excerpt":{"rendered":"<p>\u00d6l\u00fcm\u00fcnden sonra Aristoteles\u2019in yaz\u0131lar\u0131 kimi \u00f6\u011frencileri taraf\u0131ndan bir araya getirilir. Bunlardan uslamlamaya dair olanlar Organon ad\u0131 alt\u0131nda toplan\u0131r. Kategoriler, Organon\u2019unu olu\u015fturan kitaplardan biridir. Aristoteles bu kitab\u0131nda,<span class=\"excerpt-hellip\"> [\u2026]<\/span><\/p>\n","protected":false},"featured_media":0,"template":"","meta":{"_monsterinsights_skip_tracking":false,"_monsterinsights_sitenote_active":false,"_monsterinsights_sitenote_note":"","_monsterinsights_sitenote_category":0},"product_brand":[],"product_cat":[12388],"product_tag":[],"class_list":{"0":"post-780978","1":"product","2":"type-product","3":"status-publish","5":"product_cat-felsefe","6":"pa_cilt-ciltsiz","7":"pa_tur-kitap","8":"pa_yayinevi-bilgesu-yayincilik","9":"pa_yazar-aristoteles","11":"first","12":"instock","13":"sale","14":"shipping-taxable","15":"purchasable","16":"product-type-simple"},"_links":{"self":[{"href":"https:\/\/roveyayinevi.com.tr\/index.php\/wp-json\/wp\/v2\/product\/780978","targetHints":{"allow":["GET"]}}],"collection":[{"href":"https:\/\/roveyayinevi.com.tr\/index.php\/wp-json\/wp\/v2\/product"}],"about":[{"href":"https:\/\/roveyayinevi.com.tr\/index.php\/wp-json\/wp\/v2\/types\/product"}],"wp:attachment":[{"href":"https:\/\/roveyayinevi.com.tr\/index.php\/wp-json\/wp\/v2\/media?parent=780978"}],"wp:term":[{"taxonomy":"product_brand","embeddable":true,"href":"https:\/\/roveyayinevi.com.tr\/index.php\/wp-json\/wp\/v2\/product_brand?post=780978"},{"taxonomy":"product_cat","embeddable":true,"href":"https:\/\/roveyayinevi.com.tr\/index.php\/wp-json\/wp\/v2\/product_cat?post=780978"},{"taxonomy":"product_tag","embeddable":true,"href":"https:\/\/roveyayinevi.com.tr\/index.php\/wp-json\/wp\/v2\/product_tag?post=780978"}],"curies":[{"name":"wp","href":"https:\/\/api.w.org\/{rel}","templated":true}]}}