{"id":780975,"date":"2026-01-20T04:32:34","date_gmt":"2026-01-20T01:32:34","guid":{"rendered":"https:\/\/roveyayinevi.com.tr\/index.php\/urun\/evvel-zaman-izleyicileri\/"},"modified":"2026-04-15T03:45:27","modified_gmt":"2026-04-15T00:45:27","slug":"evvel-zaman-izleyicileri","status":"publish","type":"product","link":"https:\/\/roveyayinevi.com.tr\/index.php\/urun\/evvel-zaman-izleyicileri\/","title":{"rendered":"Evvel Zaman \u0130zleyicileri"},"content":{"rendered":"<p>Evvel Zaman \u0130zleyicileri, 1960\u2019lar-1970\u2019ler T\u00fcrkiye\u2019sinde sinemay\u0131 bir bellek mek\u00e2n\u0131 olarak ele al\u0131yor veizleyiciyi tarihin merkezine yerle\u015ftiriyor. Ayn\u00fclhayat Uybad\u0131n\u2019\u0131n s\u00f6zl\u00fc tarih y\u00f6ntemiyle derledi\u011fitan\u0131kl\u0131klar, sinemaya giden yollar\u0131 birlikte kat etmenin ritmini, yazl\u0131k sinemalarla kapal\u0131 salonlardaki farkl\u0131izleme pratiklerini, y\u0131ld\u0131zlarla kurulan \u00f6zde\u015fliklerin g\u00fcndelik hayat\u0131 nas\u0131l sard\u0131\u011f\u0131n\u0131 anlat\u0131yor.Bir yanda \u2018\u2018sinema e\u011flence de\u011fildir\u2019\u2019 diyen, sinemay\u0131 sanat olarak d\u00fc\u015f\u00fcnmeyi \u00f6\u011frenen seyircilerinhik\u00e2yesi ; \u00f6te yanda \u2018\u2018ba\u015fka ne e\u011flencemiz var ki ?\u2019\u2019 diyen \u00e7o\u011funlu\u011fun topluca g\u00fcl\u00fcp a\u011flad\u0131\u011f\u0131 matinelerinve suarelerin kayd\u0131\u2026 Evvel Zaman \u0130zleyicileri, izleyici arkeolojisinicanl\u0131 bir anlat\u0131yla bulu\u015fturuyor; ki\u015fiselan\u0131lar\u0131n kolektif hik\u00e2yeye nas\u0131l d\u00f6n\u00fc\u015ft\u00fc\u011f\u00fcn\u00fc g\u00f6stererek T\u00fcrkiye\u2019nin s\u0131nema haf\u0131zas\u0131na i\u00e7eriden bir kap\u0131aral\u0131yor. I\u015f\u0131klar s\u00f6n\u00fcyor, perde a\u00e7\u0131l\u0131yor, hat\u0131rlama ba\u015fl\u0131yor.<\/p>\n","protected":false},"excerpt":{"rendered":"<p>Evvel Zaman \u0130zleyicileri, 1960\u2019lar-1970\u2019ler T\u00fcrkiye\u2019sinde sinemay\u0131 bir bellek mek\u00e2n\u0131 olarak ele al\u0131yor veizleyiciyi tarihin merkezine yerle\u015ftiriyor. Ayn\u00fclhayat Uybad\u0131n\u2019\u0131n s\u00f6zl\u00fc tarih y\u00f6ntemiyle derledi\u011fitan\u0131kl\u0131klar, sinemaya giden yollar\u0131 birlikte<span class=\"excerpt-hellip\"> [\u2026]<\/span><\/p>\n","protected":false},"featured_media":0,"template":"","meta":{"_monsterinsights_skip_tracking":false,"_monsterinsights_sitenote_active":false,"_monsterinsights_sitenote_note":"","_monsterinsights_sitenote_category":0},"product_brand":[],"product_cat":[15983,13488],"product_tag":[],"class_list":{"0":"post-780975","1":"product","2":"type-product","3":"status-publish","5":"product_cat-iletisim-ve-medya","6":"product_cat-toplum-ve-insan","7":"pa_cilt-ciltsiz","8":"pa_tur-kitap","9":"pa_yayinevi-heretik-yayincilik","10":"pa_yazar-aynulhayat-uybadin","12":"first","13":"instock","14":"sale","15":"shipping-taxable","16":"purchasable","17":"product-type-simple"},"_links":{"self":[{"href":"https:\/\/roveyayinevi.com.tr\/index.php\/wp-json\/wp\/v2\/product\/780975","targetHints":{"allow":["GET"]}}],"collection":[{"href":"https:\/\/roveyayinevi.com.tr\/index.php\/wp-json\/wp\/v2\/product"}],"about":[{"href":"https:\/\/roveyayinevi.com.tr\/index.php\/wp-json\/wp\/v2\/types\/product"}],"wp:attachment":[{"href":"https:\/\/roveyayinevi.com.tr\/index.php\/wp-json\/wp\/v2\/media?parent=780975"}],"wp:term":[{"taxonomy":"product_brand","embeddable":true,"href":"https:\/\/roveyayinevi.com.tr\/index.php\/wp-json\/wp\/v2\/product_brand?post=780975"},{"taxonomy":"product_cat","embeddable":true,"href":"https:\/\/roveyayinevi.com.tr\/index.php\/wp-json\/wp\/v2\/product_cat?post=780975"},{"taxonomy":"product_tag","embeddable":true,"href":"https:\/\/roveyayinevi.com.tr\/index.php\/wp-json\/wp\/v2\/product_tag?post=780975"}],"curies":[{"name":"wp","href":"https:\/\/api.w.org\/{rel}","templated":true}]}}