{"id":780974,"date":"2026-01-20T04:32:30","date_gmt":"2026-01-20T01:32:30","guid":{"rendered":"https:\/\/roveyayinevi.com.tr\/index.php\/urun\/eli-kalem-tutan-baytarlar\/"},"modified":"2026-04-15T03:45:27","modified_gmt":"2026-04-15T00:45:27","slug":"eli-kalem-tutan-baytarlar","status":"publish","type":"product","link":"https:\/\/roveyayinevi.com.tr\/index.php\/urun\/eli-kalem-tutan-baytarlar\/","title":{"rendered":"Eli Kalem Tutan Baytarlar"},"content":{"rendered":"<p>Veteriner Sa\u011fl\u0131k Meslek Liseleri her ne kadar \u015fimdilerde tarihe kar\u0131\u015fsa da \u00f6\u011frenci ve \u00f6\u011fretmenlerinde g\u00fc\u00e7l\u00fc aidiyet duygusu olu\u015fturan kurumlard\u0131. Paras\u0131z yat\u0131l\u0131 \u00f6\u011frencili\u011fin getirdi\u011fi zorlu gurbet \u015fartlar\u0131nda, okulun bir yuva olmas\u0131 i\u015flevini sa\u011flam bir \u015fekilde kar\u015f\u0131l\u0131yordu. Liseden mezun olduktan sonra gencecik ya\u015fta veteriner teknisyeni olarak devlet memurlu\u011funa atananlar\u0131n \u00e7o\u011fu, y\u00fcksek \u00f6\u011frenimlerini yap\u0131p veteriner hekim ya da ziraat m\u00fchendisi olarak g\u00f6rev yapt\u0131. Baz\u0131lar\u0131 da \u00f6\u011fretmen, hukuk\u00e7u, akademisyen olarak hayatlar\u0131na devam ettiler.VESTED gibi k\u00f6kl\u00fc bir mesleki derne\u011fe sahip oldu\u011fumuzdan, y\u0131llar i\u00e7inde ba\u015fka i\u015f ve me\u015fguliyetlere kaym\u0131\u015f olsak bile \u2018veteriner lisesi mezunu olma ruhunu\u2019 yitirmedik. D\u00fc\u015f\u00fcnd\u00fcm ki: \u00f6\u011fretmen \u015fairler antolojisi var, hukuk\u00e7u \u015fairler antolojisi var, veteriner \u015fairler antolojisi var da neden \u201cVeteriner Sa\u011fl\u0131k Meslek Lisesi K\u00f6kenli \u015eair ve Yazarlar Antolojisi\u201d olmas\u0131n? Benden k\u0131demce b\u00fcy\u00fck okulda\u015f yazar dostlara, b\u00f6yle bir projeyi yapmalar\u0131n\u0131 \u00f6nerdim. Kimse yana\u015fmay\u0131nca da i\u015f ba\u015fa d\u00fc\u015ft\u00fc. B\u00f6ylelikle \u201cEli Kalem Tutan Baytarlar\u201d se\u00e7kimiz ortaya \u00e7\u0131kt\u0131. Antolojimizde daha \u00f6nce en az bir kitab\u0131 yay\u0131nlanm\u0131\u015f, yirmi \u015fair ve yazardan, se\u00e7me \u015fiirler, \u00f6yk\u00fcler ve denemeler var. Kat\u0131l\u0131mc\u0131lar\u0131m\u0131z do\u011fum tarihi s\u0131ras\u0131na g\u00f6re \u015f\u00f6yle s\u0131ralan\u0131yor:Mehmet Akif Ersoy, Mehmet Zeki Akda\u011f, Bedrettin Ayk\u0131n, Erdo\u011fan Baysal, Fahrullah Beyzade, Necmettin \u00c7ak\u0131r, M. Yavuz \u00c7olak, Aytekin \u00d6n\u00e7eken, Halim \u015eafak, Mustafa Ayval\u0131, Hasan Soydan, Ziya Acar, Ali Hikmet Eren, Cenker Atila, Taner Artvinli, Umut \u00c7etin, \u00d6zkan \u015eahbaz, Bora Demir, M. Ferit Can, Polat Onat, Samet Y\u0131ld\u0131r\u0131m.<\/p>\n","protected":false},"excerpt":{"rendered":"<p>Veteriner Sa\u011fl\u0131k Meslek Liseleri her ne kadar \u015fimdilerde tarihe kar\u0131\u015fsa da \u00f6\u011frenci ve \u00f6\u011fretmenlerinde g\u00fc\u00e7l\u00fc aidiyet duygusu olu\u015fturan kurumlard\u0131. Paras\u0131z yat\u0131l\u0131 \u00f6\u011frencili\u011fin getirdi\u011fi zorlu gurbet \u015fartlar\u0131nda,<span class=\"excerpt-hellip\"> [\u2026]<\/span><\/p>\n","protected":false},"featured_media":0,"template":"","meta":{"_monsterinsights_skip_tracking":false,"_monsterinsights_sitenote_active":false,"_monsterinsights_sitenote_note":"","_monsterinsights_sitenote_category":0},"product_brand":[],"product_cat":[12291,18202],"product_tag":[],"class_list":{"0":"post-780974","1":"product","2":"type-product","3":"status-publish","5":"product_cat-edebiyat","6":"product_cat-hikaye","7":"pa_cilt-ciltsiz","8":"pa_tur-kitap","9":"pa_yayinevi-alden-yayinlari","10":"pa_yazar-polat-onat","12":"first","13":"instock","14":"sale","15":"shipping-taxable","16":"purchasable","17":"product-type-simple"},"_links":{"self":[{"href":"https:\/\/roveyayinevi.com.tr\/index.php\/wp-json\/wp\/v2\/product\/780974","targetHints":{"allow":["GET"]}}],"collection":[{"href":"https:\/\/roveyayinevi.com.tr\/index.php\/wp-json\/wp\/v2\/product"}],"about":[{"href":"https:\/\/roveyayinevi.com.tr\/index.php\/wp-json\/wp\/v2\/types\/product"}],"wp:attachment":[{"href":"https:\/\/roveyayinevi.com.tr\/index.php\/wp-json\/wp\/v2\/media?parent=780974"}],"wp:term":[{"taxonomy":"product_brand","embeddable":true,"href":"https:\/\/roveyayinevi.com.tr\/index.php\/wp-json\/wp\/v2\/product_brand?post=780974"},{"taxonomy":"product_cat","embeddable":true,"href":"https:\/\/roveyayinevi.com.tr\/index.php\/wp-json\/wp\/v2\/product_cat?post=780974"},{"taxonomy":"product_tag","embeddable":true,"href":"https:\/\/roveyayinevi.com.tr\/index.php\/wp-json\/wp\/v2\/product_tag?post=780974"}],"curies":[{"name":"wp","href":"https:\/\/api.w.org\/{rel}","templated":true}]}}