{"id":780972,"date":"2026-01-20T04:32:21","date_gmt":"2026-01-20T01:32:21","guid":{"rendered":"https:\/\/roveyayinevi.com.tr\/index.php\/urun\/corba-mevsimi\/"},"modified":"2026-04-15T03:45:27","modified_gmt":"2026-04-15T00:45:27","slug":"corba-mevsimi","status":"publish","type":"product","link":"https:\/\/roveyayinevi.com.tr\/index.php\/urun\/corba-mevsimi\/","title":{"rendered":"\u00c7orba Mevsimi"},"content":{"rendered":"<p>\u201cD\u00fc\u015f\u00fcn\u00fcyorum da birini sevmek ona \u00e7orba yapmakt\u0131r belki de.\u201dBu kitapta sihirli tatlar var!33 sa\u011fl\u0131kl\u0131 ve e\u011flenceli tarifle \u00e7orban\u0131n iyile\u015ftirici g\u00fcc\u00fcn\u00fc tadacaks\u0131n\u0131z. G\u00fcn \u0131\u015f\u0131\u011f\u0131na doymu\u015f leziz ve besleyici sebzelerle haz\u0131rlanan ekonomik tarifler, mutfa\u011f\u0131n\u0131z\u0131 bir masal sahnesine d\u00f6n\u00fc\u015ft\u00fcr\u00fcyor. Zeynep Alpaslan kitaplardan ve hayattan ilham alarak geli\u015ftirdi\u011fi bu \u00e7orba tariflerinde, t\u00fcm kayg\u0131lar\u0131n\u0131z\u0131 buharla\u015ft\u0131r\u0131rken ayn\u0131 zamanda bir k\u00e2senin i\u00e7ine sevgi ve sa\u011fl\u0131\u011f\u0131 kat\u0131yor.\u00d6nl\u00fc\u011f\u00fcn\u00fc tak, kep\u00e7eni kap ve bu s\u0131cac\u0131k yolculu\u011fa kat\u0131l!<\/p>\n","protected":false},"excerpt":{"rendered":"<p>\u201cD\u00fc\u015f\u00fcn\u00fcyorum da birini sevmek ona \u00e7orba yapmakt\u0131r belki de.\u201dBu kitapta sihirli tatlar var!33 sa\u011fl\u0131kl\u0131 ve e\u011flenceli tarifle \u00e7orban\u0131n iyile\u015ftirici g\u00fcc\u00fcn\u00fc tadacaks\u0131n\u0131z. G\u00fcn \u0131\u015f\u0131\u011f\u0131na doymu\u015f leziz ve<span class=\"excerpt-hellip\"> [\u2026]<\/span><\/p>\n","protected":false},"featured_media":0,"template":"","meta":{"_monsterinsights_skip_tracking":false,"_monsterinsights_sitenote_active":false,"_monsterinsights_sitenote_note":"","_monsterinsights_sitenote_category":0},"product_brand":[],"product_cat":[12274,12284],"product_tag":[],"class_list":{"0":"post-780972","1":"product","2":"type-product","3":"status-publish","5":"product_cat-cocuk-ve-genclik-kitaplari","6":"product_cat-hikayeler","7":"pa_cilt-ciltsiz","8":"pa_tur-kitap","9":"pa_yayinevi-cinar-yayinlari","10":"pa_yazar-zeynep-alpaslan","12":"first","13":"instock","14":"sale","15":"shipping-taxable","16":"purchasable","17":"product-type-simple"},"_links":{"self":[{"href":"https:\/\/roveyayinevi.com.tr\/index.php\/wp-json\/wp\/v2\/product\/780972","targetHints":{"allow":["GET"]}}],"collection":[{"href":"https:\/\/roveyayinevi.com.tr\/index.php\/wp-json\/wp\/v2\/product"}],"about":[{"href":"https:\/\/roveyayinevi.com.tr\/index.php\/wp-json\/wp\/v2\/types\/product"}],"wp:attachment":[{"href":"https:\/\/roveyayinevi.com.tr\/index.php\/wp-json\/wp\/v2\/media?parent=780972"}],"wp:term":[{"taxonomy":"product_brand","embeddable":true,"href":"https:\/\/roveyayinevi.com.tr\/index.php\/wp-json\/wp\/v2\/product_brand?post=780972"},{"taxonomy":"product_cat","embeddable":true,"href":"https:\/\/roveyayinevi.com.tr\/index.php\/wp-json\/wp\/v2\/product_cat?post=780972"},{"taxonomy":"product_tag","embeddable":true,"href":"https:\/\/roveyayinevi.com.tr\/index.php\/wp-json\/wp\/v2\/product_tag?post=780972"}],"curies":[{"name":"wp","href":"https:\/\/api.w.org\/{rel}","templated":true}]}}