{"id":780971,"date":"2026-01-20T04:32:17","date_gmt":"2026-01-20T01:32:17","guid":{"rendered":"https:\/\/roveyayinevi.com.tr\/index.php\/urun\/konfucyus-ile-iyilik\/"},"modified":"2026-04-15T03:45:27","modified_gmt":"2026-04-15T00:45:27","slug":"konfucyus-ile-iyilik","status":"publish","type":"product","link":"https:\/\/roveyayinevi.com.tr\/index.php\/urun\/konfucyus-ile-iyilik\/","title":{"rendered":"Konf\u00fc\u00e7y\u00fcs \u0130le \u0130yilik"},"content":{"rendered":"<p>K\u00dc\u00c7\u00dcK \u00c7OCUKLAR B\u00dcY\u00dcK D\u00dc\u015e\u00dcN\u00dcRLER OLAB\u0130L\u0130R!  Ba\u015fkalar\u0131na kar\u015f\u0131  kibar olmak \u00f6nemlidir,  bunu yapmak i\u00e7in duygular\u0131na kulak vermelisin.  Konf\u00fc\u00e7y\u00fcs\u2019\u00fcn iyilikle ilgili felsefesi bize bunu g\u00f6steriyor!<\/p>\n","protected":false},"excerpt":{"rendered":"<p>K\u00dc\u00c7\u00dcK \u00c7OCUKLAR B\u00dcY\u00dcK D\u00dc\u015e\u00dcN\u00dcRLER OLAB\u0130L\u0130R! Ba\u015fkalar\u0131na kar\u015f\u0131 kibar olmak \u00f6nemlidir, bunu yapmak i\u00e7in duygular\u0131na kulak vermelisin. Konf\u00fc\u00e7y\u00fcs\u2019\u00fcn iyilikle ilgili felsefesi bize bunu g\u00f6steriyor!<\/p>\n","protected":false},"featured_media":0,"template":"","meta":{"_monsterinsights_skip_tracking":false,"_monsterinsights_sitenote_active":false,"_monsterinsights_sitenote_note":"","_monsterinsights_sitenote_category":0},"product_brand":[],"product_cat":[12274,14573],"product_tag":[],"class_list":{"0":"post-780971","1":"product","2":"type-product","3":"status-publish","5":"product_cat-cocuk-ve-genclik-kitaplari","6":"product_cat-referans-kitaplar-cocuk-ve-genclik-kitaplari","7":"pa_cilt-ciltsiz","8":"pa_tur-kitap","9":"pa_yayinevi-buyulu-fener-yayinlari","10":"pa_yazar-duane-armitage-maureen-mcquerry","12":"first","13":"instock","14":"sale","15":"shipping-taxable","16":"purchasable","17":"product-type-simple"},"_links":{"self":[{"href":"https:\/\/roveyayinevi.com.tr\/index.php\/wp-json\/wp\/v2\/product\/780971","targetHints":{"allow":["GET"]}}],"collection":[{"href":"https:\/\/roveyayinevi.com.tr\/index.php\/wp-json\/wp\/v2\/product"}],"about":[{"href":"https:\/\/roveyayinevi.com.tr\/index.php\/wp-json\/wp\/v2\/types\/product"}],"wp:attachment":[{"href":"https:\/\/roveyayinevi.com.tr\/index.php\/wp-json\/wp\/v2\/media?parent=780971"}],"wp:term":[{"taxonomy":"product_brand","embeddable":true,"href":"https:\/\/roveyayinevi.com.tr\/index.php\/wp-json\/wp\/v2\/product_brand?post=780971"},{"taxonomy":"product_cat","embeddable":true,"href":"https:\/\/roveyayinevi.com.tr\/index.php\/wp-json\/wp\/v2\/product_cat?post=780971"},{"taxonomy":"product_tag","embeddable":true,"href":"https:\/\/roveyayinevi.com.tr\/index.php\/wp-json\/wp\/v2\/product_tag?post=780971"}],"curies":[{"name":"wp","href":"https:\/\/api.w.org\/{rel}","templated":true}]}}