{"id":780970,"date":"2026-01-20T04:32:14","date_gmt":"2026-01-20T01:32:14","guid":{"rendered":"https:\/\/roveyayinevi.com.tr\/index.php\/urun\/baldiran-kasesi\/"},"modified":"2026-04-03T03:37:12","modified_gmt":"2026-04-03T00:37:12","slug":"baldiran-kasesi","status":"publish","type":"product","link":"https:\/\/roveyayinevi.com.tr\/index.php\/urun\/baldiran-kasesi\/","title":{"rendered":"Bald\u0131ran Kasesi"},"content":{"rendered":"<p>Tarih\u00e7i, yazar ve yay\u0131nc\u0131 olarak bir\u00e7ok \u00f6d\u00fcle lay\u0131k g\u00f6r\u00fclm\u00fc\u015f olan Bettany Hughes, \u00e7e\u015fitli platformlar i\u00e7in haz\u0131rlad\u0131\u011f\u0131 belgesellerin yan\u0131 s\u0131ra yay\u0131mlad\u0131\u011f\u0131 kitaplar\u0131yla da olduk\u00e7a takdir toplam\u0131\u015ft\u0131r. Antik d\u00fcnya \u00fczerine yapt\u0131\u011f\u0131 \u00e7al\u0131\u015fmalar\u0131n bir yenisi olan Bald\u0131ran K\u00e2sesi, filozof Sokrates\u2019in Atina\u2019daki ya\u015fam\u0131n\u0131n son d\u00f6nemine odaklan\u0131yor. Sokrates\u2019in g\u00f6r\u00fc\u015fleri ve s\u00f6ylemleri nedeniyle maruz kald\u0131\u011f\u0131 yarg\u0131lama ve nih\u00e2yetinde bald\u0131ran zehri i\u00e7irilerek infaz\u0131na giden s\u00fcre\u00e7, d\u00f6nemin toplumsal, siyasi ve askeri ba\u011flam\u0131nda anlat\u0131l\u0131yor. \u201cBettany Hughes\u2019dan \u00f6nce, hi\u00e7 kimse Sokrates\u2019in sorgulanan ya\u015fam\u0131n\u0131, demokratik Atina\u2019n\u0131n canl\u0131 y\u00fcksek k\u00fclt\u00fcr\u00fcn\u00fc ve s\u0131radan deneyimini bu kadar zengin ve yo\u011fun bir doku i\u00e7inde ele almay\u0131 d\u00fc\u015f\u00fcnmemi\u015fti.\u201d \u2013Paul Cartledge, The Independent \u201cOkur Sokrates\u2019in ya\u015fad\u0131\u011f\u0131 ve Hughes\u2019un da bizim i\u00e7in yeniden yaratt\u0131\u011f\u0131 o \u00e7alkant\u0131l\u0131 d\u00fcnyaya co\u015fkuyla dalabilir. Bu, Atina tarihinin siyasi a\u00e7\u0131dan en yenilik\u00e7i ve k\u00fclt\u00fcrel a\u00e7\u0131dan en heyecan verici d\u00f6neminin geni\u015f ve g\u00f6rkemli panoramas\u0131d\u0131r&#8230;\u201d \u2013Peter Jones, The Literary Review \u201cBettany Hughes\u2019un Sokrates\u2019in hayat\u0131n\u0131 son derece ak\u0131c\u0131 anlatt\u0131\u011f\u0131 bu eser, salt bir hayat anlat\u0131s\u0131 olmaktan \u00f6te; ayn\u0131 zamanda onu yaratan d\u00fcnyay\u0131 \u00e7a\u011fr\u0131\u015ft\u0131ran ve a\u00e7\u0131klayan bir eser\u2026 Bald\u0131ran K\u00e2sesi, Sokrates\u2019i incelemenin, kendi d\u00fcnyam\u0131z hakk\u0131ndaki d\u00fc\u015f\u00fcnce bi\u00e7imimizin nas\u0131l olu\u015ftu\u011funu anlamada de\u011ferli bir ara\u00e7 oldu\u011funu, canl\u0131 ve ikna edici bir \u015fekilde ortaya koyuyor.\u201d \u2013Daniel Hahn, The Independent on Sunday \u201cBettany Hughes her zamanki gibi muhte\u015fem! Sadece Sokrates\u2019i de\u011fil, t\u00fcm Perikles Atina\u2019s\u0131n\u0131 da \u00f6n\u00fcm\u00fcze seriyor. Hem son derece okunabilir hem de g\u00f6z kama\u015ft\u0131r\u0131c\u0131 bir bilgelik eseri &#8211; daha ne istenebilir ki?\u201d \u2013John Julius Norwich<\/p>\n","protected":false},"excerpt":{"rendered":"<p>Tarih\u00e7i, yazar ve yay\u0131nc\u0131 olarak bir\u00e7ok \u00f6d\u00fcle lay\u0131k g\u00f6r\u00fclm\u00fc\u015f olan Bettany Hughes, \u00e7e\u015fitli platformlar i\u00e7in haz\u0131rlad\u0131\u011f\u0131 belgesellerin yan\u0131 s\u0131ra yay\u0131mlad\u0131\u011f\u0131 kitaplar\u0131yla da olduk\u00e7a takdir toplam\u0131\u015ft\u0131r. Antik<span class=\"excerpt-hellip\"> [\u2026]<\/span><\/p>\n","protected":false},"featured_media":0,"template":"","meta":{"_monsterinsights_skip_tracking":false,"_monsterinsights_sitenote_active":false,"_monsterinsights_sitenote_note":"","_monsterinsights_sitenote_category":0},"product_brand":[],"product_cat":[12370,12304],"product_tag":[],"class_list":{"0":"post-780970","1":"product","2":"type-product","3":"status-publish","5":"product_cat-arastirma-inceleme","6":"product_cat-tarih","7":"pa_cilt-ciltsiz","8":"pa_tur-kitap","9":"pa_yayinevi-alfa-yayinlari","10":"pa_yazar-bettany-hughes","12":"first","13":"instock","14":"sale","15":"shipping-taxable","16":"purchasable","17":"product-type-simple"},"_links":{"self":[{"href":"https:\/\/roveyayinevi.com.tr\/index.php\/wp-json\/wp\/v2\/product\/780970","targetHints":{"allow":["GET"]}}],"collection":[{"href":"https:\/\/roveyayinevi.com.tr\/index.php\/wp-json\/wp\/v2\/product"}],"about":[{"href":"https:\/\/roveyayinevi.com.tr\/index.php\/wp-json\/wp\/v2\/types\/product"}],"wp:attachment":[{"href":"https:\/\/roveyayinevi.com.tr\/index.php\/wp-json\/wp\/v2\/media?parent=780970"}],"wp:term":[{"taxonomy":"product_brand","embeddable":true,"href":"https:\/\/roveyayinevi.com.tr\/index.php\/wp-json\/wp\/v2\/product_brand?post=780970"},{"taxonomy":"product_cat","embeddable":true,"href":"https:\/\/roveyayinevi.com.tr\/index.php\/wp-json\/wp\/v2\/product_cat?post=780970"},{"taxonomy":"product_tag","embeddable":true,"href":"https:\/\/roveyayinevi.com.tr\/index.php\/wp-json\/wp\/v2\/product_tag?post=780970"}],"curies":[{"name":"wp","href":"https:\/\/api.w.org\/{rel}","templated":true}]}}