{"id":780966,"date":"2026-01-20T04:32:00","date_gmt":"2026-01-20T01:32:00","guid":{"rendered":"https:\/\/roveyayinevi.com.tr\/index.php\/urun\/schrodinger-plajda\/"},"modified":"2026-04-15T03:45:27","modified_gmt":"2026-04-15T00:45:27","slug":"schrodinger-plajda","status":"publish","type":"product","link":"https:\/\/roveyayinevi.com.tr\/index.php\/urun\/schrodinger-plajda\/","title":{"rendered":"Schr\u00f6dinger Plajda"},"content":{"rendered":"<p>Erwin Schr\u00f6dinger\u2019in \u00fcnl\u00fc d\u00fc\u015f\u00fcnce deneyiyle pop\u00fclerle\u015fen kuantum fizi\u011fi, do\u011fan\u0131n temel i\u015fleyi\u015fine dair t\u00fcm kesinlikleri yerle bir ederek bilimin y\u00fcz y\u0131l \u00f6nceki en b\u00fcy\u00fck devrimini tetiklemi\u015ftir. Fizik\u00e7i Charles Antoine, bu \u00e7\u0131\u011f\u0131r a\u00e7\u0131c\u0131 teoriyi, hem konuya tamamen yabanc\u0131 olan okuyucular hem de bilimsel altyap\u0131ya sahip ilgililer i\u00e7in anla\u015f\u0131l\u0131r k\u0131l\u0131yor. Bu eser, kat\u0131 bilimsel a\u00e7\u0131klamalar\u0131n \u00f6tesine ge\u00e7erek, varolu\u015fun en temel sorular\u0131na odaklanan felsefi bir sorgulama sunuyor.Yazar, kuantum s\u00fcperpozisyonu, g\u00f6zlem eyleminin ger\u00e7e\u011fi de\u011fi\u015ftirme g\u00fcc\u00fc ve \u00e7oklu evren teorisinin g\u00fcncel bilimdeki konumu gibi zorlu konular\u0131 sade bir dille a\u00e7\u0131kl\u0131yor. B\u00f6ylece, kuantum d\u00fcnyas\u0131na do\u011fru g\u00fcvenli ve rehberli bir tur sunuyor.\u201cKuantum fizi\u011finin k\u00f6kenlerine, ayr\u0131ca Erwin Schr\u00f6dinger\u2019in zengin ve yo\u011fun ya\u015fam\u0131na geri d\u00f6nmek i\u00e7in m\u00fckemmel bir kaynak.\u201d\u2013France Culture\u201cOkuyur kendisini yazar\u0131n ellerine b\u0131raks\u0131n: labirentin kalbinde onu me\u015fhur kedi bekliyor. Ve yol boyunca pek\u00e7ok s\u00fcrpriz!\u201d\u2013Les Echos<\/p>\n","protected":false},"excerpt":{"rendered":"<p>Erwin Schr\u00f6dinger\u2019in \u00fcnl\u00fc d\u00fc\u015f\u00fcnce deneyiyle pop\u00fclerle\u015fen kuantum fizi\u011fi, do\u011fan\u0131n temel i\u015fleyi\u015fine dair t\u00fcm kesinlikleri yerle bir ederek bilimin y\u00fcz y\u0131l \u00f6nceki en b\u00fcy\u00fck devrimini tetiklemi\u015ftir. Fizik\u00e7i<span class=\"excerpt-hellip\"> [\u2026]<\/span><\/p>\n","protected":false},"featured_media":0,"template":"","meta":{"_monsterinsights_skip_tracking":false,"_monsterinsights_sitenote_active":false,"_monsterinsights_sitenote_note":"","_monsterinsights_sitenote_category":0},"product_brand":[],"product_cat":[16038,12388],"product_tag":[],"class_list":{"0":"post-780966","1":"product","2":"type-product","3":"status-publish","5":"product_cat-arastirma-inceleme-referans-felsefe","6":"product_cat-felsefe","7":"pa_cilt-ciltsiz","8":"pa_tur-kitap","9":"pa_yayinevi-alfa-yayinlari","10":"pa_yazar-charles-antoine","12":"first","13":"instock","14":"sale","15":"shipping-taxable","16":"purchasable","17":"product-type-simple"},"_links":{"self":[{"href":"https:\/\/roveyayinevi.com.tr\/index.php\/wp-json\/wp\/v2\/product\/780966","targetHints":{"allow":["GET"]}}],"collection":[{"href":"https:\/\/roveyayinevi.com.tr\/index.php\/wp-json\/wp\/v2\/product"}],"about":[{"href":"https:\/\/roveyayinevi.com.tr\/index.php\/wp-json\/wp\/v2\/types\/product"}],"wp:attachment":[{"href":"https:\/\/roveyayinevi.com.tr\/index.php\/wp-json\/wp\/v2\/media?parent=780966"}],"wp:term":[{"taxonomy":"product_brand","embeddable":true,"href":"https:\/\/roveyayinevi.com.tr\/index.php\/wp-json\/wp\/v2\/product_brand?post=780966"},{"taxonomy":"product_cat","embeddable":true,"href":"https:\/\/roveyayinevi.com.tr\/index.php\/wp-json\/wp\/v2\/product_cat?post=780966"},{"taxonomy":"product_tag","embeddable":true,"href":"https:\/\/roveyayinevi.com.tr\/index.php\/wp-json\/wp\/v2\/product_tag?post=780966"}],"curies":[{"name":"wp","href":"https:\/\/api.w.org\/{rel}","templated":true}]}}