{"id":780964,"date":"2026-01-20T04:31:53","date_gmt":"2026-01-20T01:31:53","guid":{"rendered":"https:\/\/roveyayinevi.com.tr\/index.php\/urun\/kant-plajda\/"},"modified":"2026-04-15T03:45:27","modified_gmt":"2026-04-15T00:45:27","slug":"kant-plajda","status":"publish","type":"product","link":"https:\/\/roveyayinevi.com.tr\/index.php\/urun\/kant-plajda\/","title":{"rendered":"Kant Plajda"},"content":{"rendered":"<p>Frans\u0131z m\u00fczisyen ve felsefe e\u011fitmeni Francis M\u00e9tivier,18. y\u00fczy\u0131l\u0131n b\u00fcy\u00fck d\u00fc\u015f\u00fcn\u00fcr\u00fc Immanuel Kant\u2019\u0131 sahile indiriyor: anla\u015f\u0131l\u0131r, keyifli, e\u011flenceli ve ayn\u0131 zamanda derinlikli bir anlat\u0131mla Kant\u2019\u0131n \u00fc\u00e7 b\u00fcy\u00fck kriti\u011fini ve temel d\u00fc\u015f\u00fcncelerini yeniden ke\u015ffetmeye davet ediyor. \u00d6zg\u00fcrl\u00fck ve \u00f6dev aras\u0131ndaki ba\u011fdan \u201cebedi bar\u0131\u015f\u201d fikrine, \u201cg\u00fczellik ve y\u00fccelik\u201d kavram\u0131ndan insan\u0131n \u201ctoplumsuz toplumsall\u0131\u011f\u0131\u201dna kadar felsefenin en temel sorular\u0131, g\u00fcnl\u00fck hayat\u0131n sahneleriyle yan yana getiriliyor.M\u00e9tivier\u2019nin amac\u0131, Kant\u2019\u0131 yaln\u0131zca bir filozof olarak de\u011fil, ayn\u0131 zamanda modern insan\u0131n yol arkada\u015f\u0131 olarak tan\u0131tmak. Bu kitap, Kant\u2019\u0131 ilk kez okuyacaklar i\u00e7in kusursuz bir giri\u015f; daha \u00f6nce okuyanlar i\u00e7inse taptaze bir hat\u0131rlama.\u201cPedagojik a\u00e7\u0131dan ince ince \u00f6l\u00e7\u00fcl\u00fcp bi\u00e7ilmi\u015f bir eser.\u201d\u2013Philosophie Magazine<\/p>\n","protected":false},"excerpt":{"rendered":"<p>Frans\u0131z m\u00fczisyen ve felsefe e\u011fitmeni Francis M\u00e9tivier,18. y\u00fczy\u0131l\u0131n b\u00fcy\u00fck d\u00fc\u015f\u00fcn\u00fcr\u00fc Immanuel Kant\u2019\u0131 sahile indiriyor: anla\u015f\u0131l\u0131r, keyifli, e\u011flenceli ve ayn\u0131 zamanda derinlikli bir anlat\u0131mla Kant\u2019\u0131n \u00fc\u00e7 b\u00fcy\u00fck<span class=\"excerpt-hellip\"> [\u2026]<\/span><\/p>\n","protected":false},"featured_media":0,"template":"","meta":{"_monsterinsights_skip_tracking":false,"_monsterinsights_sitenote_active":false,"_monsterinsights_sitenote_note":"","_monsterinsights_sitenote_category":0},"product_brand":[],"product_cat":[16038,12388],"product_tag":[],"class_list":{"0":"post-780964","1":"product","2":"type-product","3":"status-publish","5":"product_cat-arastirma-inceleme-referans-felsefe","6":"product_cat-felsefe","7":"pa_cilt-ciltsiz","8":"pa_tur-kitap","9":"pa_yayinevi-alfa-yayinlari","10":"pa_yazar-francis-metivier","12":"first","13":"instock","14":"sale","15":"shipping-taxable","16":"purchasable","17":"product-type-simple"},"_links":{"self":[{"href":"https:\/\/roveyayinevi.com.tr\/index.php\/wp-json\/wp\/v2\/product\/780964","targetHints":{"allow":["GET"]}}],"collection":[{"href":"https:\/\/roveyayinevi.com.tr\/index.php\/wp-json\/wp\/v2\/product"}],"about":[{"href":"https:\/\/roveyayinevi.com.tr\/index.php\/wp-json\/wp\/v2\/types\/product"}],"wp:attachment":[{"href":"https:\/\/roveyayinevi.com.tr\/index.php\/wp-json\/wp\/v2\/media?parent=780964"}],"wp:term":[{"taxonomy":"product_brand","embeddable":true,"href":"https:\/\/roveyayinevi.com.tr\/index.php\/wp-json\/wp\/v2\/product_brand?post=780964"},{"taxonomy":"product_cat","embeddable":true,"href":"https:\/\/roveyayinevi.com.tr\/index.php\/wp-json\/wp\/v2\/product_cat?post=780964"},{"taxonomy":"product_tag","embeddable":true,"href":"https:\/\/roveyayinevi.com.tr\/index.php\/wp-json\/wp\/v2\/product_tag?post=780964"}],"curies":[{"name":"wp","href":"https:\/\/api.w.org\/{rel}","templated":true}]}}