{"id":780963,"date":"2026-01-20T04:31:51","date_gmt":"2026-01-20T01:31:51","guid":{"rendered":"https:\/\/roveyayinevi.com.tr\/index.php\/urun\/varlik-kokusu\/"},"modified":"2026-03-13T03:24:08","modified_gmt":"2026-03-13T00:24:08","slug":"varlik-kokusu","status":"publish","type":"product","link":"https:\/\/roveyayinevi.com.tr\/index.php\/urun\/varlik-kokusu\/","title":{"rendered":"Varl\u0131k Kokusu"},"content":{"rendered":"<p>Allah\u2019\u0131n varl\u0131\u011f\u0131ndan bir \u201ckoku\u201d alarak Hakikat Evi\u2019ne girebilmenin, oradaki izlere bak\u0131p bak\u0131p, o evde nas\u0131l bir Varl\u0131k\u2019\u0131n \u201cbulundu\u011fu\u201dna dair bir \u015feyler s\u00f6yleyebilmenin birincil ko\u015fulu i\u00e7tenliktir.Daha \u00f6nce \u201ci\u00e7tenlik eve d\u00f6n\u00fc\u015ft\u00fcr\u201d diyen yazar\u0131m\u0131z, bizlere bu kez de t\u00fcm i\u00e7tenli\u011fiyle hem akl\u0131n\u0131 hem g\u00f6nl\u00fcn\u00fc Allah\u2019a \u00e7evirerek O\u2019nun kokusunu i\u00e7ine \u00e7eke \u00e7eke yazd\u0131\u011f\u0131 yaz\u0131lardan olu\u015fan bir kitap sunuyor.Daha ilk sat\u0131rlardan itibaren bu yo\u011fun ki\u015fisel tecr\u00fcbeye, ciddi bir metafizik, tasavvufi birikimin e\u015flik etti\u011fine tan\u0131k olunuyor.Bunun yan\u0131nda, \u201cHakikat\u201din \u00f6z\u00fcn\u00fcn oldu\u011fu gibi duyulamayaca\u011f\u0131n\u0131n, duyulsa bile birebir s\u00f6ze aktar\u0131lamayaca\u011f\u0131n\u0131n fark\u0131nda olan yazar; yine de \u201cHakikat\u201d duyu\u015fuyla i\u00e7erikle\u015fmemi\u015f, bu duyu\u015fa ters d\u00fc\u015fen bir s\u00f6z etmedi\u011fini, bir mana dile getirmedi\u011fini bize adeta garanti ediyor.Kitap hi\u00e7lik ve anlams\u0131zl\u0131kla bo\u011fu\u015fan insan\u0131n ancak Allah\u2019la, O\u2019na y\u00f6nelerek huzurlu ve anlaml\u0131 bir \u201cvarl\u0131k\u201d duygusu edinebilece\u011finin alt\u0131n\u0131 \u00e7izerken okuru hayata, kendine, bildiklerine bu perspektiften bakmaya ve de\u011ferlendirmeye y\u00f6neltiyor.Ayr\u0131ca yazar kad\u0131n, m\u00fczik, kader, a\u015fk, kitap, \u015fiir, hayat gibi ele ald\u0131\u011f\u0131 her kavram\u0131 mutlaka Allah\u2019la ba\u011flant\u0131l\u0131 olarak ele al\u0131p i\u015fledi\u011finden her sayfaya ister istemez bir \u201cvarl\u0131k kokusu\u201d siniyor.B\u00fct\u00fcn bunlar\u0131 yaparken de, duru bir dil kullanmaya \u00f6zen g\u00f6steriyor ve sizleri \u0131srarla kendi gibi, \u201cVarl\u0131k\u201dtan bir koku almaya, her \u015feyi Allah\u2019la ili\u015fkili g\u00f6rmeye, k\u0131sacas\u0131 Allah\u2019la olmaya \u00e7a\u011f\u0131r\u0131yor.<\/p>\n","protected":false},"excerpt":{"rendered":"<p>Allah\u2019\u0131n varl\u0131\u011f\u0131ndan bir \u201ckoku\u201d alarak Hakikat Evi\u2019ne girebilmenin, oradaki izlere bak\u0131p bak\u0131p, o evde nas\u0131l bir Varl\u0131k\u2019\u0131n \u201cbulundu\u011fu\u201dna dair bir \u015feyler s\u00f6yleyebilmenin birincil ko\u015fulu i\u00e7tenliktir.Daha \u00f6nce<span class=\"excerpt-hellip\"> [\u2026]<\/span><\/p>\n","protected":false},"featured_media":0,"template":"","meta":{"_monsterinsights_skip_tracking":false,"_monsterinsights_sitenote_active":false,"_monsterinsights_sitenote_note":"","_monsterinsights_sitenote_category":0},"product_brand":[],"product_cat":[12718,12719],"product_tag":[],"class_list":{"0":"post-780963","1":"product","2":"type-product","3":"status-publish","5":"product_cat-din","6":"product_cat-islam","7":"pa_cilt-ciltsiz","8":"pa_tur-kitap","9":"pa_yayinevi-kapi-yayinlari","10":"pa_yazar-vefa-onal","12":"first","13":"instock","14":"sale","15":"shipping-taxable","16":"purchasable","17":"product-type-simple"},"_links":{"self":[{"href":"https:\/\/roveyayinevi.com.tr\/index.php\/wp-json\/wp\/v2\/product\/780963","targetHints":{"allow":["GET"]}}],"collection":[{"href":"https:\/\/roveyayinevi.com.tr\/index.php\/wp-json\/wp\/v2\/product"}],"about":[{"href":"https:\/\/roveyayinevi.com.tr\/index.php\/wp-json\/wp\/v2\/types\/product"}],"wp:attachment":[{"href":"https:\/\/roveyayinevi.com.tr\/index.php\/wp-json\/wp\/v2\/media?parent=780963"}],"wp:term":[{"taxonomy":"product_brand","embeddable":true,"href":"https:\/\/roveyayinevi.com.tr\/index.php\/wp-json\/wp\/v2\/product_brand?post=780963"},{"taxonomy":"product_cat","embeddable":true,"href":"https:\/\/roveyayinevi.com.tr\/index.php\/wp-json\/wp\/v2\/product_cat?post=780963"},{"taxonomy":"product_tag","embeddable":true,"href":"https:\/\/roveyayinevi.com.tr\/index.php\/wp-json\/wp\/v2\/product_tag?post=780963"}],"curies":[{"name":"wp","href":"https:\/\/api.w.org\/{rel}","templated":true}]}}