{"id":780962,"date":"2026-01-20T04:31:46","date_gmt":"2026-01-20T01:31:46","guid":{"rendered":"https:\/\/roveyayinevi.com.tr\/index.php\/urun\/golgelerin-dansi\/"},"modified":"2026-04-11T14:47:47","modified_gmt":"2026-04-11T11:47:47","slug":"golgelerin-dansi","status":"publish","type":"product","link":"https:\/\/roveyayinevi.com.tr\/index.php\/urun\/golgelerin-dansi\/","title":{"rendered":"G\u00f6lgelerin Dans\u0131"},"content":{"rendered":"<p>Baz\u0131 s\u0131rlar sadece g\u00f6lgelerde sakl\u0131d\u0131r. Baz\u0131 yollar ise evrenler aras\u0131 uzan\u0131r.Asya, s\u0131radan bir hayat\u0131n s\u00f6n\u00fck renklerine al\u0131\u015fm\u0131\u015fken bir sabah her \u015fey de\u011fi\u015fti. En yak\u0131n arkada\u015f\u0131 esrarengiz bir \u015fekilde ortadan kayboldu\u011funda, Asya\u2019n\u0131n bildi\u011fi d\u00fcnya parampar\u00e7a oldu. Ancak bu, sadece ba\u015flang\u0131\u00e7t\u0131. Onu bekleyen yolculuk, g\u00f6lgelerin dans etti\u011fi, ger\u00e7eklerin perdenin arkas\u0131nda sakland\u0131\u011f\u0131, kadim portallar\u0131n a\u00e7\u0131ld\u0131\u011f\u0131 bamba\u015fka bir evrene uzan\u0131yordu. Art\u0131k Asya i\u00e7in zaman daral\u0131yor&#8230;<\/p>\n","protected":false},"excerpt":{"rendered":"<p>Baz\u0131 s\u0131rlar sadece g\u00f6lgelerde sakl\u0131d\u0131r. Baz\u0131 yollar ise evrenler aras\u0131 uzan\u0131r.Asya, s\u0131radan bir hayat\u0131n s\u00f6n\u00fck renklerine al\u0131\u015fm\u0131\u015fken bir sabah her \u015fey de\u011fi\u015fti. En yak\u0131n arkada\u015f\u0131 esrarengiz<span class=\"excerpt-hellip\"> [\u2026]<\/span><\/p>\n","protected":false},"featured_media":0,"template":"","meta":{"_monsterinsights_skip_tracking":false,"_monsterinsights_sitenote_active":false,"_monsterinsights_sitenote_note":"","_monsterinsights_sitenote_category":0},"product_brand":[],"product_cat":[12291,12711],"product_tag":[],"class_list":{"0":"post-780962","1":"product","2":"type-product","3":"status-publish","5":"product_cat-edebiyat","6":"product_cat-roman-oyku","7":"pa_cilt-ciltsiz","8":"pa_tur-kitap","9":"pa_yayinevi-luna-yayinlari","10":"pa_yazar-sudenaz-gokkaya","12":"first","13":"instock","14":"sale","15":"shipping-taxable","16":"purchasable","17":"product-type-simple"},"_links":{"self":[{"href":"https:\/\/roveyayinevi.com.tr\/index.php\/wp-json\/wp\/v2\/product\/780962","targetHints":{"allow":["GET"]}}],"collection":[{"href":"https:\/\/roveyayinevi.com.tr\/index.php\/wp-json\/wp\/v2\/product"}],"about":[{"href":"https:\/\/roveyayinevi.com.tr\/index.php\/wp-json\/wp\/v2\/types\/product"}],"wp:attachment":[{"href":"https:\/\/roveyayinevi.com.tr\/index.php\/wp-json\/wp\/v2\/media?parent=780962"}],"wp:term":[{"taxonomy":"product_brand","embeddable":true,"href":"https:\/\/roveyayinevi.com.tr\/index.php\/wp-json\/wp\/v2\/product_brand?post=780962"},{"taxonomy":"product_cat","embeddable":true,"href":"https:\/\/roveyayinevi.com.tr\/index.php\/wp-json\/wp\/v2\/product_cat?post=780962"},{"taxonomy":"product_tag","embeddable":true,"href":"https:\/\/roveyayinevi.com.tr\/index.php\/wp-json\/wp\/v2\/product_tag?post=780962"}],"curies":[{"name":"wp","href":"https:\/\/api.w.org\/{rel}","templated":true}]}}