{"id":780959,"date":"2026-01-20T04:31:35","date_gmt":"2026-01-20T01:31:35","guid":{"rendered":"https:\/\/roveyayinevi.com.tr\/index.php\/urun\/svastika-bilgeligi-ile-donusum-ve-manifest\/"},"modified":"2026-04-15T03:45:27","modified_gmt":"2026-04-15T00:45:27","slug":"svastika-bilgeligi-ile-donusum-ve-manifest","status":"publish","type":"product","link":"https:\/\/roveyayinevi.com.tr\/index.php\/urun\/svastika-bilgeligi-ile-donusum-ve-manifest\/","title":{"rendered":"Svastika Bilgeli\u011fi ile D\u00f6n\u00fc\u015f\u00fcm ve Manifest"},"content":{"rendered":"<p>Svastika\u2019n\u0131n Ger\u00e7ek Anlam\u0131Her sembol\u00fcn i\u00e7inde sakl\u0131 hik\u00e2yesi vard\u0131r. Svastika sembol\u00fc\u2019n\u00fcn gizem dolu evrensel anlam\u0131n\u0131 ve onunla uyumlu ya\u015famaya ba\u015flad\u0131\u011f\u0131nda bireysel d\u00f6n\u00fc\u015f\u00fcm\u00fcn ile hayat\u0131n\u0131n kolayla\u015fabilece\u011fini; daha bereketli, mutlu, huzurlu ve ba\u015far\u0131l\u0131 olabilece\u011fini deneyimleyerek \u00f6\u011frenece\u011fin y\u00f6ntemleri bu kitapta payla\u015f\u0131yorum.Semboller, ilahi olan\u0131n seninle ileti\u015fim \u015feklidir. Bu ileti\u015fim, madde d\u00fcnya fark\u0131ndal\u0131\u011f\u0131, manevi yolundaki fark\u0131ndal\u0131\u011f\u0131n ve e\u015fzamanl\u0131l\u0131k denilen manidar rastlant\u0131lar\u0131n sembolik mesajlar\u0131n\u0131n fark\u0131ndal\u0131\u011f\u0131d\u0131r. Bu fark\u0131ndal\u0131klar bilin\u00e7 ve bilin\u00e7alt\u0131 d\u00fczeylerde ger\u00e7ekle\u015fir. Bilin\u00e7; kelimeler ile, bilin\u00e7alt\u0131 ise semboller ile ifade bulur.Svastika kelimesi Sanskrit k\u00f6kenlidir ve \u201crefah getiren\u201d, \u201cu\u011furlu olan\u201d, \u201ciyi talih\u201d ya da \u201ciyilik\u201d anlam\u0131na gelir. Evde Svastika sembol\u00fc oldu\u011fu zaman evin bereketinin artt\u0131\u011f\u0131na inan\u0131l\u0131r. Svastika, hem kozmik d\u00f6ng\u00fcleri hem de do\u011fan\u0131n s\u00fcrekli yenilenen d\u00fczenini sembolize eder.Svastika\u2019n\u0131n ilahi iyilik, \u015fans, bereket, mutluluk getiren oldu\u011funa inan\u0131lan simgesinin ger\u00e7ek anlam\u0131n\u0131 ke\u015ffetmeye ve d\u00f6n\u00fc\u015f\u00fcm\u00fcn bilgeli\u011fi ile manifest yapmaya ba\u015flayal\u0131m o zaman\u2026Ay\u00e7a \u0130\u015fbilir<\/p>\n","protected":false},"excerpt":{"rendered":"<p>Svastika\u2019n\u0131n Ger\u00e7ek Anlam\u0131Her sembol\u00fcn i\u00e7inde sakl\u0131 hik\u00e2yesi vard\u0131r. Svastika sembol\u00fc\u2019n\u00fcn gizem dolu evrensel anlam\u0131n\u0131 ve onunla uyumlu ya\u015famaya ba\u015flad\u0131\u011f\u0131nda bireysel d\u00f6n\u00fc\u015f\u00fcm\u00fcn ile hayat\u0131n\u0131n kolayla\u015fabilece\u011fini; daha bereketli,<span class=\"excerpt-hellip\"> [\u2026]<\/span><\/p>\n","protected":false},"featured_media":0,"template":"","meta":{"_monsterinsights_skip_tracking":false,"_monsterinsights_sitenote_active":false,"_monsterinsights_sitenote_note":"","_monsterinsights_sitenote_category":0},"product_brand":[],"product_cat":[12364,16154],"product_tag":[],"class_list":{"0":"post-780959","1":"product","2":"type-product","3":"status-publish","5":"product_cat-genel-konular","6":"product_cat-parapsikoloji","7":"pa_cilt-ciltsiz","8":"pa_tur-kitap","9":"pa_yayinevi-luna-yayinlari","10":"pa_yazar-ayca-isbilir","12":"first","13":"instock","14":"sale","15":"shipping-taxable","16":"purchasable","17":"product-type-simple"},"_links":{"self":[{"href":"https:\/\/roveyayinevi.com.tr\/index.php\/wp-json\/wp\/v2\/product\/780959","targetHints":{"allow":["GET"]}}],"collection":[{"href":"https:\/\/roveyayinevi.com.tr\/index.php\/wp-json\/wp\/v2\/product"}],"about":[{"href":"https:\/\/roveyayinevi.com.tr\/index.php\/wp-json\/wp\/v2\/types\/product"}],"wp:attachment":[{"href":"https:\/\/roveyayinevi.com.tr\/index.php\/wp-json\/wp\/v2\/media?parent=780959"}],"wp:term":[{"taxonomy":"product_brand","embeddable":true,"href":"https:\/\/roveyayinevi.com.tr\/index.php\/wp-json\/wp\/v2\/product_brand?post=780959"},{"taxonomy":"product_cat","embeddable":true,"href":"https:\/\/roveyayinevi.com.tr\/index.php\/wp-json\/wp\/v2\/product_cat?post=780959"},{"taxonomy":"product_tag","embeddable":true,"href":"https:\/\/roveyayinevi.com.tr\/index.php\/wp-json\/wp\/v2\/product_tag?post=780959"}],"curies":[{"name":"wp","href":"https:\/\/api.w.org\/{rel}","templated":true}]}}