{"id":780958,"date":"2026-01-20T04:31:31","date_gmt":"2026-01-20T01:31:31","guid":{"rendered":"https:\/\/roveyayinevi.com.tr\/index.php\/urun\/uyku-yok\/"},"modified":"2026-04-15T03:45:27","modified_gmt":"2026-04-15T00:45:27","slug":"uyku-yok","status":"publish","type":"product","link":"https:\/\/roveyayinevi.com.tr\/index.php\/urun\/uyku-yok\/","title":{"rendered":"Uyku Yok"},"content":{"rendered":"<p>GECEN\u0130N DER\u0130NL\u0130\u011e\u0130NDE DEL\u0130L\u0130K PUSUDA BEKLER. Emma Averell ba\u015far\u0131l\u0131 bir avukatt\u0131, iki \u00e7ocu\u011fu ve harika bir e\u015fi vard\u0131 ancak hayat\u0131 her zaman bu kadar kusursuz olmam\u0131\u015ft\u0131. Hen\u00fcz be\u015f ya\u015f\u0131ndayken, annesiyle ya\u015fad\u0131\u011f\u0131 deh\u015fet verici bir olay y\u00fcz\u00fcnden ablas\u0131yla birlikte koruyucu aileye verilmi\u015fti. Ablas\u0131, annesinin sevgi dolu ve \u201cnormal\u201d oldu\u011fu zamanlar\u0131 hat\u0131rlasa da Emma onu yaln\u0131zca tek bir \u015fey olarak hat\u0131rl\u0131yordu: Bir canavar. Ve o canavar, annelerinin i\u00e7inden k\u0131rk\u0131nc\u0131 ya\u015f g\u00fcn\u00fcnde ortaya \u00e7\u0131km\u0131\u015ft\u0131; yani tam da Emma\u2019n\u0131n yakla\u015fmakta oldu\u011fu ya\u015fta.Emma, \u00e7ocukluk travmalar\u0131n\u0131 herkesten gizlemi\u015fti. Fakat uykular\u0131 ka\u00e7maya ve t\u0131pk\u0131 annesi gibi g\u00fcn i\u00e7inde zaman bo\u015fluklar\u0131 ya\u015famaya ba\u015flad\u0131\u011f\u0131nda i\u015fler de\u011fi\u015fti. Emma, onu t\u00fcketen uykusuzlu\u011funun, t\u0131pk\u0131 ge\u00e7mi\u015fte b\u0131rakmak i\u00e7in y\u0131llarca \u00e7abalad\u0131\u011f\u0131 annesi gibi, yava\u015f yava\u015f akl\u0131n\u0131 kaybetti\u011finin bir i\u015fareti olmas\u0131ndan korkuyordu. Bu bulan\u0131k ve dengesiz h\u00e2linin sebebi ne olabilirdi? Yoksa ger\u00e7ekten de akl\u0131n\u0131 yitirmeye mi ba\u015flam\u0131\u015ft\u0131?  \u201cSarah Pinborough, sizi kendine hayran b\u0131rakacak.\u201d\u2014Harlan Coben\u201cPinborough\u2019nun en sevdi\u011fim kitab\u0131. S\u00fcrprizlerle dolu, ba\u015f d\u00f6nd\u00fcr\u00fcc\u00fc bir yolculuk sunuyor. Okurken ger\u00e7ek anlamda nefesimi tuttum. Son derece g\u00fc\u00e7l\u00fc bir kurgu. Kusursuz.\u201d\u2014Lucy Foley \u201cUstaca kurgulanm\u0131\u015f, merak uyand\u0131ran bir gerilim\u2026 Ayn\u0131 zamanda uykusuz bir zihnin zay\u0131flay\u0131p, ki\u015fiyi \u00f6l\u00fcmc\u00fcl bir ku\u015fkuya nas\u0131l s\u00fcr\u00fckleyebilece\u011finin son derece rahats\u0131z edici bir portresi.\u201d\u2014Washington Post\u201cKitab\u0131n ba\u015f karakteri Emma, ku\u015faklar aras\u0131 travmayla ba\u015f etmeye, i\u015f ve aile hayat\u0131 aras\u0131nda denge kurmaya \u00e7al\u0131\u015f\u0131rken, i\u00e7inde bulundu\u011fu durum tehlikeli ve \u00fcrpertici bir hik\u00e2yeye d\u00f6n\u00fc\u015f\u00fcyor. Uyku Yok, okurlara nefes kesici bir gerilim sunuyor.\u201d \u2014Entertainment Weekly<\/p>\n","protected":false},"excerpt":{"rendered":"<p>GECEN\u0130N DER\u0130NL\u0130\u011e\u0130NDE DEL\u0130L\u0130K PUSUDA BEKLER. Emma Averell ba\u015far\u0131l\u0131 bir avukatt\u0131, iki \u00e7ocu\u011fu ve harika bir e\u015fi vard\u0131 ancak hayat\u0131 her zaman bu kadar kusursuz olmam\u0131\u015ft\u0131. Hen\u00fcz<span class=\"excerpt-hellip\"> [\u2026]<\/span><\/p>\n","protected":false},"featured_media":0,"template":"","meta":{"_monsterinsights_skip_tracking":false,"_monsterinsights_sitenote_active":false,"_monsterinsights_sitenote_note":"","_monsterinsights_sitenote_category":0},"product_brand":[],"product_cat":[12291,17033],"product_tag":[],"class_list":{"0":"post-780958","1":"product","2":"type-product","3":"status-publish","5":"product_cat-edebiyat","6":"product_cat-korku-gerilim","7":"pa_cilt-ciltsiz","8":"pa_tur-kitap","9":"pa_yayinevi-yabanci-yayinevi","10":"pa_yazar-sarah-pinborough","12":"first","13":"instock","14":"sale","15":"shipping-taxable","16":"purchasable","17":"product-type-simple"},"_links":{"self":[{"href":"https:\/\/roveyayinevi.com.tr\/index.php\/wp-json\/wp\/v2\/product\/780958","targetHints":{"allow":["GET"]}}],"collection":[{"href":"https:\/\/roveyayinevi.com.tr\/index.php\/wp-json\/wp\/v2\/product"}],"about":[{"href":"https:\/\/roveyayinevi.com.tr\/index.php\/wp-json\/wp\/v2\/types\/product"}],"wp:attachment":[{"href":"https:\/\/roveyayinevi.com.tr\/index.php\/wp-json\/wp\/v2\/media?parent=780958"}],"wp:term":[{"taxonomy":"product_brand","embeddable":true,"href":"https:\/\/roveyayinevi.com.tr\/index.php\/wp-json\/wp\/v2\/product_brand?post=780958"},{"taxonomy":"product_cat","embeddable":true,"href":"https:\/\/roveyayinevi.com.tr\/index.php\/wp-json\/wp\/v2\/product_cat?post=780958"},{"taxonomy":"product_tag","embeddable":true,"href":"https:\/\/roveyayinevi.com.tr\/index.php\/wp-json\/wp\/v2\/product_tag?post=780958"}],"curies":[{"name":"wp","href":"https:\/\/api.w.org\/{rel}","templated":true}]}}