{"id":780957,"date":"2026-01-20T04:31:28","date_gmt":"2026-01-20T01:31:28","guid":{"rendered":"https:\/\/roveyayinevi.com.tr\/index.php\/urun\/icimizdeki-evren-bagirsak-mikrobiyomunun-gucu\/"},"modified":"2026-04-15T03:45:27","modified_gmt":"2026-04-15T00:45:27","slug":"icimizdeki-evren-bagirsak-mikrobiyomunun-gucu","status":"publish","type":"product","link":"https:\/\/roveyayinevi.com.tr\/index.php\/urun\/icimizdeki-evren-bagirsak-mikrobiyomunun-gucu\/","title":{"rendered":"\u0130\u00e7imizdeki Evren: Ba\u011f\u0131rsak Mikrobiyomunun G\u00fcc\u00fc"},"content":{"rendered":"<p>Su\u0308rekli yorgun, huzursuz ya da \u015fi\u015f hissediyor musunuz? Peki ya tu\u0308m bunlar\u0131n sebebi ba\u011f\u0131rsaklar\u0131n\u0131zdaki g\u00f6ru\u0308nmez bir salg\u0131n olsayd\u0131? Acaba ba\u011f\u0131rsak sa\u011fl\u0131\u011f\u0131n\u0131z du\u0308\u015fu\u0308ndu\u0308\u011fu\u0308nu\u0308zden daha m\u0131 \u00f6nemli? \u0130\u00e7imizdeki Evren, milyonlarca okurun hayat\u0131n\u0131 de\u011fi\u015ftiren Wheat Belly kitaplar\u0131n\u0131n yazar\u0131 Dr. William Davis\u2019ten ba\u011f\u0131rsaklar\u0131m\u0131z\u0131n gizli du\u0308nyas\u0131na yap\u0131lan \u00e7arp\u0131c\u0131 bir yolculuk. Davis, modern beslenme al\u0131\u015fkanl\u0131klar\u0131, pestisitler ve antibiyotiklerin, bedenimizin sa\u011fl\u0131kl\u0131 kalmas\u0131 i\u00e7in gerekli \u201ciyi bakterileri\u201d nas\u0131l yok etti\u011fini g\u00f6zler \u00f6nu\u0308ne seriyor. Bu sessiz y\u0131k\u0131m\u0131n sonucuysa, \u00e7o\u011fumuzun fark etmeden yakaland\u0131\u011f\u0131 SIBO (ince ba\u011f\u0131rsakta bakteri \u00e7o\u011falmas\u0131) salg\u0131n\u0131: Her u\u0308\u00e7 ki\u015fiden birini etkileyen, enerjiden ruh h\u00e2line kadar her \u015feyi altu\u0308st eden g\u00f6ru\u0308nmez bir du\u0308\u015fman. Dr. Davis, k\u00f6tu\u0308 bakterileri ortadan kald\u0131r\u0131p eksik olan \u201ciyi\u201d bakterileri geri kazanmak i\u00e7in d\u00f6rt haftal\u0131k bir program sunuyor. Bilimsel temellere dayanan bu program yaln\u0131zca hastal\u0131klar\u0131n k\u00f6kenine inmekle kalm\u0131yor; oksitosin (mutluluk hormonu) seviyelerini art\u0131r\u0131yor, zihinsel berrakl\u0131\u011f\u0131 destekliyor, ya\u015flanmay\u0131 yava\u015flat\u0131yor, kilo kontrolu\u0308nu\u0308 kolayla\u015ft\u0131r\u0131yor ve uyku kalitesini iyile\u015ftiriyor. K\u0131rktan fazla tarif, pratik planlar ve sade anlat\u0131m\u0131yla \u0130\u00e7imizdeki Evren, ba\u011f\u0131rsaklar\u0131n\u0131z\u0131 iyile\u015ftirmenin tu\u0308m ya\u015fam\u0131n\u0131z\u0131 nas\u0131l d\u00f6nu\u0308\u015ftu\u0308rebilece\u011fini g\u00f6zler \u00f6nu\u0308ne seriyor.<\/p>\n","protected":false},"excerpt":{"rendered":"<p>Su\u0308rekli yorgun, huzursuz ya da \u015fi\u015f hissediyor musunuz? Peki ya tu\u0308m bunlar\u0131n sebebi ba\u011f\u0131rsaklar\u0131n\u0131zdaki g\u00f6ru\u0308nmez bir salg\u0131n olsayd\u0131? Acaba ba\u011f\u0131rsak sa\u011fl\u0131\u011f\u0131n\u0131z du\u0308\u015fu\u0308ndu\u0308\u011fu\u0308nu\u0308zden daha m\u0131 \u00f6nemli? \u0130\u00e7imizdeki<span class=\"excerpt-hellip\"> [\u2026]<\/span><\/p>\n","protected":false},"featured_media":0,"template":"","meta":{"_monsterinsights_skip_tracking":false,"_monsterinsights_sitenote_active":false,"_monsterinsights_sitenote_note":"","_monsterinsights_sitenote_category":0},"product_brand":[],"product_cat":[13005,13006],"product_tag":[],"class_list":{"0":"post-780957","1":"product","2":"type-product","3":"status-publish","5":"product_cat-bilim-muhendislik","6":"product_cat-populer-bilim","7":"pa_cilt-ciltsiz","8":"pa_tur-kitap","9":"pa_yayinevi-nova-kitap","10":"pa_yazar-dr-william-davis","12":"first","13":"instock","14":"sale","15":"shipping-taxable","16":"purchasable","17":"product-type-simple"},"_links":{"self":[{"href":"https:\/\/roveyayinevi.com.tr\/index.php\/wp-json\/wp\/v2\/product\/780957","targetHints":{"allow":["GET"]}}],"collection":[{"href":"https:\/\/roveyayinevi.com.tr\/index.php\/wp-json\/wp\/v2\/product"}],"about":[{"href":"https:\/\/roveyayinevi.com.tr\/index.php\/wp-json\/wp\/v2\/types\/product"}],"wp:attachment":[{"href":"https:\/\/roveyayinevi.com.tr\/index.php\/wp-json\/wp\/v2\/media?parent=780957"}],"wp:term":[{"taxonomy":"product_brand","embeddable":true,"href":"https:\/\/roveyayinevi.com.tr\/index.php\/wp-json\/wp\/v2\/product_brand?post=780957"},{"taxonomy":"product_cat","embeddable":true,"href":"https:\/\/roveyayinevi.com.tr\/index.php\/wp-json\/wp\/v2\/product_cat?post=780957"},{"taxonomy":"product_tag","embeddable":true,"href":"https:\/\/roveyayinevi.com.tr\/index.php\/wp-json\/wp\/v2\/product_tag?post=780957"}],"curies":[{"name":"wp","href":"https:\/\/api.w.org\/{rel}","templated":true}]}}